{"id":964,"date":"2020-01-13T15:30:15","date_gmt":"2020-01-13T14:30:15","guid":{"rendered":"https:\/\/server03.blackpixel.se\/~hamilton\/produkt\/import-placeholder-for-635\/"},"modified":"2026-04-06T19:21:34","modified_gmt":"2026-04-06T17:21:34","slug":"card-frog-fly-groda-fluga","status":"publish","type":"product","link":"https:\/\/katarinahamilton.se\/sv\/produkt\/card-frog-fly-groda-fluga\/","title":{"rendered":"kort m kuvert: &#8220;Groda &#038; fluga&#8221;"},"content":{"rendered":"","protected":false},"excerpt":{"rendered":"<p class=\"p1\">Ett litet orange hj\u00e4rta fladdrar i luften. Den sammetsgr\u00f6na grodan ser glad ut. Kan det vara n\u00e5got f\u00f6r magen eller bara n\u00e5got vackert f\u00f6r \u00f6gonen, det kan man aldrig s\u00e5 noga veta.<\/p>\n<p class=\"p1\">\n","protected":false},"featured_media":368688,"comment_status":"open","ping_status":"closed","template":"","meta":{"_monsterinsights_skip_tracking":false,"_monsterinsights_sitenote_active":false,"_monsterinsights_sitenote_note":"","_monsterinsights_sitenote_category":0},"product_brand":[],"product_cat":[25],"product_tag":[267,864],"class_list":{"0":"post-964","1":"product","2":"type-product","3":"status-publish","4":"has-post-thumbnail","6":"price_cat-kort-a","7":"product_cat-kort-med-kuvert","8":"product_tag-amfibier","9":"product_tag-grodor","11":"first","12":"instock","13":"taxable","14":"shipping-taxable","15":"purchasable","16":"product-type-simple"},"_links":{"self":[{"href":"https:\/\/katarinahamilton.se\/sv\/wp-json\/wp\/v2\/product\/964","targetHints":{"allow":["GET"]}}],"collection":[{"href":"https:\/\/katarinahamilton.se\/sv\/wp-json\/wp\/v2\/product"}],"about":[{"href":"https:\/\/katarinahamilton.se\/sv\/wp-json\/wp\/v2\/types\/product"}],"replies":[{"embeddable":true,"href":"https:\/\/katarinahamilton.se\/sv\/wp-json\/wp\/v2\/comments?post=964"}],"wp:featuredmedia":[{"embeddable":true,"href":"https:\/\/katarinahamilton.se\/sv\/wp-json\/wp\/v2\/media\/368688"}],"wp:attachment":[{"href":"https:\/\/katarinahamilton.se\/sv\/wp-json\/wp\/v2\/media?parent=964"}],"wp:term":[{"taxonomy":"product_brand","embeddable":true,"href":"https:\/\/katarinahamilton.se\/sv\/wp-json\/wp\/v2\/product_brand?post=964"},{"taxonomy":"product_cat","embeddable":true,"href":"https:\/\/katarinahamilton.se\/sv\/wp-json\/wp\/v2\/product_cat?post=964"},{"taxonomy":"product_tag","embeddable":true,"href":"https:\/\/katarinahamilton.se\/sv\/wp-json\/wp\/v2\/product_tag?post=964"}],"curies":[{"name":"wp","href":"https:\/\/api.w.org\/{rel}","templated":true}]}}