{"id":957,"date":"2020-01-13T15:30:14","date_gmt":"2020-01-13T14:30:14","guid":{"rendered":"https:\/\/server03.blackpixel.se\/~hamilton\/produkt\/import-placeholder-for-621\/"},"modified":"2026-04-06T19:26:27","modified_gmt":"2026-04-06T17:26:27","slug":"art-print-chicken-hons","status":"publish","type":"product","link":"https:\/\/katarinahamilton.se\/sv\/produkt\/art-print-chicken-hons\/","title":{"rendered":"art print: &#8220;H\u00f6ns&#8221;"},"content":{"rendered":"","protected":false},"excerpt":{"rendered":"<p>H\u00e4r \u00e4r de samlade allihop, h\u00f6nan, tuppen och alla kycklingarna i ett riktigt familjeportr\u00e4tt!<\/p>\n<p>H\u00f6nsen p\u00e5 bilden \u00e4r av en lantras som heter Hedemorah\u00f6ns.<br \/>\nDe h\u00e4r h\u00f6nsen \u00e4r k\u00e4nda f\u00f6r sina granna och \u00f6verraskande f\u00e4rgvariationer s\u00e5 n\u00e4r kycklingarna kl\u00e4cks \u00e4r de allt fr\u00e5n helvita till helsvarta och allt d\u00e4remellan. Med sin extra t\u00e4ta fj\u00e4derdr\u00e4kt \u00e4r de v\u00e4l rustade f\u00f6r kallare klimat. Rasen har en l\u00e5ng historia, bland annat har de varit en traditionell och uppskattad br\u00f6llops-g\u00e5va i Dalarna, f\u00f6r de \u00e4r ju inte bara vackra, de v\u00e4rper gott om \u00e4gg ocks\u00e5.<\/p>\n<p>\u00a9 Katarina Hamilton<\/p>\n","protected":false},"featured_media":0,"comment_status":"open","ping_status":"closed","template":"","meta":{"_monsterinsights_skip_tracking":false,"_monsterinsights_sitenote_active":false,"_monsterinsights_sitenote_note":"","_monsterinsights_sitenote_category":0},"product_brand":[],"product_cat":[81,611],"product_tag":[312,869,581,857,858],"class_list":{"0":"post-957","1":"product","2":"type-product","3":"status-publish","5":"price_cat-art-print","6":"product_cat-art-print","7":"product_cat-interior_accessories","8":"product_tag-baby","9":"product_tag-animals","10":"product_tag-birds","11":"product_tag-farming","12":"product_tag-native-breed","14":"first","15":"instock","16":"taxable","17":"shipping-taxable","18":"purchasable","19":"product-type-simple"},"_links":{"self":[{"href":"https:\/\/katarinahamilton.se\/sv\/wp-json\/wp\/v2\/product\/957","targetHints":{"allow":["GET"]}}],"collection":[{"href":"https:\/\/katarinahamilton.se\/sv\/wp-json\/wp\/v2\/product"}],"about":[{"href":"https:\/\/katarinahamilton.se\/sv\/wp-json\/wp\/v2\/types\/product"}],"replies":[{"embeddable":true,"href":"https:\/\/katarinahamilton.se\/sv\/wp-json\/wp\/v2\/comments?post=957"}],"wp:attachment":[{"href":"https:\/\/katarinahamilton.se\/sv\/wp-json\/wp\/v2\/media?parent=957"}],"wp:term":[{"taxonomy":"product_brand","embeddable":true,"href":"https:\/\/katarinahamilton.se\/sv\/wp-json\/wp\/v2\/product_brand?post=957"},{"taxonomy":"product_cat","embeddable":true,"href":"https:\/\/katarinahamilton.se\/sv\/wp-json\/wp\/v2\/product_cat?post=957"},{"taxonomy":"product_tag","embeddable":true,"href":"https:\/\/katarinahamilton.se\/sv\/wp-json\/wp\/v2\/product_tag?post=957"}],"curies":[{"name":"wp","href":"https:\/\/api.w.org\/{rel}","templated":true}]}}