{"id":936,"date":"2020-01-13T15:30:08","date_gmt":"2020-01-13T14:30:08","guid":{"rendered":"https:\/\/server03.blackpixel.se\/~hamilton\/produkt\/import-placeholder-for-596\/"},"modified":"2026-04-06T19:36:58","modified_gmt":"2026-04-06T17:36:58","slug":"card-women-writers-nobel-prize-literature","status":"publish","type":"product","link":"https:\/\/katarinahamilton.se\/sv\/produkt\/card-women-writers-nobel-prize-literature\/","title":{"rendered":"kort m kuvert: &#8220;Kvinnliga Nobelpristagarna i Litteratur 1901-2024&#8243;"},"content":{"rendered":"","protected":false},"excerpt":{"rendered":"<p>Kompositionen med f\u00f6rfattarinnorna som erh\u00e5llit Nobelpriset i Litteratur ritades i sin f\u00f6rsta version 2015. I den h\u00e4r versionen finns 2024 \u00e5rs litteraturpristagare Han Kang med p\u00e5 en egen plats med fyra av sina boktitlar p\u00e5 originalspr\u00e5k.<\/p>\n<p>Samtliga kvinnliga litteraturpristagare fram till och med 2024:<br \/>\n\u00e5rtal f\u00f6r prisets utdelande, namn, f\u00f6deles\u00e5r och respektive hemland:<\/p>\n<p>2024 Han Kang *1970 Sydkorea<br \/>\n2022\u00a0 Annie Ernaux\u00a0 *1940 \u00a0 Frankrike<br \/>\n2020 Louise Glu\u0308ck\u00a0 \u00a0*1943 \u00a0 USA<br \/>\n2018 Olga Tokarczuk *1962\u00a0 Polen<br \/>\n2015 Svetlana Alexievich *1948\u00a0 Vitryssland<br \/>\n2013 Alice Munro *1931 Kanada<br \/>\n2009 Herta Mu\u0308ller *1953 Rum\u00e4nien och Tyskland<br \/>\n2007 Doris Lessing *1919 \u00a0 Persien and Storbritannien<br \/>\n2004 Elfriede Jelinek *1946 \u00d6sterrike<br \/>\n1996 Wis\u0142awa Szymborska *1923\u00a0 \u00a0Polen<br \/>\n1993 Toni Morrison *1031 USA<br \/>\n1991 Nadine Gordimer *1923 Sydafrika<br \/>\n1966 Nelly Sachs *1891 \u00a0 Tyskland och Sverige<br \/>\n1945 Gabriela Mistral *1889 \u00a0 Chile<br \/>\n1938 Pearl Buck *1892 \u00a0 Kina och USA<br \/>\n1928 Sigrid Undset *1882 Norge<br \/>\n1926 Grazia Deledda *1871 \u00a0 Italien<br \/>\n1909 Selma Lagerlo\u0308f *1858 Sverige<\/p>\n","protected":false},"featured_media":369737,"comment_status":"open","ping_status":"closed","template":"","meta":{"_monsterinsights_skip_tracking":false,"_monsterinsights_sitenote_active":false,"_monsterinsights_sitenote_note":"","_monsterinsights_sitenote_category":0},"product_brand":[],"product_cat":[25],"product_tag":[613,615,84,93,271],"class_list":{"0":"post-936","1":"product","2":"type-product","3":"status-publish","4":"has-post-thumbnail","6":"price_cat-kort-a","7":"product_cat-kort-med-kuvert","8":"product_tag-authors","9":"product_tag-women","10":"product_tag-literature","11":"product_tag-nobelprize","12":"product_tag-sweden","14":"first","15":"instock","16":"taxable","17":"shipping-taxable","18":"purchasable","19":"product-type-simple"},"_links":{"self":[{"href":"https:\/\/katarinahamilton.se\/sv\/wp-json\/wp\/v2\/product\/936","targetHints":{"allow":["GET"]}}],"collection":[{"href":"https:\/\/katarinahamilton.se\/sv\/wp-json\/wp\/v2\/product"}],"about":[{"href":"https:\/\/katarinahamilton.se\/sv\/wp-json\/wp\/v2\/types\/product"}],"replies":[{"embeddable":true,"href":"https:\/\/katarinahamilton.se\/sv\/wp-json\/wp\/v2\/comments?post=936"}],"wp:featuredmedia":[{"embeddable":true,"href":"https:\/\/katarinahamilton.se\/sv\/wp-json\/wp\/v2\/media\/369737"}],"wp:attachment":[{"href":"https:\/\/katarinahamilton.se\/sv\/wp-json\/wp\/v2\/media?parent=936"}],"wp:term":[{"taxonomy":"product_brand","embeddable":true,"href":"https:\/\/katarinahamilton.se\/sv\/wp-json\/wp\/v2\/product_brand?post=936"},{"taxonomy":"product_cat","embeddable":true,"href":"https:\/\/katarinahamilton.se\/sv\/wp-json\/wp\/v2\/product_cat?post=936"},{"taxonomy":"product_tag","embeddable":true,"href":"https:\/\/katarinahamilton.se\/sv\/wp-json\/wp\/v2\/product_tag?post=936"}],"curies":[{"name":"wp","href":"https:\/\/api.w.org\/{rel}","templated":true}]}}