{"id":929,"date":"2020-01-13T15:30:08","date_gmt":"2020-01-13T14:30:08","guid":{"rendered":"https:\/\/server03.blackpixel.se\/~hamilton\/produkt\/import-placeholder-for-589\/"},"modified":"2026-04-06T19:40:41","modified_gmt":"2026-04-06T17:40:41","slug":"card-little-lovebud-lilla-busfro","status":"publish","type":"product","link":"https:\/\/katarinahamilton.se\/sv\/produkt\/card-little-lovebud-lilla-busfro\/","title":{"rendered":"kort m kuvert: &#8220;Lilla Busfr\u00f6&#8221;"},"content":{"rendered":"","protected":false},"excerpt":{"rendered":"<h4 class=\"p1\"><span class=\"s1\">Lilla Busfr\u00f6<\/span><\/h4>\n<p>Hej lilla Busfr\u00f6, vad jag l\u00e4ngtat efter Dig,<br \/>\nDu, lilla Busfr\u00f6, \u00e4r ett underverk f\u00f6r mig!<\/p>\n<p>Allra h\u00e4rligaste fr\u00f6na gror n\u00e4r vi ler<br \/>\noch de Du sen tror p\u00e5 i ditt hj\u00e4rta b\u00f6rjar spira.<br \/>\n\u00c5h vad Du och jag f\u00e5r ha det bra,<br \/>\nvi kan le, se solen och andas.<br \/>\nVi kan dansa.<br \/>\nH\u00e4r f\u00e5r du en kram.<\/p>\n<p>\u00c5h, lilla Busfr\u00f6, vad jag l\u00e4ngtat efter Dig!<br \/>\nDu, lilla Busfr\u00f6, \u00e4r ett underverk f\u00f6r mig.<\/p>\n<p class=\"p1\">\/text och illustration av K Hamilton.<\/p>\n","protected":false},"featured_media":368758,"comment_status":"open","ping_status":"closed","template":"","meta":{"_monsterinsights_skip_tracking":false,"_monsterinsights_sitenote_active":false,"_monsterinsights_sitenote_note":"","_monsterinsights_sitenote_category":0},"product_brand":[],"product_cat":[25],"product_tag":[312,354,624,689,581,606,630,703,658],"class_list":{"0":"post-929","1":"product","2":"type-product","3":"status-publish","4":"has-post-thumbnail","6":"price_cat-kort-a","7":"product_cat-kort-med-kuvert","8":"product_tag-baby","9":"product_tag-children","10":"product_tag-flowers","11":"product_tag-christianing","12":"product_tag-birds","13":"product_tag-love","14":"product_tag-summer","15":"product_tag-lyrics","16":"product_tag-garden","18":"first","19":"instock","20":"taxable","21":"shipping-taxable","22":"purchasable","23":"product-type-simple"},"_links":{"self":[{"href":"https:\/\/katarinahamilton.se\/sv\/wp-json\/wp\/v2\/product\/929","targetHints":{"allow":["GET"]}}],"collection":[{"href":"https:\/\/katarinahamilton.se\/sv\/wp-json\/wp\/v2\/product"}],"about":[{"href":"https:\/\/katarinahamilton.se\/sv\/wp-json\/wp\/v2\/types\/product"}],"replies":[{"embeddable":true,"href":"https:\/\/katarinahamilton.se\/sv\/wp-json\/wp\/v2\/comments?post=929"}],"wp:featuredmedia":[{"embeddable":true,"href":"https:\/\/katarinahamilton.se\/sv\/wp-json\/wp\/v2\/media\/368758"}],"wp:attachment":[{"href":"https:\/\/katarinahamilton.se\/sv\/wp-json\/wp\/v2\/media?parent=929"}],"wp:term":[{"taxonomy":"product_brand","embeddable":true,"href":"https:\/\/katarinahamilton.se\/sv\/wp-json\/wp\/v2\/product_brand?post=929"},{"taxonomy":"product_cat","embeddable":true,"href":"https:\/\/katarinahamilton.se\/sv\/wp-json\/wp\/v2\/product_cat?post=929"},{"taxonomy":"product_tag","embeddable":true,"href":"https:\/\/katarinahamilton.se\/sv\/wp-json\/wp\/v2\/product_tag?post=929"}],"curies":[{"name":"wp","href":"https:\/\/api.w.org\/{rel}","templated":true}]}}