{"id":924,"date":"2020-01-13T15:30:08","date_gmt":"2020-01-13T14:30:08","guid":{"rendered":"https:\/\/server03.blackpixel.se\/~hamilton\/produkt\/import-placeholder-for-1223\/"},"modified":"2026-04-06T19:43:05","modified_gmt":"2026-04-06T17:43:05","slug":"tray-moss-mossa","status":"publish","type":"product","link":"https:\/\/katarinahamilton.se\/sv\/produkt\/tray-moss-mossa\/","title":{"rendered":"bricka 32x32cm: &#8220;MOSSA&#8221;"},"content":{"rendered":"","protected":false},"excerpt":{"rendered":"<p>En bit \u00e4kta skogsk\u00e4nsla att ha p\u00e5 bordet, utan att det skr\u00e4par. Allt blir vackert p\u00e5 den h\u00e4r mossbrickan. Prova.\u00a0 En bricka med gr\u00f6n naturlig k\u00e4nsla.<\/p>\n<p>&#8220;Med riktig mossa som l\u00e4rom\u00e4stare har jag skissat i \u00e5ratal f\u00f6r att hitta hur mossan f\u00e5r sitt mossiga utseende. Ibland har en liten bit mossa f\u00e5tt f\u00f6lja med hem f\u00f6r att ligga i en sk\u00e5l p\u00e5 bordet. Men husets katt, Nelson, \u00e4lskar att rycka iv\u00e4g moss-bitarna och leka med dem&#8230; Den h\u00e4r brickan har l\u00f6st det problemet. Moss-k\u00e4nslan finns d\u00e4r och jag slipper st\u00e4da moss-skr\u00e4p.&#8221;\u00a0 \u00a0\/Katarina H<\/p>\n<p>&nbsp;<\/p>\n","protected":false},"featured_media":679,"comment_status":"open","ping_status":"closed","template":"","meta":{"_monsterinsights_skip_tracking":false,"_monsterinsights_sitenote_active":false,"_monsterinsights_sitenote_note":"","_monsterinsights_sitenote_category":0},"product_brand":[],"product_cat":[633,611,619],"product_tag":[879,859,658,840],"class_list":{"0":"post-924","1":"product","2":"type-product","3":"status-publish","4":"has-post-thumbnail","6":"price_cat-bricka-32x32","7":"product_cat-trays","8":"product_cat-interior_accessories","9":"product_cat-kitchen_and_table","10":"product_tag-green","11":"product_tag-black","12":"product_tag-garden","13":"product_tag-wilderness","15":"first","16":"instock","17":"taxable","18":"shipping-taxable","19":"purchasable","20":"product-type-simple"},"_links":{"self":[{"href":"https:\/\/katarinahamilton.se\/sv\/wp-json\/wp\/v2\/product\/924","targetHints":{"allow":["GET"]}}],"collection":[{"href":"https:\/\/katarinahamilton.se\/sv\/wp-json\/wp\/v2\/product"}],"about":[{"href":"https:\/\/katarinahamilton.se\/sv\/wp-json\/wp\/v2\/types\/product"}],"replies":[{"embeddable":true,"href":"https:\/\/katarinahamilton.se\/sv\/wp-json\/wp\/v2\/comments?post=924"}],"wp:featuredmedia":[{"embeddable":true,"href":"https:\/\/katarinahamilton.se\/sv\/wp-json\/wp\/v2\/media\/679"}],"wp:attachment":[{"href":"https:\/\/katarinahamilton.se\/sv\/wp-json\/wp\/v2\/media?parent=924"}],"wp:term":[{"taxonomy":"product_brand","embeddable":true,"href":"https:\/\/katarinahamilton.se\/sv\/wp-json\/wp\/v2\/product_brand?post=924"},{"taxonomy":"product_cat","embeddable":true,"href":"https:\/\/katarinahamilton.se\/sv\/wp-json\/wp\/v2\/product_cat?post=924"},{"taxonomy":"product_tag","embeddable":true,"href":"https:\/\/katarinahamilton.se\/sv\/wp-json\/wp\/v2\/product_tag?post=924"}],"curies":[{"name":"wp","href":"https:\/\/api.w.org\/{rel}","templated":true}]}}