{"id":915,"date":"2020-01-13T15:30:01","date_gmt":"2020-01-13T14:30:01","guid":{"rendered":"https:\/\/server03.blackpixel.se\/~hamilton\/produkt\/import-placeholder-for-576\/"},"modified":"2026-04-06T19:46:56","modified_gmt":"2026-04-06T17:46:56","slug":"card-mountain-rabbit-skogshare","status":"publish","type":"product","link":"https:\/\/katarinahamilton.se\/sv\/produkt\/card-mountain-rabbit-skogshare\/","title":{"rendered":"kort m kuvert: &#8220;Skogshare&#8221;"},"content":{"rendered":"","protected":false},"excerpt":{"rendered":"<p class=\"p1\">Skogsharen har funnits naturligt i Skandinavien i \u00e5rtusenden men n\u00e4r f\u00e4ltharen planterades in fr\u00e5n Tyskland i slutet av 1800-talet blev tillvaron lite sv\u00e5rare f\u00f6r skogsharen och den \u00e4r inte lika vanlig l\u00e4ngre. Skogsharen har n\u00e5got mindre \u00f6ron \u00e4n f\u00e4ltharen och byter fr\u00e5n bl\u00e5gr\u00e5brun sommarp\u00e4ls till vit p\u00e4ls till vinters\u00e4songen.<\/p>\n<p class=\"p1\">\n","protected":false},"featured_media":368681,"comment_status":"open","ping_status":"closed","template":"","meta":{"_monsterinsights_skip_tracking":false,"_monsterinsights_sitenote_active":false,"_monsterinsights_sitenote_note":"","_monsterinsights_sitenote_category":0},"product_brand":[],"product_cat":[25],"product_tag":[354,704,869,677,678,840],"class_list":{"0":"post-915","1":"product","2":"type-product","3":"status-publish","4":"has-post-thumbnail","6":"price_cat-kort-a","7":"product_cat-kort-med-kuvert","8":"product_tag-children","9":"product_tag-brown","10":"product_tag-animals","11":"product_tag-grey","12":"product_tag-easter","13":"product_tag-wilderness","15":"first","16":"instock","17":"taxable","18":"shipping-taxable","19":"purchasable","20":"product-type-simple"},"_links":{"self":[{"href":"https:\/\/katarinahamilton.se\/sv\/wp-json\/wp\/v2\/product\/915","targetHints":{"allow":["GET"]}}],"collection":[{"href":"https:\/\/katarinahamilton.se\/sv\/wp-json\/wp\/v2\/product"}],"about":[{"href":"https:\/\/katarinahamilton.se\/sv\/wp-json\/wp\/v2\/types\/product"}],"replies":[{"embeddable":true,"href":"https:\/\/katarinahamilton.se\/sv\/wp-json\/wp\/v2\/comments?post=915"}],"wp:featuredmedia":[{"embeddable":true,"href":"https:\/\/katarinahamilton.se\/sv\/wp-json\/wp\/v2\/media\/368681"}],"wp:attachment":[{"href":"https:\/\/katarinahamilton.se\/sv\/wp-json\/wp\/v2\/media?parent=915"}],"wp:term":[{"taxonomy":"product_brand","embeddable":true,"href":"https:\/\/katarinahamilton.se\/sv\/wp-json\/wp\/v2\/product_brand?post=915"},{"taxonomy":"product_cat","embeddable":true,"href":"https:\/\/katarinahamilton.se\/sv\/wp-json\/wp\/v2\/product_cat?post=915"},{"taxonomy":"product_tag","embeddable":true,"href":"https:\/\/katarinahamilton.se\/sv\/wp-json\/wp\/v2\/product_tag?post=915"}],"curies":[{"name":"wp","href":"https:\/\/api.w.org\/{rel}","templated":true}]}}