{"id":912,"date":"2020-01-13T15:30:01","date_gmt":"2020-01-13T14:30:01","guid":{"rendered":"https:\/\/server03.blackpixel.se\/~hamilton\/produkt\/import-placeholder-for-1103-129\/"},"modified":"2026-04-06T19:48:28","modified_gmt":"2026-04-06T17:48:28","slug":"card-bell-frog-klockgroda","status":"publish","type":"product","link":"https:\/\/katarinahamilton.se\/sv\/produkt\/card-bell-frog-klockgroda\/","title":{"rendered":"kort m kuvert: &#8220;Klockgroda&#8221;"},"content":{"rendered":"","protected":false},"excerpt":{"rendered":"<p class=\"p1\">Klockgrodan &#8220;sjunger&#8221; med klangfulla klock-liknande toner under v\u00e5ren och sommaren. Ryggen \u00e4r r\u00e4tt oansenlig, brun och v\u00e5rtig, medan undersidan (som den visar i det h\u00e4r portr\u00e4ttet) har sp\u00e4nnande m\u00f6nster i orange.<\/p>\n<p class=\"p1\">\n","protected":false},"featured_media":368683,"comment_status":"open","ping_status":"closed","template":"","meta":{"_monsterinsights_skip_tracking":false,"_monsterinsights_sitenote_active":false,"_monsterinsights_sitenote_note":"","_monsterinsights_sitenote_category":0},"product_brand":[],"product_cat":[25],"product_tag":[267,381,869,864,41,646,840],"class_list":{"0":"post-912","1":"product","2":"type-product","3":"status-publish","4":"has-post-thumbnail","6":"price_cat-kort-a","7":"product_cat-kort-med-kuvert","8":"product_tag-amfibier","9":"product_tag-beige","10":"product_tag-animals","11":"product_tag-grodor","12":"product_tag-orange","13":"product_tag-waters","14":"product_tag-wilderness","16":"first","17":"instock","18":"taxable","19":"shipping-taxable","20":"purchasable","21":"product-type-simple"},"_links":{"self":[{"href":"https:\/\/katarinahamilton.se\/sv\/wp-json\/wp\/v2\/product\/912","targetHints":{"allow":["GET"]}}],"collection":[{"href":"https:\/\/katarinahamilton.se\/sv\/wp-json\/wp\/v2\/product"}],"about":[{"href":"https:\/\/katarinahamilton.se\/sv\/wp-json\/wp\/v2\/types\/product"}],"replies":[{"embeddable":true,"href":"https:\/\/katarinahamilton.se\/sv\/wp-json\/wp\/v2\/comments?post=912"}],"wp:featuredmedia":[{"embeddable":true,"href":"https:\/\/katarinahamilton.se\/sv\/wp-json\/wp\/v2\/media\/368683"}],"wp:attachment":[{"href":"https:\/\/katarinahamilton.se\/sv\/wp-json\/wp\/v2\/media?parent=912"}],"wp:term":[{"taxonomy":"product_brand","embeddable":true,"href":"https:\/\/katarinahamilton.se\/sv\/wp-json\/wp\/v2\/product_brand?post=912"},{"taxonomy":"product_cat","embeddable":true,"href":"https:\/\/katarinahamilton.se\/sv\/wp-json\/wp\/v2\/product_cat?post=912"},{"taxonomy":"product_tag","embeddable":true,"href":"https:\/\/katarinahamilton.se\/sv\/wp-json\/wp\/v2\/product_tag?post=912"}],"curies":[{"name":"wp","href":"https:\/\/api.w.org\/{rel}","templated":true}]}}