{"id":901,"date":"2020-01-13T15:30:00","date_gmt":"2020-01-13T14:30:00","guid":{"rendered":"https:\/\/server03.blackpixel.se\/~hamilton\/produkt\/import-placeholder-for-506\/"},"modified":"2026-04-06T19:54:28","modified_gmt":"2026-04-06T17:54:28","slug":"card-swedish-women-composers-svenska-kvinnliga-tonsattare","status":"publish","type":"product","link":"https:\/\/katarinahamilton.se\/sv\/produkt\/card-swedish-women-composers-svenska-kvinnliga-tonsattare\/","title":{"rendered":"kort m kuvert: &#8220;Svenska Kvinnliga Tons\u00e4ttare&#8221;"},"content":{"rendered":"","protected":false},"excerpt":{"rendered":"<p class=\"p1\"><span class=\"s1\">card #240 \u00a0&#8220;Swedish Women Composers&#8221; \/ &#8220;Svenska Kvinnliga Tons\u00e4ttare&#8221;<\/span><\/p>\n<p>Sjutton Svenska kvinnliga tons\u00e4ttare fr\u00e5n 1800-talet fram till nutid, ett urval, portr\u00e4tterade tillsammans med n\u00e5gra av sina favoritinstrument.<\/p>\n<div class=\"page\" title=\"Page 1\">\n<div class=\"section\">\n<div class=\"layoutArea\">\n<div class=\"column\">\n<p>Laura \u201cLAGO\u201d Netzel (1839-1927) Rantasalmi, Finland \u00a0 \u2022\u00a0 \u00a0 Ingeborg von Bronsart (1840-1913) S:t Petersburg, Ryssland\u00a0 \u00a0\u2022\u00a0 \u00a0 Elfrida Andre\u0301e (1841\u22121929) Visby \u00a0 \u2022\u00a0 \u00a0 Helena Munktell (1852-1919), Grycksbo \u00a0 \u2022\u00a0 \u00a0 Amanda Maier-Ro\u0308ntgen (1853-1894), Landskrona \u00a0 \u2022\u00a0 \u00a0 Valborg Aulin (1860-1928), Ga\u0308vle \u00a0 \u2022\u00a0 \u00a0 Alice Tegne\u0301r (1864-1943), Karlshamn \u00a0 \u2022\u00a0 \u00a0 Helfrid Lambert (1868-1954), Stockholm \u00a0 \u2022\u00a0 \u00a0 Sara Wennerberg Reuter (1874-1959), Otterstad\u00a0 \u00a0 \u2022\u00a0 \u00a0 Elisabeth Huselius-Wickter (1901 &#8211; 1965), Trollha\u0308ttan\u00a0 \u00a0 \u2022\u00a0 \u00a0 Kai Gullmar [Gurli M Bergstro\u0308m](1905-1982), Sundsvall\u00a0 \u00a0\u2022\u00a0 \u00a0Dorcas Norre (1911-1985), Malmberget\u00a0 \u00a0\u2022\u00a0 \u00a0Carin Malmlo\u0308f-Forssling (1916-2005), Ga\u0308vle\u00a0 \u00a0\u2022\u00a0 \u00a0Margareta Hallin (1931-2020), Karlskoga\u00a0 \u00a0\u2022\u00a0 \u00a0Monica Dominique (1940-), Va\u0308stera\u030as\u00a0 \u00a0\u2022\u00a0 \u00a0Karin Rehnqvist (1957-), Stockholm\u00a0 \u00a0\u2022\u00a0 \u00a0Catharina Backman (1961-), Stockholm<\/p>\n<\/div>\n<\/div>\n<\/div>\n<\/div>\n<p class=\"p1\">Dubbelt kort 15x15cm, med kuvert. B\u00e5de kort och kuvert \u00e4r tillverkade av papperskvalit\u00e9n &#8220;Munken Lynx&#8221; fr\u00e5n pappersbruket i Munkedal. Korten trycks i G\u00f6teborg och \u00e4r Svanen-m\u00e4rkta.<\/p>\n<p class=\"p1\">Cellofan-ficka till korten finns att best\u00e4lla separat.<\/p>\n","protected":false},"featured_media":48776,"comment_status":"open","ping_status":"closed","template":"","meta":{"_monsterinsights_skip_tracking":false,"_monsterinsights_sitenote_active":false,"_monsterinsights_sitenote_note":"","_monsterinsights_sitenote_category":0},"product_brand":[],"product_cat":[25],"product_tag":[615,910,271,251],"class_list":{"0":"post-901","1":"product","2":"type-product","3":"status-publish","4":"has-post-thumbnail","6":"price_cat-kort-a","7":"product_cat-kort-med-kuvert","8":"product_tag-women","9":"product_tag-music","10":"product_tag-sweden","11":"product_tag-composers","13":"first","14":"instock","15":"taxable","16":"shipping-taxable","17":"purchasable","18":"product-type-simple"},"_links":{"self":[{"href":"https:\/\/katarinahamilton.se\/sv\/wp-json\/wp\/v2\/product\/901","targetHints":{"allow":["GET"]}}],"collection":[{"href":"https:\/\/katarinahamilton.se\/sv\/wp-json\/wp\/v2\/product"}],"about":[{"href":"https:\/\/katarinahamilton.se\/sv\/wp-json\/wp\/v2\/types\/product"}],"replies":[{"embeddable":true,"href":"https:\/\/katarinahamilton.se\/sv\/wp-json\/wp\/v2\/comments?post=901"}],"wp:featuredmedia":[{"embeddable":true,"href":"https:\/\/katarinahamilton.se\/sv\/wp-json\/wp\/v2\/media\/48776"}],"wp:attachment":[{"href":"https:\/\/katarinahamilton.se\/sv\/wp-json\/wp\/v2\/media?parent=901"}],"wp:term":[{"taxonomy":"product_brand","embeddable":true,"href":"https:\/\/katarinahamilton.se\/sv\/wp-json\/wp\/v2\/product_brand?post=901"},{"taxonomy":"product_cat","embeddable":true,"href":"https:\/\/katarinahamilton.se\/sv\/wp-json\/wp\/v2\/product_cat?post=901"},{"taxonomy":"product_tag","embeddable":true,"href":"https:\/\/katarinahamilton.se\/sv\/wp-json\/wp\/v2\/product_tag?post=901"}],"curies":[{"name":"wp","href":"https:\/\/api.w.org\/{rel}","templated":true}]}}