{"id":893,"date":"2020-01-13T15:29:59","date_gmt":"2020-01-13T14:29:59","guid":{"rendered":"https:\/\/server03.blackpixel.se\/~hamilton\/produkt\/import-placeholder-for-493\/"},"modified":"2026-04-06T19:58:16","modified_gmt":"2026-04-06T17:58:16","slug":"tray-hop-plant-round-o-31cm-_-on-black","status":"publish","type":"product","link":"https:\/\/katarinahamilton.se\/sv\/produkt\/tray-hop-plant-round-o-31cm-_-on-black\/","title":{"rendered":"bricka: &#8220;Humle&#8221; \u00d8 31cm"},"content":{"rendered":"","protected":false},"excerpt":{"rendered":"<p>bricka: &#8220;Humle&#8221; p\u00e5 svart botten, rund, diameter 31 cm<\/p>\n<p>Humle \u00e4r en kl\u00e4tterv\u00e4xt som odlats i mer \u00e4n tusen \u00e5r f\u00f6r de lugnande, lindrande och antibakteriella \u00e4mnen som finns i honblommorna, &#8220;humlekottarna&#8221;. Humle \u00e4r en huvudingrediens i \u00f6lframst\u00e4llning.<\/p>\n<p>Den h\u00e4r brickan \u00e4r ett milj\u00f6v\u00e4nligt hantverk utf\u00f6rt i skandinavisk bj\u00f6rkfan\u00e9r av Formpress p\u00e5 \u00d6land.<\/p>\n<p>T\u00e5l maskindisk upp till 95\u00b0 C.<\/p>\n","protected":false},"featured_media":1776,"comment_status":"open","ping_status":"closed","template":"","meta":{"_monsterinsights_skip_tracking":false,"_monsterinsights_sitenote_active":false,"_monsterinsights_sitenote_note":"","_monsterinsights_sitenote_category":0},"product_brand":[],"product_cat":[633,611,619],"product_tag":[599,899,1155,857,859,658,840],"class_list":{"0":"post-893","1":"product","2":"type-product","3":"status-publish","4":"has-post-thumbnail","6":"price_cat-bricka-31","7":"product_cat-trays","8":"product_cat-interior_accessories","9":"product_cat-kitchen_and_table","10":"product_tag-edibles","11":"product_tag-fathers-day","12":"product_tag-autumn","13":"product_tag-farming","14":"product_tag-black","15":"product_tag-garden","16":"product_tag-wilderness","18":"first","19":"instock","20":"taxable","21":"shipping-taxable","22":"purchasable","23":"product-type-simple"},"_links":{"self":[{"href":"https:\/\/katarinahamilton.se\/sv\/wp-json\/wp\/v2\/product\/893","targetHints":{"allow":["GET"]}}],"collection":[{"href":"https:\/\/katarinahamilton.se\/sv\/wp-json\/wp\/v2\/product"}],"about":[{"href":"https:\/\/katarinahamilton.se\/sv\/wp-json\/wp\/v2\/types\/product"}],"replies":[{"embeddable":true,"href":"https:\/\/katarinahamilton.se\/sv\/wp-json\/wp\/v2\/comments?post=893"}],"wp:featuredmedia":[{"embeddable":true,"href":"https:\/\/katarinahamilton.se\/sv\/wp-json\/wp\/v2\/media\/1776"}],"wp:attachment":[{"href":"https:\/\/katarinahamilton.se\/sv\/wp-json\/wp\/v2\/media?parent=893"}],"wp:term":[{"taxonomy":"product_brand","embeddable":true,"href":"https:\/\/katarinahamilton.se\/sv\/wp-json\/wp\/v2\/product_brand?post=893"},{"taxonomy":"product_cat","embeddable":true,"href":"https:\/\/katarinahamilton.se\/sv\/wp-json\/wp\/v2\/product_cat?post=893"},{"taxonomy":"product_tag","embeddable":true,"href":"https:\/\/katarinahamilton.se\/sv\/wp-json\/wp\/v2\/product_tag?post=893"}],"curies":[{"name":"wp","href":"https:\/\/api.w.org\/{rel}","templated":true}]}}