{"id":891,"date":"2020-01-13T15:29:59","date_gmt":"2020-01-13T14:29:59","guid":{"rendered":"https:\/\/server03.blackpixel.se\/~hamilton\/produkt\/import-placeholder-for-488\/"},"modified":"2026-04-06T19:58:43","modified_gmt":"2026-04-06T17:58:43","slug":"tray-swedish-fika-go-fika-_-round-o-31cm","status":"publish","type":"product","link":"https:\/\/katarinahamilton.se\/sv\/produkt\/tray-swedish-fika-go-fika-_-round-o-31cm\/","title":{"rendered":"bricka \u00d8 31cm:  &#8220;Go-Fika&#8221;"},"content":{"rendered":"","protected":false},"excerpt":{"rendered":"<p>En riktig kalasbricka &#8211; \u201cGo-FIKA\u201d &#8211; rund och n\u00e4tt \u00d8 31 cm &#8211; med tolv klassiska svenska bakelser &amp; kakor f\u00f6r alla sorters saft- te- kaffe- och varm choklad- stunder, under \u00e4ppeltr\u00e4det, p\u00e5 verandan, p\u00e5 kontoret eller vid brasan en regnig dag (eller n\u00e4r det sn\u00f6ar, f\u00f6rst\u00e5s).<\/p>\n<p>De olika bakverken p\u00e5 brickan \u00e4r:<br \/>\nPrinsesst\u00e5rta \u2022 Budapest \u2022 Brysselkex \u2022 Finsk Pinne \u2022 K\u00e4rleksmums \u2022 Struva \u2022 Dammsugare \u2022 Napoleonbakelse \u2022 Sarah Bernhard Biscuit \u2022 Schackrutor \u2022 Dr\u00f6m \u2022 Hallongrotta<\/p>\n<p>Koppen med kaffe latte i p\u00e5 en av bilderna \u00e4r en flitigt anv\u00e4nd ovanlig vintage kopp fr\u00e5n Laura Ashley.<\/p>\n","protected":false},"featured_media":368993,"comment_status":"open","ping_status":"closed","template":"","meta":{"_monsterinsights_skip_tracking":false,"_monsterinsights_sitenote_active":false,"_monsterinsights_sitenote_note":"","_monsterinsights_sitenote_category":0},"product_brand":[],"product_cat":[633,611,619],"product_tag":[599,899,622,686,861,271,358,68],"class_list":{"0":"post-891","1":"product","2":"type-product","3":"status-publish","4":"has-post-thumbnail","6":"price_cat-bricka-31","7":"product_cat-trays","8":"product_cat-interior_accessories","9":"product_cat-kitchen_and_table","10":"product_tag-edibles","11":"product_tag-fathers-day","12":"product_tag-celebrate","13":"product_tag-mothers-day","14":"product_tag-pink","15":"product_tag-sweden","16":"product_tag-tourquoise","17":"product_tag-celebration","19":"first","20":"instock","21":"taxable","22":"shipping-taxable","23":"purchasable","24":"product-type-simple"},"_links":{"self":[{"href":"https:\/\/katarinahamilton.se\/sv\/wp-json\/wp\/v2\/product\/891","targetHints":{"allow":["GET"]}}],"collection":[{"href":"https:\/\/katarinahamilton.se\/sv\/wp-json\/wp\/v2\/product"}],"about":[{"href":"https:\/\/katarinahamilton.se\/sv\/wp-json\/wp\/v2\/types\/product"}],"replies":[{"embeddable":true,"href":"https:\/\/katarinahamilton.se\/sv\/wp-json\/wp\/v2\/comments?post=891"}],"wp:featuredmedia":[{"embeddable":true,"href":"https:\/\/katarinahamilton.se\/sv\/wp-json\/wp\/v2\/media\/368993"}],"wp:attachment":[{"href":"https:\/\/katarinahamilton.se\/sv\/wp-json\/wp\/v2\/media?parent=891"}],"wp:term":[{"taxonomy":"product_brand","embeddable":true,"href":"https:\/\/katarinahamilton.se\/sv\/wp-json\/wp\/v2\/product_brand?post=891"},{"taxonomy":"product_cat","embeddable":true,"href":"https:\/\/katarinahamilton.se\/sv\/wp-json\/wp\/v2\/product_cat?post=891"},{"taxonomy":"product_tag","embeddable":true,"href":"https:\/\/katarinahamilton.se\/sv\/wp-json\/wp\/v2\/product_tag?post=891"}],"curies":[{"name":"wp","href":"https:\/\/api.w.org\/{rel}","templated":true}]}}