{"id":890,"date":"2020-01-13T15:29:59","date_gmt":"2020-01-13T14:29:59","guid":{"rendered":"https:\/\/server03.blackpixel.se\/~hamilton\/produkt\/import-placeholder-for-473\/"},"modified":"2026-04-06T19:59:14","modified_gmt":"2026-04-06T17:59:14","slug":"card-tram-wagon-class-a12-sparvagn-typ-a12","status":"publish","type":"product","link":"https:\/\/katarinahamilton.se\/sv\/produkt\/card-tram-wagon-class-a12-sparvagn-typ-a12\/","title":{"rendered":"kort m kuvert: &#8220;Sp\u00e5rvagn typ A12&#8243;"},"content":{"rendered":"","protected":false},"excerpt":{"rendered":"<p>&#8220;SP\u00c5RVAGN typ A12, ASEA 1924&#8221;<br \/>\nMotorvagn Nr 342 av sp\u00e5rvagnstypen A12 \u00e4r en klassiker tillverkad av ASEA 1924. Totalt k\u00f6pte Stockholms Sp\u00e5rv\u00e4gar in 30 st. Nr 342 anv\u00e4ndes bl a p\u00e5 sp\u00e5rv\u00e4gslinje 12, Nockebybanan, som fram till 1952 gick fr\u00e5n Nockeby i Bromma in till Tegelbacken mitt i Stockholm. Numera finns Nr 342 p\u00e5 Museisp\u00e5rv\u00e4gen Malm- k\u00f6ping och linje 12 g\u00e5r mellan Nockeby och Alvik och k\u00f6r sina 9000 dagliga passagerare i nyare vagnar. Bilden visar Nr 342 under tidigt 1930-tal. Den hade varken backspeglar eller blinkers men sj\u00e4lvklart ett v\u00e4xelspett och ett praktiskt skidst\u00e4ll monterat p\u00e5 fronten. TEKNISKA FAKTA: Sp\u00e5rvagnstypen A12 var v\u00e4rldens f\u00f6rsta fungerande boggie-vagn. 4 axlar och 4 el-motorer, 4 x 50hk. L\u00e4ngd 12,78 m. Bredd 2,30 m. H\u00f6jd 3,80 m. Originalvikt 21,42 ton. Antal passagerare: 64.<\/p>\n","protected":false},"featured_media":369733,"comment_status":"open","ping_status":"closed","template":"","meta":{"_monsterinsights_skip_tracking":false,"_monsterinsights_sitenote_active":false,"_monsterinsights_sitenote_note":"","_monsterinsights_sitenote_category":0},"product_brand":[],"product_cat":[25],"product_tag":[909,1145,853,649],"class_list":{"0":"post-890","1":"product","2":"type-product","3":"status-publish","4":"has-post-thumbnail","6":"price_cat-kort-a","7":"product_cat-kort-med-kuvert","8":"product_tag-blue","9":"product_tag-vehicles","10":"product_tag-light-green","11":"product_tag-swedish-industry","13":"first","14":"instock","15":"taxable","16":"shipping-taxable","17":"purchasable","18":"product-type-simple"},"_links":{"self":[{"href":"https:\/\/katarinahamilton.se\/sv\/wp-json\/wp\/v2\/product\/890","targetHints":{"allow":["GET"]}}],"collection":[{"href":"https:\/\/katarinahamilton.se\/sv\/wp-json\/wp\/v2\/product"}],"about":[{"href":"https:\/\/katarinahamilton.se\/sv\/wp-json\/wp\/v2\/types\/product"}],"replies":[{"embeddable":true,"href":"https:\/\/katarinahamilton.se\/sv\/wp-json\/wp\/v2\/comments?post=890"}],"wp:featuredmedia":[{"embeddable":true,"href":"https:\/\/katarinahamilton.se\/sv\/wp-json\/wp\/v2\/media\/369733"}],"wp:attachment":[{"href":"https:\/\/katarinahamilton.se\/sv\/wp-json\/wp\/v2\/media?parent=890"}],"wp:term":[{"taxonomy":"product_brand","embeddable":true,"href":"https:\/\/katarinahamilton.se\/sv\/wp-json\/wp\/v2\/product_brand?post=890"},{"taxonomy":"product_cat","embeddable":true,"href":"https:\/\/katarinahamilton.se\/sv\/wp-json\/wp\/v2\/product_cat?post=890"},{"taxonomy":"product_tag","embeddable":true,"href":"https:\/\/katarinahamilton.se\/sv\/wp-json\/wp\/v2\/product_tag?post=890"}],"curies":[{"name":"wp","href":"https:\/\/api.w.org\/{rel}","templated":true}]}}