{"id":889,"date":"2020-01-13T15:29:59","date_gmt":"2020-01-13T14:29:59","guid":{"rendered":"https:\/\/server03.blackpixel.se\/~hamilton\/produkt\/import-placeholder-for-461\/"},"modified":"2026-04-06T19:59:43","modified_gmt":"2026-04-06T17:59:43","slug":"card-the-tractor-bm-230-victor","status":"publish","type":"product","link":"https:\/\/katarinahamilton.se\/sv\/produkt\/card-the-tractor-bm-230-victor\/","title":{"rendered":"kort m kuvert: &#8220;Traktorn BM 230 Victor&#8221;"},"content":{"rendered":"","protected":false},"excerpt":{"rendered":"<p>Hj\u00e4rtat klappar lite extra p\u00e5 v\u00e4ldigt m\u00e5nga f\u00f6r gamla traktorer och ofta lite extra f\u00f6r den gamla klassiska Victorn. Det h\u00e4r kortet \u00e4r en gjuten succ\u00e9 hos b\u00e5de barn och gamla. Den d\u00e4r Victorn.. det \u00e4r n\u00e5got speciellt med den.<\/p>\n<p>Traktorn BM 230 Victor \u00e4r en legendarisk svensk traktor som lanserades 1955 av Bolinder Munktell och tillverkades fram till 1961. F\u00f6rsedd med en hydraulisk lyft och Bolinders sinnrika 2-cylindriga 1052 motor var Victorn osedvanligt smart, stark och br\u00e4nslesn\u00e5l, f\u00f6r en hel timmes g\u00e5ng f\u00f6rbrukade den bara ca 2,5-3 liter diesel. Victorn p\u00e5 detta kort \u00e4r fr\u00e5n 1956.<\/p>\n","protected":false},"featured_media":2010,"comment_status":"open","ping_status":"closed","template":"","meta":{"_monsterinsights_skip_tracking":false,"_monsterinsights_sitenote_active":false,"_monsterinsights_sitenote_note":"","_monsterinsights_sitenote_category":0},"product_brand":[],"product_cat":[25],"product_tag":[899,1145,879,857,847,686,649],"class_list":{"0":"post-889","1":"product","2":"type-product","3":"status-publish","4":"has-post-thumbnail","6":"price_cat-kort-a","7":"product_cat-kort-med-kuvert","8":"product_tag-fathers-day","9":"product_tag-vehicles","10":"product_tag-green","11":"product_tag-farming","12":"product_tag-light-blue","13":"product_tag-mothers-day","14":"product_tag-swedish-industry","16":"first","17":"instock","18":"taxable","19":"shipping-taxable","20":"purchasable","21":"product-type-simple"},"_links":{"self":[{"href":"https:\/\/katarinahamilton.se\/sv\/wp-json\/wp\/v2\/product\/889","targetHints":{"allow":["GET"]}}],"collection":[{"href":"https:\/\/katarinahamilton.se\/sv\/wp-json\/wp\/v2\/product"}],"about":[{"href":"https:\/\/katarinahamilton.se\/sv\/wp-json\/wp\/v2\/types\/product"}],"replies":[{"embeddable":true,"href":"https:\/\/katarinahamilton.se\/sv\/wp-json\/wp\/v2\/comments?post=889"}],"wp:featuredmedia":[{"embeddable":true,"href":"https:\/\/katarinahamilton.se\/sv\/wp-json\/wp\/v2\/media\/2010"}],"wp:attachment":[{"href":"https:\/\/katarinahamilton.se\/sv\/wp-json\/wp\/v2\/media?parent=889"}],"wp:term":[{"taxonomy":"product_brand","embeddable":true,"href":"https:\/\/katarinahamilton.se\/sv\/wp-json\/wp\/v2\/product_brand?post=889"},{"taxonomy":"product_cat","embeddable":true,"href":"https:\/\/katarinahamilton.se\/sv\/wp-json\/wp\/v2\/product_cat?post=889"},{"taxonomy":"product_tag","embeddable":true,"href":"https:\/\/katarinahamilton.se\/sv\/wp-json\/wp\/v2\/product_tag?post=889"}],"curies":[{"name":"wp","href":"https:\/\/api.w.org\/{rel}","templated":true}]}}