{"id":879,"date":"2020-01-13T15:29:53","date_gmt":"2020-01-13T14:29:53","guid":{"rendered":"https:\/\/server03.blackpixel.se\/~hamilton\/produkt\/import-placeholder-for-1103-239\/"},"modified":"2026-04-06T20:04:35","modified_gmt":"2026-04-06T18:04:35","slug":"card_sittmobler","status":"publish","type":"product","link":"https:\/\/katarinahamilton.se\/sv\/produkt\/card_sittmobler\/","title":{"rendered":"kort m kuvert: &#8220;Svenska Sittm\u00f6bler&#8221;"},"content":{"rendered":"","protected":false},"excerpt":{"rendered":"<div class=\"page\" title=\"Page 1\">\n<div class=\"section\">\n<div class=\"layoutArea\">\n<div class=\"column\">\n<p>Svenska sittm\u00f6bler: Emma\u00a0 \u2022\u00a0 skrattstol \u2022\u00a0 G\u00f6teborgsstol \u2022\u00a0 k\u00f6kssoffa \u2022\u00a0 Gripsholmsf\u00e5t\u00f6lj \u2022\u00a0 munkstol \u2022\u00a0 puff \u2022\u00a0 ljugarb\u00e4nk \u2022\u00a0 Leksandsstol \u2022\u00a0 nollstol \u2022 perukstol \u2022\u00a0 mj\u00f6lkpall \u2022\u00a0 och till sist, nere i h\u00f6gra h\u00f6rnet &#8211; \u00f6ronlappsf\u00e5t\u00f6ljen.<\/p>\n<\/div>\n<\/div>\n<\/div>\n<\/div>\n<p>\u00a9 Katarina Hamilton<\/p>\n","protected":false},"featured_media":370302,"comment_status":"open","ping_status":"closed","template":"","meta":{"_monsterinsights_skip_tracking":false,"_monsterinsights_sitenote_active":false,"_monsterinsights_sitenote_note":"","_monsterinsights_sitenote_category":0},"product_brand":[],"product_cat":[25,22],"product_tag":[649,271,136],"class_list":{"0":"post-879","1":"product","2":"type-product","3":"status-publish","4":"has-post-thumbnail","6":"price_cat-kort-a","7":"product_cat-kort-med-kuvert","8":"product_cat-news","9":"product_tag-swedish-industry","10":"product_tag-sweden","11":"product_tag-white","13":"first","14":"instock","15":"taxable","16":"shipping-taxable","17":"purchasable","18":"product-type-simple"},"_links":{"self":[{"href":"https:\/\/katarinahamilton.se\/sv\/wp-json\/wp\/v2\/product\/879","targetHints":{"allow":["GET"]}}],"collection":[{"href":"https:\/\/katarinahamilton.se\/sv\/wp-json\/wp\/v2\/product"}],"about":[{"href":"https:\/\/katarinahamilton.se\/sv\/wp-json\/wp\/v2\/types\/product"}],"replies":[{"embeddable":true,"href":"https:\/\/katarinahamilton.se\/sv\/wp-json\/wp\/v2\/comments?post=879"}],"wp:featuredmedia":[{"embeddable":true,"href":"https:\/\/katarinahamilton.se\/sv\/wp-json\/wp\/v2\/media\/370302"}],"wp:attachment":[{"href":"https:\/\/katarinahamilton.se\/sv\/wp-json\/wp\/v2\/media?parent=879"}],"wp:term":[{"taxonomy":"product_brand","embeddable":true,"href":"https:\/\/katarinahamilton.se\/sv\/wp-json\/wp\/v2\/product_brand?post=879"},{"taxonomy":"product_cat","embeddable":true,"href":"https:\/\/katarinahamilton.se\/sv\/wp-json\/wp\/v2\/product_cat?post=879"},{"taxonomy":"product_tag","embeddable":true,"href":"https:\/\/katarinahamilton.se\/sv\/wp-json\/wp\/v2\/product_tag?post=879"}],"curies":[{"name":"wp","href":"https:\/\/api.w.org\/{rel}","templated":true}]}}