{"id":877,"date":"2020-01-13T15:29:53","date_gmt":"2020-01-13T14:29:53","guid":{"rendered":"https:\/\/server03.blackpixel.se\/~hamilton\/produkt\/import-placeholder-for-1224\/"},"modified":"2026-04-06T20:05:58","modified_gmt":"2026-04-06T18:05:58","slug":"tray-nobel-prize-in-literature-the-women-writers","status":"publish","type":"product","link":"https:\/\/katarinahamilton.se\/sv\/produkt\/tray-nobel-prize-in-literature-the-women-writers\/","title":{"rendered":"bricka 32x32cm: &#8220;F\u00f6rfattarinnorna som erh\u00e5llit Nobelpriset i Litteratur 1901-2022&#8243;"},"content":{"rendered":"","protected":false},"excerpt":{"rendered":"<p>Priset \u00e4r s\u00e4nkt med 40 % p\u00e5 den h\u00e4r brickan!<\/p>\n<p>\u00c5rtal och pristagare som ing\u00e5r i m\u00f6nstret \u00e4r:<\/p>\n<p>1909 Selma Lagerl\u00f6f (Sverige), 1926 Grazia Deledda (Italien), 1928 Sigrid Undset (Norge), 1938 Pearl Buck (Kina och USA) 1945 Gabriela Mistral (Chile) 1966 Nelly Sachs (Tyskland och Sverige) 1991 Nadime Gordimer (Sydafrika), 1993 Toni Morrison (USA) 1996 Wislawa Szymborska (Polen) 2004 Elfriede Jelinek (\u00d6sterrike), 2007 Doris Lessing (Persien och Storbritannien) 2009 Herta M\u00fcller (Rum\u00e4nien och Tyskland), 2013 Alice Munro (Kanada), 2015 Svetlana Alexievich (Belarus), 2018 Olga Tokarzcuk.<\/p>\n<p>\u00a9 Katarina Hamilton.<\/p>\n","protected":false},"featured_media":369063,"comment_status":"open","ping_status":"closed","template":"","meta":{"_monsterinsights_skip_tracking":false,"_monsterinsights_sitenote_active":false,"_monsterinsights_sitenote_note":"","_monsterinsights_sitenote_category":0},"product_brand":[],"product_cat":[633,611,619,1212],"product_tag":[613,615,84,93,859],"class_list":{"0":"post-877","1":"product","2":"type-product","3":"status-publish","4":"has-post-thumbnail","6":"product_cat-trays","7":"product_cat-interior_accessories","8":"product_cat-kitchen_and_table","9":"product_cat-clearence","10":"product_tag-authors","11":"product_tag-women","12":"product_tag-literature","13":"product_tag-nobelprize","14":"product_tag-black","16":"first","17":"instock","18":"taxable","19":"shipping-taxable","20":"purchasable","21":"product-type-simple"},"_links":{"self":[{"href":"https:\/\/katarinahamilton.se\/sv\/wp-json\/wp\/v2\/product\/877","targetHints":{"allow":["GET"]}}],"collection":[{"href":"https:\/\/katarinahamilton.se\/sv\/wp-json\/wp\/v2\/product"}],"about":[{"href":"https:\/\/katarinahamilton.se\/sv\/wp-json\/wp\/v2\/types\/product"}],"replies":[{"embeddable":true,"href":"https:\/\/katarinahamilton.se\/sv\/wp-json\/wp\/v2\/comments?post=877"}],"wp:featuredmedia":[{"embeddable":true,"href":"https:\/\/katarinahamilton.se\/sv\/wp-json\/wp\/v2\/media\/369063"}],"wp:attachment":[{"href":"https:\/\/katarinahamilton.se\/sv\/wp-json\/wp\/v2\/media?parent=877"}],"wp:term":[{"taxonomy":"product_brand","embeddable":true,"href":"https:\/\/katarinahamilton.se\/sv\/wp-json\/wp\/v2\/product_brand?post=877"},{"taxonomy":"product_cat","embeddable":true,"href":"https:\/\/katarinahamilton.se\/sv\/wp-json\/wp\/v2\/product_cat?post=877"},{"taxonomy":"product_tag","embeddable":true,"href":"https:\/\/katarinahamilton.se\/sv\/wp-json\/wp\/v2\/product_tag?post=877"}],"curies":[{"name":"wp","href":"https:\/\/api.w.org\/{rel}","templated":true}]}}