{"id":876,"date":"2020-01-13T15:29:53","date_gmt":"2020-01-13T14:29:53","guid":{"rendered":"https:\/\/server03.blackpixel.se\/~hamilton\/produkt\/import-placeholder-for-1601\/"},"modified":"2022-03-27T14:12:20","modified_gmt":"2022-03-27T12:12:20","slug":"tote-bag-women-writers-awarded-with-the-nobel-prize-in-literature-1901-2015","status":"publish","type":"product","link":"https:\/\/katarinahamilton.se\/sv\/produkt\/tote-bag-women-writers-awarded-with-the-nobel-prize-in-literature-1901-2015\/","title":{"rendered":"tygkasse: &#8220;Kvinnliga Nobelpristagare i Litteratur 1901-2015&#8221; svenskt handtryck"},"content":{"rendered":"","protected":false},"excerpt":{"rendered":"<div class=\"page\" title=\"Page 1\">\n<div class=\"layoutArea\">\n<div class=\"column\">\n<p>Fjorton av v\u00e4rldens mest framst\u00e5ende kvinnliga f\u00f6rfattare \u00e4r samlade h\u00e4r i s\u00e4llskap med ett urval av var och ens boktitlar. Titlarna \u00e4r p\u00e5 originalspr\u00e5k. M\u00f6nstret \u00e4r tryckt f\u00f6r hand p\u00e5 ett slitstarkt bomullstyg av h\u00f6g kvalitet. M\u00e5tten \u00e4r 37x33cm med 60 cm l\u00e5nga handtag av specialv\u00e4vda band. Kassen s\u00e4ljs med ett bokm\u00e4rke, 17x6cm, d\u00e4r alla f\u00f6rfattarna st\u00e5r med med namn, \u00e5rtal och l\u00e4nder de verkat i. Kassen \u00e4r sydd i en by i J\u00e4mtland, vid Storsj\u00f6ns v\u00e4stra strand av tyg som \u00e4r tryckt f\u00f6r hand i en annan by, p\u00e5 andra sidan sj\u00f6n. \u00a9 Katarina Hamilton<\/p>\n<\/div>\n<p>F\u00f6rfattarinnorna som finns med i m\u00f6nstret, med \u00e5rtal: (info kompletteras)<\/p>\n<p>1909\u00a0 Selma Lagerl\u00f6f<\/p>\n<p>1993\u00a0 Toni Morrison 1931 &#8211; 2019<\/p>\n<p>2015\u00a0 Svetlana Alexievich<\/p>\n<\/div>\n<\/div>\n","protected":false},"featured_media":375,"comment_status":"open","ping_status":"closed","template":"","meta":{"_monsterinsights_skip_tracking":false,"_monsterinsights_sitenote_active":false,"_monsterinsights_sitenote_note":"","_monsterinsights_sitenote_category":0},"product_brand":[],"product_cat":[631,21],"product_tag":[613,615,84,93,859,271],"class_list":{"0":"post-876","1":"product","2":"type-product","3":"status-publish","4":"has-post-thumbnail","6":"price_cat-tygkasse","7":"product_cat-accessories","8":"product_cat-textil","9":"product_tag-authors","10":"product_tag-women","11":"product_tag-literature","12":"product_tag-nobelprize","13":"product_tag-black","14":"product_tag-sweden","16":"first","17":"outofstock","18":"taxable","19":"shipping-taxable","20":"purchasable","21":"product-type-simple"},"_links":{"self":[{"href":"https:\/\/katarinahamilton.se\/sv\/wp-json\/wp\/v2\/product\/876","targetHints":{"allow":["GET"]}}],"collection":[{"href":"https:\/\/katarinahamilton.se\/sv\/wp-json\/wp\/v2\/product"}],"about":[{"href":"https:\/\/katarinahamilton.se\/sv\/wp-json\/wp\/v2\/types\/product"}],"replies":[{"embeddable":true,"href":"https:\/\/katarinahamilton.se\/sv\/wp-json\/wp\/v2\/comments?post=876"}],"wp:featuredmedia":[{"embeddable":true,"href":"https:\/\/katarinahamilton.se\/sv\/wp-json\/wp\/v2\/media\/375"}],"wp:attachment":[{"href":"https:\/\/katarinahamilton.se\/sv\/wp-json\/wp\/v2\/media?parent=876"}],"wp:term":[{"taxonomy":"product_brand","embeddable":true,"href":"https:\/\/katarinahamilton.se\/sv\/wp-json\/wp\/v2\/product_brand?post=876"},{"taxonomy":"product_cat","embeddable":true,"href":"https:\/\/katarinahamilton.se\/sv\/wp-json\/wp\/v2\/product_cat?post=876"},{"taxonomy":"product_tag","embeddable":true,"href":"https:\/\/katarinahamilton.se\/sv\/wp-json\/wp\/v2\/product_tag?post=876"}],"curies":[{"name":"wp","href":"https:\/\/api.w.org\/{rel}","templated":true}]}}