{"id":859,"date":"2020-01-13T15:29:52","date_gmt":"2020-01-13T14:29:52","guid":{"rendered":"https:\/\/server03.blackpixel.se\/~hamilton\/produkt\/import-placeholder-for-179\/"},"modified":"2026-04-06T20:14:57","modified_gmt":"2026-04-06T18:14:57","slug":"card-eagle-owl-berguv","status":"publish","type":"product","link":"https:\/\/katarinahamilton.se\/sv\/produkt\/card-eagle-owl-berguv\/","title":{"rendered":"kort m kuvert: &#8220;Berguv&#8221;"},"content":{"rendered":"","protected":false},"excerpt":{"rendered":"<p>Berguven \u00e4r v\u00e4rldens st\u00f6rsta och tyngsta uggla. Mellan 60-75 cm l\u00e5ng och\u00a0 ca 2-3 kg tung. Vingspannet \u00e4r 160-188 cm. De fr\u00e4msta k\u00e4nnetecknen f\u00f6rutom storleken \u00e4r \u00f6rontofsarna och de oranger\u00f6da, n\u00e4stan lysande \u00f6gonen. Honan \u00e4r betydligt st\u00f6rre \u00e4n hannen. Det klangfulla hoandet h\u00f6rs flera km.<\/p>\n<p>\u00a9 Katarina Hamilton<\/p>\n","protected":false},"featured_media":368752,"comment_status":"open","ping_status":"closed","template":"","meta":{"_monsterinsights_skip_tracking":false,"_monsterinsights_sitenote_active":false,"_monsterinsights_sitenote_note":"","_monsterinsights_sitenote_category":0},"product_brand":[],"product_cat":[25,522],"product_tag":[381,704,581,899,888,41,840],"class_list":{"0":"post-859","1":"product","2":"type-product","3":"status-publish","4":"has-post-thumbnail","6":"price_cat-kort-a","7":"product_cat-kort-med-kuvert","8":"product_cat-fells","9":"product_tag-beige","10":"product_tag-brown","11":"product_tag-birds","12":"product_tag-fathers-day","13":"product_tag-the-fells","14":"product_tag-orange","15":"product_tag-wilderness","17":"first","18":"instock","19":"taxable","20":"shipping-taxable","21":"purchasable","22":"product-type-simple"},"_links":{"self":[{"href":"https:\/\/katarinahamilton.se\/sv\/wp-json\/wp\/v2\/product\/859","targetHints":{"allow":["GET"]}}],"collection":[{"href":"https:\/\/katarinahamilton.se\/sv\/wp-json\/wp\/v2\/product"}],"about":[{"href":"https:\/\/katarinahamilton.se\/sv\/wp-json\/wp\/v2\/types\/product"}],"replies":[{"embeddable":true,"href":"https:\/\/katarinahamilton.se\/sv\/wp-json\/wp\/v2\/comments?post=859"}],"wp:featuredmedia":[{"embeddable":true,"href":"https:\/\/katarinahamilton.se\/sv\/wp-json\/wp\/v2\/media\/368752"}],"wp:attachment":[{"href":"https:\/\/katarinahamilton.se\/sv\/wp-json\/wp\/v2\/media?parent=859"}],"wp:term":[{"taxonomy":"product_brand","embeddable":true,"href":"https:\/\/katarinahamilton.se\/sv\/wp-json\/wp\/v2\/product_brand?post=859"},{"taxonomy":"product_cat","embeddable":true,"href":"https:\/\/katarinahamilton.se\/sv\/wp-json\/wp\/v2\/product_cat?post=859"},{"taxonomy":"product_tag","embeddable":true,"href":"https:\/\/katarinahamilton.se\/sv\/wp-json\/wp\/v2\/product_tag?post=859"}],"curies":[{"name":"wp","href":"https:\/\/api.w.org\/{rel}","templated":true}]}}