{"id":79905,"date":"2021-03-29T09:59:32","date_gmt":"2021-03-29T07:59:32","guid":{"rendered":"http:\/\/katarinahamilton.se\/?post_type=product&#038;p=79905"},"modified":"2026-04-06T17:46:08","modified_gmt":"2026-04-06T15:46:08","slug":"necessar-i-sommarhagen","status":"publish","type":"product","link":"https:\/\/katarinahamilton.se\/sv\/produkt\/necessar-i-sommarhagen\/","title":{"rendered":"necess\u00e4r &#8220;I Sommarhagen&#8221;"},"content":{"rendered":"","protected":false},"excerpt":{"rendered":"<p>En necess\u00e4r f\u00f6r b\u00e4sta sommark\u00e4nslan. Hela \u00e5ret.<\/p>\n<p>Necess\u00e4ren \u00e4r tillverkad av 100% bomullstyg, svenskt handtryck, och \u00e4r fodrad med ett smidigt vitt plastfoder. Tyget klipps till fr\u00e5n metervara och m\u00f6nstret hamnar d\u00e4rf\u00f6r olika och ger varje necess\u00e4r ett eget unikt utseende.<\/p>\n<p class=\"p1\">De sju blommorna i m\u00f6nstret \u00e4r R\u00f6dfibbla, Bl\u00e5gull, Norrlandsviol, Styvmorsviol, R\u00f6dkl\u00f6ver, Nordisk Stormhatt och Midsommarblomster. Landskapet \u00e4r utsikten Peterson-Berger hade fr\u00e5n det lilla specialplacerade &#8220;tavel&#8221;-f\u00f6nstret i arbetsrummet i hans specialritade, unika hus &#8220;Sommarhagen&#8221; p\u00e5 Fr\u00f6s\u00f6n i J\u00e4mtland. Det \u00e4r Storsj\u00f6n med Byn\u00e4set, Anders\u00f6n, Norder\u00f6n, Verk\u00f6n, Ut\u00f6arna med Oviksfj\u00e4llen V\u00e4sterfj\u00e4llet och Hott\u00f6gsfj\u00e4llet i bakgrunden under en flammande himmel. G-klaven, pianotangenterna och fiolerna st\u00e5r f\u00f6r musiken.<\/p>\n<p>M\u00f6nstret ritades och komponerades v\u00e5ren 2011 och ingick i tre \u00e5r i Fr\u00f6s\u00f6 Handtrycks kollektion. Sedan 2014 ing\u00e5r m\u00f6nstret i mitt eget sortiment \/Katarina H<\/p>\n<p>Kuriosa: Blommorna i m\u00f6nstret \u00e4r h\u00e4mtade ur tons\u00e4ttaren och skribenten Wilhelm Peterson-Bergers tidningsartikel &#8220;N\u00e5got om Fr\u00f6s\u00f6blomster&#8221;, publicerad i Dagens Nyheter tidigt 1900-tal.<\/p>\n","protected":false},"featured_media":79909,"comment_status":"open","ping_status":"closed","template":"","meta":{"_monsterinsights_skip_tracking":false,"_monsterinsights_sitenote_active":false,"_monsterinsights_sitenote_note":"","_monsterinsights_sitenote_category":0},"product_brand":[],"product_cat":[631,21],"product_tag":[624,910,271],"class_list":{"0":"post-79905","1":"product","2":"type-product","3":"status-publish","4":"has-post-thumbnail","6":"price_cat-necessar","7":"product_cat-accessories","8":"product_cat-textil","9":"product_tag-flowers","10":"product_tag-music","11":"product_tag-sweden","13":"first","14":"instock","15":"taxable","16":"shipping-taxable","17":"purchasable","18":"product-type-simple"},"_links":{"self":[{"href":"https:\/\/katarinahamilton.se\/sv\/wp-json\/wp\/v2\/product\/79905","targetHints":{"allow":["GET"]}}],"collection":[{"href":"https:\/\/katarinahamilton.se\/sv\/wp-json\/wp\/v2\/product"}],"about":[{"href":"https:\/\/katarinahamilton.se\/sv\/wp-json\/wp\/v2\/types\/product"}],"replies":[{"embeddable":true,"href":"https:\/\/katarinahamilton.se\/sv\/wp-json\/wp\/v2\/comments?post=79905"}],"wp:featuredmedia":[{"embeddable":true,"href":"https:\/\/katarinahamilton.se\/sv\/wp-json\/wp\/v2\/media\/79909"}],"wp:attachment":[{"href":"https:\/\/katarinahamilton.se\/sv\/wp-json\/wp\/v2\/media?parent=79905"}],"wp:term":[{"taxonomy":"product_brand","embeddable":true,"href":"https:\/\/katarinahamilton.se\/sv\/wp-json\/wp\/v2\/product_brand?post=79905"},{"taxonomy":"product_cat","embeddable":true,"href":"https:\/\/katarinahamilton.se\/sv\/wp-json\/wp\/v2\/product_cat?post=79905"},{"taxonomy":"product_tag","embeddable":true,"href":"https:\/\/katarinahamilton.se\/sv\/wp-json\/wp\/v2\/product_tag?post=79905"}],"curies":[{"name":"wp","href":"https:\/\/api.w.org\/{rel}","templated":true}]}}