{"id":57294,"date":"2021-03-02T20:46:19","date_gmt":"2021-03-02T19:46:19","guid":{"rendered":"http:\/\/katarinahamilton.se\/?post_type=product&#038;p=57294"},"modified":"2021-04-27T15:02:09","modified_gmt":"2021-04-27T13:02:09","slug":"art-print-raven-raskar-over-isen","status":"publish","type":"product","link":"https:\/\/katarinahamilton.se\/sv\/produkt\/art-print-raven-raskar-over-isen\/","title":{"rendered":"art print: &#8220;R\u00e4ven Raskar \u00d6ver Isen&#8221; 50&#215;50 cm"},"content":{"rendered":"<p>Liten specialupplaga. digitaltryck p\u00e5 matt papper.<\/p>","protected":false},"excerpt":{"rendered":"<p>Den h\u00e4r planschen, 50&#215;50 cm \u00e4r digital-tryckt i n\u00e5gra f\u00e5 ex.<\/p>\n<p>N\u00e4r du best\u00e4ller den rullas den och skickas i en papp-tub f\u00f6r s\u00e4ker transport. Ta ut den ur tuben n\u00e4r du f\u00e5r den s\u00e5 h\u00e5ller den sin fina kvalitet b\u00e4st.<\/p>\n","protected":false},"featured_media":0,"comment_status":"open","ping_status":"closed","template":"","meta":{"_monsterinsights_skip_tracking":false,"_monsterinsights_sitenote_active":false,"_monsterinsights_sitenote_note":"","_monsterinsights_sitenote_category":0},"product_brand":[],"product_cat":[81,611],"product_tag":[869,710,475],"class_list":{"0":"post-57294","1":"product","2":"type-product","3":"status-publish","5":"product_cat-art-print","6":"product_cat-interior_accessories","7":"product_tag-animals","8":"product_tag-snow","9":"product_tag-winter","11":"first","12":"instock","13":"taxable","14":"shipping-taxable","15":"purchasable","16":"product-type-simple"},"_links":{"self":[{"href":"https:\/\/katarinahamilton.se\/sv\/wp-json\/wp\/v2\/product\/57294","targetHints":{"allow":["GET"]}}],"collection":[{"href":"https:\/\/katarinahamilton.se\/sv\/wp-json\/wp\/v2\/product"}],"about":[{"href":"https:\/\/katarinahamilton.se\/sv\/wp-json\/wp\/v2\/types\/product"}],"replies":[{"embeddable":true,"href":"https:\/\/katarinahamilton.se\/sv\/wp-json\/wp\/v2\/comments?post=57294"}],"wp:attachment":[{"href":"https:\/\/katarinahamilton.se\/sv\/wp-json\/wp\/v2\/media?parent=57294"}],"wp:term":[{"taxonomy":"product_brand","embeddable":true,"href":"https:\/\/katarinahamilton.se\/sv\/wp-json\/wp\/v2\/product_brand?post=57294"},{"taxonomy":"product_cat","embeddable":true,"href":"https:\/\/katarinahamilton.se\/sv\/wp-json\/wp\/v2\/product_cat?post=57294"},{"taxonomy":"product_tag","embeddable":true,"href":"https:\/\/katarinahamilton.se\/sv\/wp-json\/wp\/v2\/product_tag?post=57294"}],"curies":[{"name":"wp","href":"https:\/\/api.w.org\/{rel}","templated":true}]}}