{"id":48544,"date":"2021-02-19T16:23:00","date_gmt":"2021-02-19T15:23:00","guid":{"rendered":"http:\/\/katarinahamilton.se\/?post_type=product&#038;p=48544"},"modified":"2022-03-15T14:39:39","modified_gmt":"2022-03-15T13:39:39","slug":"kuddfodral-i-sommarhagen-40x40cm","status":"publish","type":"product","link":"https:\/\/katarinahamilton.se\/sv\/produkt\/kuddfodral-i-sommarhagen-40x40cm\/","title":{"rendered":"Kuddfodral &#8220;I Sommarhagen&#8221; f\u00f6r kudde 40x40cm"},"content":{"rendered":"","protected":false},"excerpt":{"rendered":"<p>En kudde f\u00f6r b\u00e4sta sommark\u00e4nslan.<\/p>\n<p>Kuddfodralet \u00e4r sytt f\u00f6r att passa f\u00f6r en kudde med m\u00e5tten 40&#215;40 cm. Tyget till varje kuddfodral klipps till fr\u00e5n metervara och m\u00f6nstret hamnar d\u00e4rf\u00f6r olika och ger varje kuddfodral ett eget unikt utseende.<\/p>\n<p class=\"p1\">De sju blommorna i m\u00f6nstret finns beskrivna av tons\u00e4ttaren och skribenten Wilhelm Peterson-Bergers tidningsartikel &#8220;N\u00e5got om Fr\u00f6s\u00f6blomster&#8221;, publicerad i Dagens Nyheter tidigt 1900-tal. De \u00e4r, fr\u00e5n v\u00e4nster till h\u00f6ger: R\u00f6dfibbla, Bl\u00e5gull, Norrlandsviol, Styvmorsviol, R\u00f6dkl\u00f6ver, Nordisk Stormhatt och Midsommarblomster. Landskapet \u00e4r den utsikten Peterson-Berger s\u00e5g fr\u00e5n det lilla &#8220;tavel&#8221;-f\u00f6nstret arbetsrummet i hans specialritade hus p\u00e5 Fr\u00f6s\u00f6n, &#8220;Sommarhagen&#8221; &#8211; Storsj\u00f6n med Byn\u00e4set, Anders\u00f6n, Norder\u00f6n, Verk\u00f6n, Ut\u00f6arna och i fonden vilar sig Oviksfj\u00e4llen V\u00e4sterfj\u00e4llet och Hott\u00f6gsfj\u00e4llet under en flammande himmel.<\/p>\n<p>M\u00f6nstret ritades och komponerades v\u00e5ren 2011 till Fr\u00f6s\u00f6 Handtrycks inf\u00f6r deras invigning av tryckeriets flytt till Fr\u00f6s\u00f6n. Sedan 2014 ing\u00e5r m\u00f6nstret i mitt eget sortiment \/Katarina H<\/p>\n","protected":false},"featured_media":127769,"comment_status":"open","ping_status":"closed","template":"","meta":{"_monsterinsights_skip_tracking":false,"_monsterinsights_sitenote_active":false,"_monsterinsights_sitenote_note":"","_monsterinsights_sitenote_category":0},"product_brand":[],"product_cat":[611,522,21],"product_tag":[624,888,929,910,630],"class_list":{"0":"post-48544","1":"product","2":"type-product","3":"status-publish","4":"has-post-thumbnail","6":"price_cat-kuddfodral-40x40","7":"product_cat-interior_accessories","8":"product_cat-fells","9":"product_cat-textil","10":"product_tag-flowers","11":"product_tag-the-fells","12":"product_tag-midsummer","13":"product_tag-music","14":"product_tag-summer","16":"first","17":"instock","18":"taxable","19":"shipping-taxable","20":"purchasable","21":"product-type-simple"},"_links":{"self":[{"href":"https:\/\/katarinahamilton.se\/sv\/wp-json\/wp\/v2\/product\/48544","targetHints":{"allow":["GET"]}}],"collection":[{"href":"https:\/\/katarinahamilton.se\/sv\/wp-json\/wp\/v2\/product"}],"about":[{"href":"https:\/\/katarinahamilton.se\/sv\/wp-json\/wp\/v2\/types\/product"}],"replies":[{"embeddable":true,"href":"https:\/\/katarinahamilton.se\/sv\/wp-json\/wp\/v2\/comments?post=48544"}],"wp:featuredmedia":[{"embeddable":true,"href":"https:\/\/katarinahamilton.se\/sv\/wp-json\/wp\/v2\/media\/127769"}],"wp:attachment":[{"href":"https:\/\/katarinahamilton.se\/sv\/wp-json\/wp\/v2\/media?parent=48544"}],"wp:term":[{"taxonomy":"product_brand","embeddable":true,"href":"https:\/\/katarinahamilton.se\/sv\/wp-json\/wp\/v2\/product_brand?post=48544"},{"taxonomy":"product_cat","embeddable":true,"href":"https:\/\/katarinahamilton.se\/sv\/wp-json\/wp\/v2\/product_cat?post=48544"},{"taxonomy":"product_tag","embeddable":true,"href":"https:\/\/katarinahamilton.se\/sv\/wp-json\/wp\/v2\/product_tag?post=48544"}],"curies":[{"name":"wp","href":"https:\/\/api.w.org\/{rel}","templated":true}]}}