{"id":46771,"date":"2021-02-17T10:18:38","date_gmt":"2021-02-17T09:18:38","guid":{"rendered":"http:\/\/katarinahamilton.se\/?post_type=product&#038;p=46771"},"modified":"2026-04-06T17:50:17","modified_gmt":"2026-04-06T15:50:17","slug":"kuddoverdrag-svenska-kvinnliga-tonsattare-for-kudde-40x40-cm","status":"publish","type":"product","link":"https:\/\/katarinahamilton.se\/sv\/produkt\/kuddoverdrag-svenska-kvinnliga-tonsattare-for-kudde-40x40-cm\/","title":{"rendered":"kuddfodral 40x40cm: &#8220;Svenska Kvinnliga Tons\u00e4ttare &#8211; ett urval&#8221;"},"content":{"rendered":"","protected":false},"excerpt":{"rendered":"<p>Ett kuddfodral med portr\u00e4tten av Svenska kvinnliga tons\u00e4ttare fr\u00e5n 1800-talet fram till nutid, ett urval, tillsammans med n\u00e5gra av sina favoritinstrument, orgeln, flygeln, trumpeten, dragspelet, harpan med flera.<span class=\"Apple-converted-space\">\u00a0<\/span><\/p>\n<p class=\"p1\">Tons\u00e4ttarnas namn, \u00e5rtal och f\u00f6delseplats:<span class=\"Apple-converted-space\">\u00a0<\/span><\/p>\n<p class=\"p1\">Laura \u201cLAGO\u201d Netzel (1839-1927) Rantasalmi, Finland \u00a0 \u2022\u00a0 \u00a0 Ingeborg von Bronsart (1840-1913) S:t Petersburg, Ryssland\u00a0 \u00a0\u2022\u00a0 \u00a0 Elfrida Andr\u00e9e (1841\u22121929) Visby \u00a0 \u2022\u00a0 \u00a0 Helena Munktell (1852-1919), Grycksbo \u00a0 \u2022\u00a0 \u00a0 Amanda Maier-R\u00f6ntgen (1853-1894), Landskrona \u00a0 \u2022\u00a0 \u00a0 Valborg Aulin (1860-1928), G\u00e4vle \u00a0 \u2022\u00a0 \u00a0 Alice Tegn\u00e9r (1864-1943), Karlshamn \u00a0 \u2022\u00a0 \u00a0 Helfrid Lambert (1868-1954), Stockholm \u00a0 \u2022\u00a0 \u00a0 Sara Wennerberg Reuter (1874-1959), Otterstad\u00a0 \u00a0 \u2022\u00a0 \u00a0 Elisabeth Huselius-Wickter (1901 &#8211; 1965), Trollh\u00e4ttan\u00a0 \u00a0 \u2022\u00a0 \u00a0 Kai Gullmar [Gurli M Bergstr\u00f6m](1905-1982), Sundsvall\u00a0 \u00a0\u2022\u00a0 \u00a0Dorcas Norre (1911-1985), Malmberget\u00a0 \u00a0\u2022\u00a0 \u00a0Carin Malml\u00f6f-Forssling (1916-2005), G\u00e4vle\u00a0 \u00a0\u2022\u00a0 \u00a0Margareta Hallin (1931-2020), Karlskoga\u00a0 \u00a0\u2022\u00a0 \u00a0Monica Dominique (1940-), V\u00e4ster\u00e5s\u00a0 \u00a0\u2022\u00a0 \u00a0Karin Rehnqvist (1957-), Stockholm\u00a0 \u00a0\u2022\u00a0 \u00a0Catharina Backman (1961-), Stockholm<\/p>\n<p class=\"p1\">M\u00f6nstret \u00e4r tryckt f\u00f6r hand p\u00e5 metervara och n\u00e4r tyget klipps till f\u00f6r att sys till olika produkter hamnar m\u00f6nstret olika och det g\u00f6r att varje produkt f\u00e5r ett unikt utseende.<\/p>\n<p>&nbsp;<\/p>\n","protected":false},"featured_media":46796,"comment_status":"open","ping_status":"closed","template":"","meta":{"_monsterinsights_skip_tracking":false,"_monsterinsights_sitenote_active":false,"_monsterinsights_sitenote_note":"","_monsterinsights_sitenote_category":0},"product_brand":[],"product_cat":[611,21],"product_tag":[899,615,910,271,251],"class_list":{"0":"post-46771","1":"product","2":"type-product","3":"status-publish","4":"has-post-thumbnail","6":"price_cat-kuddfodral-40x40","7":"product_cat-interior_accessories","8":"product_cat-textil","9":"product_tag-fathers-day","10":"product_tag-women","11":"product_tag-music","12":"product_tag-sweden","13":"product_tag-composers","15":"first","16":"instock","17":"taxable","18":"shipping-taxable","19":"purchasable","20":"product-type-simple"},"_links":{"self":[{"href":"https:\/\/katarinahamilton.se\/sv\/wp-json\/wp\/v2\/product\/46771","targetHints":{"allow":["GET"]}}],"collection":[{"href":"https:\/\/katarinahamilton.se\/sv\/wp-json\/wp\/v2\/product"}],"about":[{"href":"https:\/\/katarinahamilton.se\/sv\/wp-json\/wp\/v2\/types\/product"}],"replies":[{"embeddable":true,"href":"https:\/\/katarinahamilton.se\/sv\/wp-json\/wp\/v2\/comments?post=46771"}],"wp:featuredmedia":[{"embeddable":true,"href":"https:\/\/katarinahamilton.se\/sv\/wp-json\/wp\/v2\/media\/46796"}],"wp:attachment":[{"href":"https:\/\/katarinahamilton.se\/sv\/wp-json\/wp\/v2\/media?parent=46771"}],"wp:term":[{"taxonomy":"product_brand","embeddable":true,"href":"https:\/\/katarinahamilton.se\/sv\/wp-json\/wp\/v2\/product_brand?post=46771"},{"taxonomy":"product_cat","embeddable":true,"href":"https:\/\/katarinahamilton.se\/sv\/wp-json\/wp\/v2\/product_cat?post=46771"},{"taxonomy":"product_tag","embeddable":true,"href":"https:\/\/katarinahamilton.se\/sv\/wp-json\/wp\/v2\/product_tag?post=46771"}],"curies":[{"name":"wp","href":"https:\/\/api.w.org\/{rel}","templated":true}]}}