{"id":370367,"date":"2026-03-19T21:41:22","date_gmt":"2026-03-19T20:41:22","guid":{"rendered":"https:\/\/katarinahamilton.se\/?post_type=product&#038;p=370367"},"modified":"2026-04-14T15:51:36","modified_gmt":"2026-04-14T13:51:36","slug":"kort-m-kuvert-go-fika","status":"publish","type":"product","link":"https:\/\/katarinahamilton.se\/sv\/produkt\/kort-m-kuvert-go-fika\/","title":{"rendered":"kort m kuvert: &#8220;Go-Fika&#8221;"},"content":{"rendered":"","protected":false},"excerpt":{"rendered":"<p class=\"p1\">Ett riktigt njut-kort med tolv utvalda ljuvligt goda och klassiska svenska bakelser &amp; kakor. F\u00f6r stora och sm\u00e5 fika-\u00e4lskare.<\/p>\n<p class=\"p1\">De olika bakverken p\u00e5 kortet \u00e4r:<br \/>\nPrinsesst\u00e5rta \u2022 Budapest \u2022 Brysselkex \u2022 Finsk Pinne \u2022 K\u00e4rleksmums \u2022 Struva \u2022 Dammsugare \u2022 Napoleonbakelse \u2022 Sarah Bernhard Biscuit \u2022 Schackrutor \u2022 Dr\u00f6m \u2022 Hallongrotta<br \/>\nInformation med alla namnen p\u00e5 b\u00e5de svenska och engelska finns p\u00e5 baksidan av kortet.<\/p>\n","protected":false},"featured_media":370401,"comment_status":"open","ping_status":"closed","template":"","meta":{"_monsterinsights_skip_tracking":false,"_monsterinsights_sitenote_active":false,"_monsterinsights_sitenote_note":"","_monsterinsights_sitenote_category":0},"product_brand":[],"product_cat":[25],"product_tag":[599,899,847,686,68],"class_list":{"0":"post-370367","1":"product","2":"type-product","3":"status-publish","4":"has-post-thumbnail","6":"price_cat-kort-a","7":"product_cat-kort-med-kuvert","8":"product_tag-edibles","9":"product_tag-fathers-day","10":"product_tag-light-blue","11":"product_tag-mothers-day","12":"product_tag-celebration","14":"first","15":"instock","16":"taxable","17":"shipping-taxable","18":"purchasable","19":"product-type-simple"},"_links":{"self":[{"href":"https:\/\/katarinahamilton.se\/sv\/wp-json\/wp\/v2\/product\/370367","targetHints":{"allow":["GET"]}}],"collection":[{"href":"https:\/\/katarinahamilton.se\/sv\/wp-json\/wp\/v2\/product"}],"about":[{"href":"https:\/\/katarinahamilton.se\/sv\/wp-json\/wp\/v2\/types\/product"}],"replies":[{"embeddable":true,"href":"https:\/\/katarinahamilton.se\/sv\/wp-json\/wp\/v2\/comments?post=370367"}],"wp:featuredmedia":[{"embeddable":true,"href":"https:\/\/katarinahamilton.se\/sv\/wp-json\/wp\/v2\/media\/370401"}],"wp:attachment":[{"href":"https:\/\/katarinahamilton.se\/sv\/wp-json\/wp\/v2\/media?parent=370367"}],"wp:term":[{"taxonomy":"product_brand","embeddable":true,"href":"https:\/\/katarinahamilton.se\/sv\/wp-json\/wp\/v2\/product_brand?post=370367"},{"taxonomy":"product_cat","embeddable":true,"href":"https:\/\/katarinahamilton.se\/sv\/wp-json\/wp\/v2\/product_cat?post=370367"},{"taxonomy":"product_tag","embeddable":true,"href":"https:\/\/katarinahamilton.se\/sv\/wp-json\/wp\/v2\/product_tag?post=370367"}],"curies":[{"name":"wp","href":"https:\/\/api.w.org\/{rel}","templated":true}]}}