{"id":370343,"date":"2026-03-17T18:56:57","date_gmt":"2026-03-17T17:56:57","guid":{"rendered":"https:\/\/katarinahamilton.se\/?post_type=product&#038;p=370343"},"modified":"2026-04-06T20:30:47","modified_gmt":"2026-04-06T18:30:47","slug":"bricka-svenska-veteranmotorcyklar-1926-55-32x32cm","status":"publish","type":"product","link":"https:\/\/katarinahamilton.se\/sv\/produkt\/bricka-svenska-veteranmotorcyklar-1926-55-32x32cm\/","title":{"rendered":"bricka: &#8220;Svenska veteranmotorcyklar 1926-55&#8221;  32x32cm"},"content":{"rendered":"","protected":false},"excerpt":{"rendered":"<p>En bricka med \u00e4kta svensk motorcykelnostalgi. Fem historiska svensktillverkade motorcyklar ritade i sin fulla prakt och kraft, motorcyklar som spelat (och fortfarande spelar) stor roll f\u00f6r sina \u00e4gare, f\u00f6r motorcykelfantaster \u00f6ver hela v\u00e4rlden och f\u00f6r den svenska motorcykelhistorien.<\/p>\n<p>Modeller:<br \/>\n<strong>Husqvarna \u201cSilverpilen\u201d\u00a0 1955<\/strong>\u00a0 \u00a0175cc 75kg design: Sixten Sason<br \/>\n<strong>Monark \u201cBlue Arrow\u201d 550\u00a0 \u00a01954<\/strong>\u00a0 \u00a0ILO-motor 250cc 148kg<br \/>\n<strong>NV JB \u201cR\u00f6dmyran\u201d\u00a0 1949<\/strong>\u00a0 \u00a0JB-motor 128cc 74kg<br \/>\n<strong>REX Midget Sport\u00a0 \u00a01939<\/strong>\u00a0 \u00a0Villiers-motor 98cc 45kg<br \/>\n<strong>Husqvarna 600<\/strong> med sidovagn\u00a0 \u00a0<strong>1926<\/strong>\u00a0 \u00a0V-twin-motor 1000cc<\/p>\n<p>Illustrationer: \u00a9 Katarina Hamilton<\/p>\n","protected":false},"featured_media":370366,"comment_status":"open","ping_status":"closed","template":"","meta":{"_monsterinsights_skip_tracking":false,"_monsterinsights_sitenote_active":false,"_monsterinsights_sitenote_note":"","_monsterinsights_sitenote_category":0},"product_brand":[],"product_cat":[633,611,619,22],"product_tag":[381,909,1145,626,471,859,649],"class_list":{"0":"post-370343","1":"product","2":"type-product","3":"status-publish","4":"has-post-thumbnail","6":"price_cat-bricka-32x32","7":"product_cat-trays","8":"product_cat-interior_accessories","9":"product_cat-kitchen_and_table","10":"product_cat-news","11":"product_tag-beige","12":"product_tag-blue","13":"product_tag-vehicles","14":"product_tag-red","15":"product_tag-sports","16":"product_tag-black","17":"product_tag-swedish-industry","19":"first","20":"instock","21":"taxable","22":"shipping-taxable","23":"purchasable","24":"product-type-simple"},"_links":{"self":[{"href":"https:\/\/katarinahamilton.se\/sv\/wp-json\/wp\/v2\/product\/370343","targetHints":{"allow":["GET"]}}],"collection":[{"href":"https:\/\/katarinahamilton.se\/sv\/wp-json\/wp\/v2\/product"}],"about":[{"href":"https:\/\/katarinahamilton.se\/sv\/wp-json\/wp\/v2\/types\/product"}],"replies":[{"embeddable":true,"href":"https:\/\/katarinahamilton.se\/sv\/wp-json\/wp\/v2\/comments?post=370343"}],"wp:featuredmedia":[{"embeddable":true,"href":"https:\/\/katarinahamilton.se\/sv\/wp-json\/wp\/v2\/media\/370366"}],"wp:attachment":[{"href":"https:\/\/katarinahamilton.se\/sv\/wp-json\/wp\/v2\/media?parent=370343"}],"wp:term":[{"taxonomy":"product_brand","embeddable":true,"href":"https:\/\/katarinahamilton.se\/sv\/wp-json\/wp\/v2\/product_brand?post=370343"},{"taxonomy":"product_cat","embeddable":true,"href":"https:\/\/katarinahamilton.se\/sv\/wp-json\/wp\/v2\/product_cat?post=370343"},{"taxonomy":"product_tag","embeddable":true,"href":"https:\/\/katarinahamilton.se\/sv\/wp-json\/wp\/v2\/product_tag?post=370343"}],"curies":[{"name":"wp","href":"https:\/\/api.w.org\/{rel}","templated":true}]}}