{"id":370342,"date":"2026-03-17T07:05:50","date_gmt":"2026-03-17T06:05:50","guid":{"rendered":"https:\/\/katarinahamilton.se\/?post_type=product&#038;p=370342"},"modified":"2026-04-06T16:56:29","modified_gmt":"2026-04-06T14:56:29","slug":"tray-motorcycle-husqvarna-1000cc-1926","status":"publish","type":"product","link":"https:\/\/katarinahamilton.se\/sv\/produkt\/tray-motorcycle-husqvarna-1000cc-1926\/","title":{"rendered":"bricka: &#8220;Motorcykel Husqvarna 1000cc 1926&#8221; 32x15cm"},"content":{"rendered":"","protected":false},"excerpt":{"rendered":"<p>Den ikoniska motorcykeln Husqvarna 600, 1000cc, fr\u00e5n 1926.<\/p>\n<p>En bricka med \u00e4kta motorcykelnostalgi, en tung, snygg och kraftfull hundra\u00e5rig tusenkubikare. Storleken 32&#215;15 cm \u00e4r perfekt f\u00f6r sm\u00e5tt och plock och den passar \u00e4ven d\u00e4r det \u00e4r lite ont om plats &#8211; p\u00e5 skrivbordet, i verkstan, i bokhyllan eller p\u00e5 nattygsbordet.<\/p>\n","protected":false},"featured_media":370361,"comment_status":"open","ping_status":"closed","template":"","meta":{"_monsterinsights_skip_tracking":false,"_monsterinsights_sitenote_active":false,"_monsterinsights_sitenote_note":"","_monsterinsights_sitenote_category":0},"product_brand":[],"product_cat":[633,611,619,22],"product_tag":[1145,471,859,649],"class_list":{"0":"post-370342","1":"product","2":"type-product","3":"status-publish","4":"has-post-thumbnail","6":"price_cat-bricka-32x15","7":"product_cat-trays","8":"product_cat-interior_accessories","9":"product_cat-kitchen_and_table","10":"product_cat-news","11":"product_tag-vehicles","12":"product_tag-sports","13":"product_tag-black","14":"product_tag-swedish-industry","16":"first","17":"instock","18":"taxable","19":"shipping-taxable","20":"purchasable","21":"product-type-simple"},"_links":{"self":[{"href":"https:\/\/katarinahamilton.se\/sv\/wp-json\/wp\/v2\/product\/370342","targetHints":{"allow":["GET"]}}],"collection":[{"href":"https:\/\/katarinahamilton.se\/sv\/wp-json\/wp\/v2\/product"}],"about":[{"href":"https:\/\/katarinahamilton.se\/sv\/wp-json\/wp\/v2\/types\/product"}],"replies":[{"embeddable":true,"href":"https:\/\/katarinahamilton.se\/sv\/wp-json\/wp\/v2\/comments?post=370342"}],"wp:featuredmedia":[{"embeddable":true,"href":"https:\/\/katarinahamilton.se\/sv\/wp-json\/wp\/v2\/media\/370361"}],"wp:attachment":[{"href":"https:\/\/katarinahamilton.se\/sv\/wp-json\/wp\/v2\/media?parent=370342"}],"wp:term":[{"taxonomy":"product_brand","embeddable":true,"href":"https:\/\/katarinahamilton.se\/sv\/wp-json\/wp\/v2\/product_brand?post=370342"},{"taxonomy":"product_cat","embeddable":true,"href":"https:\/\/katarinahamilton.se\/sv\/wp-json\/wp\/v2\/product_cat?post=370342"},{"taxonomy":"product_tag","embeddable":true,"href":"https:\/\/katarinahamilton.se\/sv\/wp-json\/wp\/v2\/product_tag?post=370342"}],"curies":[{"name":"wp","href":"https:\/\/api.w.org\/{rel}","templated":true}]}}