{"id":370324,"date":"2026-03-03T14:22:46","date_gmt":"2026-03-03T13:22:46","guid":{"rendered":"https:\/\/katarinahamilton.se\/?post_type=product&#038;p=370324"},"modified":"2026-04-06T16:58:54","modified_gmt":"2026-04-06T14:58:54","slug":"tygkasse-i-sommarhagen","status":"publish","type":"product","link":"https:\/\/katarinahamilton.se\/sv\/produkt\/tygkasse-i-sommarhagen\/","title":{"rendered":"tygkasse: &#8220;I Sommarhagen&#8221;"},"content":{"rendered":"","protected":false},"excerpt":{"rendered":"<p>Tygkassen &#8220;I Sommarhagen&#8221; \u00e4r sommaren, musiken och naturen.\u00a0 De sju blommorna som finns med i m\u00f6nstret \u00e4r midsommarblomster, r\u00f6dfibbla, norrlandsviol, nordisk stormhatt, styvmorsviol, bl\u00e5gull och kl\u00f6ver. Det finns b\u00e5de bruna och gula fioler med i m\u00f6nstret och det \u00e4r slumpen som avg\u00f6r vilken av dem som \u00e4r med p\u00e5 kassen. Tyget klipps fr\u00e5n metervara och det g\u00f6r att varje kasse blir unik. Bandet till handtagen \u00e4r ocks\u00e5 designat av Katarina Hamilton och v\u00e4vs i Sm\u00e5land.<\/p>\n","protected":false},"featured_media":370368,"comment_status":"open","ping_status":"closed","template":"","meta":{"_monsterinsights_skip_tracking":false,"_monsterinsights_sitenote_active":false,"_monsterinsights_sitenote_note":"","_monsterinsights_sitenote_category":0},"product_brand":[],"product_cat":[631,21],"product_tag":[624,888,910,630,271],"class_list":{"0":"post-370324","1":"product","2":"type-product","3":"status-publish","4":"has-post-thumbnail","6":"price_cat-tygkasse","7":"product_cat-accessories","8":"product_cat-textil","9":"product_tag-flowers","10":"product_tag-the-fells","11":"product_tag-music","12":"product_tag-summer","13":"product_tag-sweden","15":"first","16":"instock","17":"taxable","18":"shipping-taxable","19":"purchasable","20":"product-type-simple"},"_links":{"self":[{"href":"https:\/\/katarinahamilton.se\/sv\/wp-json\/wp\/v2\/product\/370324","targetHints":{"allow":["GET"]}}],"collection":[{"href":"https:\/\/katarinahamilton.se\/sv\/wp-json\/wp\/v2\/product"}],"about":[{"href":"https:\/\/katarinahamilton.se\/sv\/wp-json\/wp\/v2\/types\/product"}],"replies":[{"embeddable":true,"href":"https:\/\/katarinahamilton.se\/sv\/wp-json\/wp\/v2\/comments?post=370324"}],"wp:featuredmedia":[{"embeddable":true,"href":"https:\/\/katarinahamilton.se\/sv\/wp-json\/wp\/v2\/media\/370368"}],"wp:attachment":[{"href":"https:\/\/katarinahamilton.se\/sv\/wp-json\/wp\/v2\/media?parent=370324"}],"wp:term":[{"taxonomy":"product_brand","embeddable":true,"href":"https:\/\/katarinahamilton.se\/sv\/wp-json\/wp\/v2\/product_brand?post=370324"},{"taxonomy":"product_cat","embeddable":true,"href":"https:\/\/katarinahamilton.se\/sv\/wp-json\/wp\/v2\/product_cat?post=370324"},{"taxonomy":"product_tag","embeddable":true,"href":"https:\/\/katarinahamilton.se\/sv\/wp-json\/wp\/v2\/product_tag?post=370324"}],"curies":[{"name":"wp","href":"https:\/\/api.w.org\/{rel}","templated":true}]}}