{"id":370228,"date":"2025-12-17T10:04:09","date_gmt":"2025-12-17T09:04:09","guid":{"rendered":"https:\/\/katarinahamilton.se\/?post_type=product&#038;p=370228"},"modified":"2026-04-06T17:08:28","modified_gmt":"2026-04-06T15:08:28","slug":"sw-dishcloth-green-sea-turtle","status":"publish","type":"product","link":"https:\/\/katarinahamilton.se\/sv\/produkt\/sw-dishcloth-green-sea-turtle\/","title":{"rendered":"Svensk disktrasa: Gr\u00f6n Havssk\u00f6ldpadda"},"content":{"rendered":"","protected":false},"excerpt":{"rendered":"<div class=\"page\" title=\"Page 1\">\n<div class=\"section\">\n<div class=\"layoutArea\">\n<div class=\"column\">\n<p>Den h\u00e4r gr\u00f6na havssk\u00f6ldpaddshonan sticker upp huvudet ovanf\u00f6r havsytan f\u00f6r att andas luft. Havssk\u00f6ldpaddorna g\u00f6r det ungef\u00e4r en g\u00e5ng i halvtimmen. N\u00e4r de vilar sig kan de klara sig ca 3 timmar utan att andas ny luft.<br \/>\nDen h\u00e4r arten \u00e4r en av de st\u00f6rsta havssk\u00f6ldpaddorna och finns i alla varmare hav runt hela jordklotet. Som vuxen blir den vanligtvis 70-150 cm l\u00e5ng och 70-190 kg tung men man har st\u00f6tt p\u00e5 exemplar som v\u00e4ger \u00f6ver 300 kg.<br \/>\nN\u00e4r honan blivit 20-30 \u00e5r kan hon b\u00f6rja l\u00e4gga \u00e4gg. Vart tredje-fj\u00e4rde \u00e5r resten av sitt liv tar hon sig upp p\u00e5 en utvald strand, gr\u00e4ver en grop o sanden och l\u00e4gger hundratals \u00e4gg som hon t\u00e4cker \u00f6ver med sand. N\u00e4r ungarna v\u00e4xt klart inne i \u00e4ggen kravlar de sj\u00e4lva upp ur gropen och ner till vattnet och simmar iv\u00e4g. Det \u00e4r m\u00e5nga faror som lurar p\u00e5 ungarna och man tror att det \u00e4r ungef\u00e4r en unge av tusen som klarar sig till vuxen \u00e5lder.<br \/>\nVetenskapligt namn: Chelonia mydas<\/p>\n<\/div>\n<\/div>\n<\/div>\n<\/div>\n<p>\u00a9 Katarina Hamilton<\/p>\n","protected":false},"featured_media":370260,"comment_status":"open","ping_status":"closed","template":"","meta":{"_monsterinsights_skip_tracking":false,"_monsterinsights_sitenote_active":false,"_monsterinsights_sitenote_note":"","_monsterinsights_sitenote_category":0},"product_brand":[],"product_cat":[617,619,22],"product_tag":[869,646,840],"class_list":{"0":"post-370228","1":"product","2":"type-product","3":"status-publish","4":"has-post-thumbnail","6":"price_cat-disktrasa-a","7":"product_cat-swedish-dishcloths","8":"product_cat-kitchen_and_table","9":"product_cat-news","10":"product_tag-animals","11":"product_tag-waters","12":"product_tag-wilderness","14":"first","15":"instock","16":"taxable","17":"shipping-taxable","18":"purchasable","19":"product-type-simple"},"_links":{"self":[{"href":"https:\/\/katarinahamilton.se\/sv\/wp-json\/wp\/v2\/product\/370228","targetHints":{"allow":["GET"]}}],"collection":[{"href":"https:\/\/katarinahamilton.se\/sv\/wp-json\/wp\/v2\/product"}],"about":[{"href":"https:\/\/katarinahamilton.se\/sv\/wp-json\/wp\/v2\/types\/product"}],"replies":[{"embeddable":true,"href":"https:\/\/katarinahamilton.se\/sv\/wp-json\/wp\/v2\/comments?post=370228"}],"wp:featuredmedia":[{"embeddable":true,"href":"https:\/\/katarinahamilton.se\/sv\/wp-json\/wp\/v2\/media\/370260"}],"wp:attachment":[{"href":"https:\/\/katarinahamilton.se\/sv\/wp-json\/wp\/v2\/media?parent=370228"}],"wp:term":[{"taxonomy":"product_brand","embeddable":true,"href":"https:\/\/katarinahamilton.se\/sv\/wp-json\/wp\/v2\/product_brand?post=370228"},{"taxonomy":"product_cat","embeddable":true,"href":"https:\/\/katarinahamilton.se\/sv\/wp-json\/wp\/v2\/product_cat?post=370228"},{"taxonomy":"product_tag","embeddable":true,"href":"https:\/\/katarinahamilton.se\/sv\/wp-json\/wp\/v2\/product_tag?post=370228"}],"curies":[{"name":"wp","href":"https:\/\/api.w.org\/{rel}","templated":true}]}}