{"id":370107,"date":"2025-09-21T16:18:18","date_gmt":"2025-09-21T14:18:18","guid":{"rendered":"https:\/\/katarinahamilton.se\/?post_type=product&#038;p=370107"},"modified":"2025-11-21T13:49:22","modified_gmt":"2025-11-21T12:49:22","slug":"totebag-women-nobelprize-literature-2024","status":"publish","type":"product","link":"https:\/\/katarinahamilton.se\/sv\/produkt\/totebag-women-nobelprize-literature-2024\/","title":{"rendered":"tygkasse: &#8220;Kvinnliga Nobelpristagare i Litteratur 1901-2024&#8243;"},"content":{"rendered":"","protected":false},"excerpt":{"rendered":"<div class=\"page\" title=\"Page 1\">\n<div class=\"layoutArea\">\n<div class=\"column\">\n<p>Nobelkasse version 2024<\/p>\n<p>Arton av v\u00e4rldens mest framst\u00e5ende kvinnliga f\u00f6rfattare \u00e4r samlade h\u00e4r i s\u00e4llskap med fyra boktitlar var. Titlarna \u00e4r p\u00e5 originalspr\u00e5k. Kassen \u00e4r sydd av ett slitstarkt bomullstyg av h\u00f6g kvalitet. M\u00e5tten \u00e4r 40x35cm med 55 cm l\u00e5nga handtag av specialv\u00e4vda band i ekologisk bomull. Kassen kommer med ett bokm\u00e4rke, 17x6cm, d\u00e4r alla f\u00f6rfattarna st\u00e5r med med namn, \u00e5rtal och l\u00e4nder de verkat i. Kassen \u00e4r sydd i Sverige, banden \u00e4r v\u00e4vda i Sm\u00e5land, bomullstyget \u00e4r tryckt i Lettland,<br \/>\n\u00a9 Katarina Hamilton<\/p>\n<p>Lista med samtliga, \u00e5rtal f\u00f6r prisets utdelande, namn, f\u00f6deles\u00e5r och respektive hemland:<\/p>\n<p>2024  Han Kang  *1970           Sydkorea<br \/>\n2022\u00a0 Annie Ernaux\u00a0 *1940  \u00a0    Frankrike<br \/>\n2020 Louise Glu\u0308ck\u00a0 \u00a0*1943  \u00a0    USA<br \/>\n2018 Olga Tokarczuk *1962\u00a0      Polen<br \/>\n2015 Svetlana Alexievich *1948\u00a0 Vitryssland<br \/>\n2013 Alice Munro  *1931         Kanada<br \/>\n2009 Herta Mu\u0308ller *1953         Rum\u00e4nien och Tyskland<br \/>\n2007 Doris Lessing *1919 \u00a0      Persien and Storbritannien<\/span><br \/>\n2004 Elfriede Jelinek *1946     \u00d6sterrike<\/span><br \/>\n1996 Wis\u0142awa Szymborska *1923\u00a0 \u00a0Polen<br \/>\n1993 Toni Morrison *1031        USA<br \/>\n1991 Nadine Gordimer *1923      Sydafrika<br \/>\n1966 Nelly Sachs *1891 \u00a0        Tyskland och Sverige<br \/>\n1945 Gabriela Mistral *1889   \u00a0 Chile<br \/>\n1938 Pearl Buck *1892 \u00a0         Kina och USA<br \/>\n1928 Sigrid Undset *1882        Norge<br \/>\n1926 Grazia Deledda *1871     \u00a0 Italien<br \/>\n1909 Selma Lagerlo\u0308f *1858       Sverige<\/p>\n","protected":false},"featured_media":370190,"comment_status":"open","ping_status":"closed","template":"","meta":{"_monsterinsights_skip_tracking":false,"_monsterinsights_sitenote_active":false,"_monsterinsights_sitenote_note":"","_monsterinsights_sitenote_category":0},"product_brand":[],"product_cat":[631,21],"product_tag":[613,615,84,93,859,271],"class_list":{"0":"post-370107","1":"product","2":"type-product","3":"status-publish","4":"has-post-thumbnail","6":"product_cat-accessories","7":"product_cat-textil","8":"product_tag-authors","9":"product_tag-women","10":"product_tag-literature","11":"product_tag-nobelprize","12":"product_tag-black","13":"product_tag-sweden","15":"first","16":"instock","17":"taxable","18":"shipping-taxable","19":"purchasable","20":"product-type-simple"},"_links":{"self":[{"href":"https:\/\/katarinahamilton.se\/sv\/wp-json\/wp\/v2\/product\/370107","targetHints":{"allow":["GET"]}}],"collection":[{"href":"https:\/\/katarinahamilton.se\/sv\/wp-json\/wp\/v2\/product"}],"about":[{"href":"https:\/\/katarinahamilton.se\/sv\/wp-json\/wp\/v2\/types\/product"}],"replies":[{"embeddable":true,"href":"https:\/\/katarinahamilton.se\/sv\/wp-json\/wp\/v2\/comments?post=370107"}],"wp:featuredmedia":[{"embeddable":true,"href":"https:\/\/katarinahamilton.se\/sv\/wp-json\/wp\/v2\/media\/370190"}],"wp:attachment":[{"href":"https:\/\/katarinahamilton.se\/sv\/wp-json\/wp\/v2\/media?parent=370107"}],"wp:term":[{"taxonomy":"product_brand","embeddable":true,"href":"https:\/\/katarinahamilton.se\/sv\/wp-json\/wp\/v2\/product_brand?post=370107"},{"taxonomy":"product_cat","embeddable":true,"href":"https:\/\/katarinahamilton.se\/sv\/wp-json\/wp\/v2\/product_cat?post=370107"},{"taxonomy":"product_tag","embeddable":true,"href":"https:\/\/katarinahamilton.se\/sv\/wp-json\/wp\/v2\/product_tag?post=370107"}],"curies":[{"name":"wp","href":"https:\/\/api.w.org\/{rel}","templated":true}]}}