{"id":370006,"date":"2025-05-17T12:40:42","date_gmt":"2025-05-17T10:40:42","guid":{"rendered":"https:\/\/katarinahamilton.se\/?post_type=product&#038;p=370006"},"modified":"2026-03-02T01:37:15","modified_gmt":"2026-03-02T00:37:15","slug":"card-w-envelope_women_nobel-peace-prize","status":"publish","type":"product","link":"https:\/\/katarinahamilton.se\/sv\/produkt\/card-w-envelope_women_nobel-peace-prize\/","title":{"rendered":"kort m kuvert: &#8220;Kvinnorna som erh\u00e5llit NOBELS FREDSPRIS 1901-2025&#8243;"},"content":{"rendered":"","protected":false},"excerpt":{"rendered":"<p>Nu uppdaterad med 2025 \u00e5rs mottagare av Nobels Fredspris: Maria Corina Machado. Portr\u00e4tt av samtliga kvinnor som erh\u00e5llit Nobels Fredspris fram till och med \u00e5r 2024. P\u00e5 baksidan finns listan med alla \u00e5rtal, namn och hemland.<\/p>\n","protected":false},"featured_media":370140,"comment_status":"open","ping_status":"closed","template":"","meta":{"_monsterinsights_skip_tracking":false,"_monsterinsights_sitenote_active":false,"_monsterinsights_sitenote_note":"","_monsterinsights_sitenote_category":0},"product_brand":[],"product_cat":[25],"product_tag":[909,581,615,93],"class_list":{"0":"post-370006","1":"product","2":"type-product","3":"status-publish","4":"has-post-thumbnail","6":"price_cat-kort-a","7":"product_cat-kort-med-kuvert","8":"product_tag-blue","9":"product_tag-birds","10":"product_tag-women","11":"product_tag-nobelprize","13":"first","14":"instock","15":"taxable","16":"shipping-taxable","17":"purchasable","18":"product-type-simple"},"_links":{"self":[{"href":"https:\/\/katarinahamilton.se\/sv\/wp-json\/wp\/v2\/product\/370006","targetHints":{"allow":["GET"]}}],"collection":[{"href":"https:\/\/katarinahamilton.se\/sv\/wp-json\/wp\/v2\/product"}],"about":[{"href":"https:\/\/katarinahamilton.se\/sv\/wp-json\/wp\/v2\/types\/product"}],"replies":[{"embeddable":true,"href":"https:\/\/katarinahamilton.se\/sv\/wp-json\/wp\/v2\/comments?post=370006"}],"wp:featuredmedia":[{"embeddable":true,"href":"https:\/\/katarinahamilton.se\/sv\/wp-json\/wp\/v2\/media\/370140"}],"wp:attachment":[{"href":"https:\/\/katarinahamilton.se\/sv\/wp-json\/wp\/v2\/media?parent=370006"}],"wp:term":[{"taxonomy":"product_brand","embeddable":true,"href":"https:\/\/katarinahamilton.se\/sv\/wp-json\/wp\/v2\/product_brand?post=370006"},{"taxonomy":"product_cat","embeddable":true,"href":"https:\/\/katarinahamilton.se\/sv\/wp-json\/wp\/v2\/product_cat?post=370006"},{"taxonomy":"product_tag","embeddable":true,"href":"https:\/\/katarinahamilton.se\/sv\/wp-json\/wp\/v2\/product_tag?post=370006"}],"curies":[{"name":"wp","href":"https:\/\/api.w.org\/{rel}","templated":true}]}}