{"id":369936,"date":"2025-03-23T20:59:57","date_gmt":"2025-03-23T19:59:57","guid":{"rendered":"https:\/\/katarinahamilton.se\/?post_type=product&#038;p=369936"},"modified":"2026-04-06T17:15:55","modified_gmt":"2026-04-06T15:15:55","slug":"bricka-atbart-ii-stor-oval-55x33cm-kopia","status":"publish","type":"product","link":"https:\/\/katarinahamilton.se\/sv\/produkt\/bricka-atbart-ii-stor-oval-55x33cm-kopia\/","title":{"rendered":"Bricka &#8220;\u00c4tbart&#8221; II, stor oval 55x33cm"},"content":{"rendered":"<p class=\"qtranxs-available-languages-message qtranxs-available-languages-message-sv\">Tyv\u00e4rr \u00e4r denna artikel enbart tillg\u00e4nglig p\u00e5 <a href=\"https:\/\/katarinahamilton.se\/en\/wp-json\/wp\/v2\/product\/369936\" class=\"qtranxs-available-language-link qtranxs-available-language-link-en\" title=\"ENG\">ENG<\/a>.<\/p>","protected":false},"excerpt":{"rendered":"<p>M\u00f6nstret &#8220;\u00c4tbart&#8221; ritades av Katarina Hamilton \u00e5r 2000 p\u00e5 uppdrag av Nationalmuseum i Stockholm.<\/p>\n","protected":false},"featured_media":369967,"comment_status":"open","ping_status":"closed","template":"","meta":{"_monsterinsights_skip_tracking":false,"_monsterinsights_sitenote_active":false,"_monsterinsights_sitenote_note":"","_monsterinsights_sitenote_category":0},"product_brand":[],"product_cat":[633],"product_tag":[599,658],"class_list":{"0":"post-369936","1":"product","2":"type-product","3":"status-publish","4":"has-post-thumbnail","6":"price_cat-bricka-oval-55x33","7":"product_cat-trays","8":"product_tag-edibles","9":"product_tag-garden","11":"first","12":"instock","13":"taxable","14":"shipping-taxable","15":"purchasable","16":"product-type-simple"},"_links":{"self":[{"href":"https:\/\/katarinahamilton.se\/sv\/wp-json\/wp\/v2\/product\/369936","targetHints":{"allow":["GET"]}}],"collection":[{"href":"https:\/\/katarinahamilton.se\/sv\/wp-json\/wp\/v2\/product"}],"about":[{"href":"https:\/\/katarinahamilton.se\/sv\/wp-json\/wp\/v2\/types\/product"}],"replies":[{"embeddable":true,"href":"https:\/\/katarinahamilton.se\/sv\/wp-json\/wp\/v2\/comments?post=369936"}],"wp:featuredmedia":[{"embeddable":true,"href":"https:\/\/katarinahamilton.se\/sv\/wp-json\/wp\/v2\/media\/369967"}],"wp:attachment":[{"href":"https:\/\/katarinahamilton.se\/sv\/wp-json\/wp\/v2\/media?parent=369936"}],"wp:term":[{"taxonomy":"product_brand","embeddable":true,"href":"https:\/\/katarinahamilton.se\/sv\/wp-json\/wp\/v2\/product_brand?post=369936"},{"taxonomy":"product_cat","embeddable":true,"href":"https:\/\/katarinahamilton.se\/sv\/wp-json\/wp\/v2\/product_cat?post=369936"},{"taxonomy":"product_tag","embeddable":true,"href":"https:\/\/katarinahamilton.se\/sv\/wp-json\/wp\/v2\/product_tag?post=369936"}],"curies":[{"name":"wp","href":"https:\/\/api.w.org\/{rel}","templated":true}]}}