{"id":369817,"date":"2024-12-06T21:50:04","date_gmt":"2024-12-06T20:50:04","guid":{"rendered":"https:\/\/katarinahamilton.se\/?post_type=product&#038;p=369817"},"modified":"2026-04-06T17:17:13","modified_gmt":"2026-04-06T15:17:13","slug":"bricka-32x32cm-forfattarinnorna-som-erhallit-nobelpriset-i-litteratur-1901-2024","status":"publish","type":"product","link":"https:\/\/katarinahamilton.se\/sv\/produkt\/bricka-32x32cm-forfattarinnorna-som-erhallit-nobelpriset-i-litteratur-1901-2024\/","title":{"rendered":"bricka 32x32cm: &#8220;F\u00f6rfattarinnorna som erh\u00e5llit Nobelpriset i Litteratur 1901-2024&#8243;"},"content":{"rendered":"","protected":false},"excerpt":{"rendered":"<p>December 2022: Uppdaterade brickan med Kvinnliga Nobelpristagarna i Litteratur har nu kommit in. En bricka med helgjutet och inspirerande s\u00e4llskap 24\/7.<\/p>\n<p>\u00c5rtal och pristagare som ing\u00e5r i m\u00f6nstret \u00e4r:<\/p>\n<p>1909 Selma Lagerl\u00f6f (Sverige), 1926 Grazia Deledda (Italien), 1928 Sigrid Undset (Norge), 1938 Pearl Buck (Kina och USA) 1945 Gabriela Mistral (Chile) 1966 Nelly Sachs (Tyskland och Sverige) 1991 Nadime Gordimer (Sydafrika), 1993 Toni Morrison (USA) 1996 Wislawa Szymborska (Polen) 2004 Elfriede Jelinek (\u00d6sterrike), 2007 Doris Lessing (Persien och Storbritannien) 2009 Herta M\u00fcller (Rum\u00e4nien och Tyskland), 2013 Alice Munro (Kanada), 2015 Svetlana Alexievich (Vitryssland), 2018 Olga Tokarzcuk (Polen), 2020 Louise Gl\u00fcck (USA), 2022 Annie Ernaux (France) och 2024 Han Kang (Sydkorea).<\/p>\n<p>\u00a9 Katarina Hamilton.<\/p>\n","protected":false},"featured_media":369827,"comment_status":"open","ping_status":"closed","template":"","meta":{"_monsterinsights_skip_tracking":false,"_monsterinsights_sitenote_active":false,"_monsterinsights_sitenote_note":"","_monsterinsights_sitenote_category":0},"product_brand":[],"product_cat":[633,611,619],"product_tag":[613,615,84,93,859],"class_list":{"0":"post-369817","1":"product","2":"type-product","3":"status-publish","4":"has-post-thumbnail","6":"price_cat-bricka-32x32","7":"product_cat-trays","8":"product_cat-interior_accessories","9":"product_cat-kitchen_and_table","10":"product_tag-authors","11":"product_tag-women","12":"product_tag-literature","13":"product_tag-nobelprize","14":"product_tag-black","16":"first","17":"instock","18":"taxable","19":"shipping-taxable","20":"purchasable","21":"product-type-simple"},"_links":{"self":[{"href":"https:\/\/katarinahamilton.se\/sv\/wp-json\/wp\/v2\/product\/369817","targetHints":{"allow":["GET"]}}],"collection":[{"href":"https:\/\/katarinahamilton.se\/sv\/wp-json\/wp\/v2\/product"}],"about":[{"href":"https:\/\/katarinahamilton.se\/sv\/wp-json\/wp\/v2\/types\/product"}],"replies":[{"embeddable":true,"href":"https:\/\/katarinahamilton.se\/sv\/wp-json\/wp\/v2\/comments?post=369817"}],"wp:featuredmedia":[{"embeddable":true,"href":"https:\/\/katarinahamilton.se\/sv\/wp-json\/wp\/v2\/media\/369827"}],"wp:attachment":[{"href":"https:\/\/katarinahamilton.se\/sv\/wp-json\/wp\/v2\/media?parent=369817"}],"wp:term":[{"taxonomy":"product_brand","embeddable":true,"href":"https:\/\/katarinahamilton.se\/sv\/wp-json\/wp\/v2\/product_brand?post=369817"},{"taxonomy":"product_cat","embeddable":true,"href":"https:\/\/katarinahamilton.se\/sv\/wp-json\/wp\/v2\/product_cat?post=369817"},{"taxonomy":"product_tag","embeddable":true,"href":"https:\/\/katarinahamilton.se\/sv\/wp-json\/wp\/v2\/product_tag?post=369817"}],"curies":[{"name":"wp","href":"https:\/\/api.w.org\/{rel}","templated":true}]}}