{"id":369486,"date":"2024-02-06T16:57:29","date_gmt":"2024-02-06T15:57:29","guid":{"rendered":"https:\/\/katarinahamilton.se\/?post_type=product&#038;p=369486"},"modified":"2026-04-06T17:19:24","modified_gmt":"2026-04-06T15:19:24","slug":"kort-m-kuvert-blommande-vildkorsbar","status":"publish","type":"product","link":"https:\/\/katarinahamilton.se\/sv\/produkt\/kort-m-kuvert-blommande-vildkorsbar\/","title":{"rendered":"kort m kuvert: &#8220;Blommande vildk\u00f6rsb\u00e4r&#8221;"},"content":{"rendered":"","protected":false},"excerpt":{"rendered":"<p>Vita, skira blommor p\u00e5 kala m\u00f6rka grenar. P\u00e5 v\u00e5ren ser k\u00f6rsb\u00e4rstr\u00e4det pl\u00f6tsligt ut som att det h\u00e5ller ett sv\u00e4vande sn\u00f6t\u00e4cke i sina grenar, glittrande vitt i solen \u00f6ver den v\u00e5rgr\u00f6na marken. V\u00e4rldens st\u00f6rsta best\u00e5nd av vildk\u00f6rsb\u00e4rstr\u00e4d utanf\u00f6r Japan finns i Sverige, i Valledalen p\u00e5 Billingens v\u00e4stra sida, mellan Sk\u00f6vde och Skara i V\u00e4sterg\u00f6tland. Den som varit d\u00e4r n\u00e4r de blommar gl\u00f6mmer det aldrig. Valledalen l\u00e4r vara f\u00f6rebild till Astrid Lindgrens &#8220;K\u00f6rsb\u00e4rsdalen&#8221; i boken Br\u00f6derna Lejonhj\u00e4rta.<\/p>\n","protected":false},"featured_media":369487,"comment_status":"open","ping_status":"closed","template":"","meta":{"_monsterinsights_skip_tracking":false,"_monsterinsights_sitenote_active":false,"_monsterinsights_sitenote_note":"","_monsterinsights_sitenote_category":0},"product_brand":[],"product_cat":[25],"product_tag":[412,861,658,679,840,136],"class_list":{"0":"post-369486","1":"product","2":"type-product","3":"status-publish","4":"has-post-thumbnail","6":"price_cat-kort-a","7":"product_cat-kort-med-kuvert","8":"product_tag-romance","9":"product_tag-pink","10":"product_tag-garden","11":"product_tag-spring","12":"product_tag-wilderness","13":"product_tag-white","15":"first","16":"instock","17":"taxable","18":"shipping-taxable","19":"purchasable","20":"product-type-simple"},"_links":{"self":[{"href":"https:\/\/katarinahamilton.se\/sv\/wp-json\/wp\/v2\/product\/369486","targetHints":{"allow":["GET"]}}],"collection":[{"href":"https:\/\/katarinahamilton.se\/sv\/wp-json\/wp\/v2\/product"}],"about":[{"href":"https:\/\/katarinahamilton.se\/sv\/wp-json\/wp\/v2\/types\/product"}],"replies":[{"embeddable":true,"href":"https:\/\/katarinahamilton.se\/sv\/wp-json\/wp\/v2\/comments?post=369486"}],"wp:featuredmedia":[{"embeddable":true,"href":"https:\/\/katarinahamilton.se\/sv\/wp-json\/wp\/v2\/media\/369487"}],"wp:attachment":[{"href":"https:\/\/katarinahamilton.se\/sv\/wp-json\/wp\/v2\/media?parent=369486"}],"wp:term":[{"taxonomy":"product_brand","embeddable":true,"href":"https:\/\/katarinahamilton.se\/sv\/wp-json\/wp\/v2\/product_brand?post=369486"},{"taxonomy":"product_cat","embeddable":true,"href":"https:\/\/katarinahamilton.se\/sv\/wp-json\/wp\/v2\/product_cat?post=369486"},{"taxonomy":"product_tag","embeddable":true,"href":"https:\/\/katarinahamilton.se\/sv\/wp-json\/wp\/v2\/product_tag?post=369486"}],"curies":[{"name":"wp","href":"https:\/\/api.w.org\/{rel}","templated":true}]}}