{"id":369416,"date":"2023-11-14T16:11:20","date_gmt":"2023-11-14T15:11:20","guid":{"rendered":"https:\/\/katarinahamilton.se\/?post_type=product&#038;p=369416"},"modified":"2026-04-08T09:41:49","modified_gmt":"2026-04-08T07:41:49","slug":"kort-m-kuvert-fjalluggla","status":"publish","type":"product","link":"https:\/\/katarinahamilton.se\/sv\/produkt\/kort-m-kuvert-fjalluggla\/","title":{"rendered":"kort m kuvert: Fj\u00e4lluggla"},"content":{"rendered":"","protected":false},"excerpt":{"rendered":"<p>Fj\u00e4llugglan &#8211;\u00a0 ett skarp\u00f6gt, ullgulligt kraftpaket med perfekt kamouflage f\u00f6r ett liv i\u00a0 vinterlandskap.<\/p>\n<p>En fj\u00e4lluggla \u00e4r 53\u201365 cm l\u00e5ng och m\u00e4ter upp till 150 cm mellan vingspetsarna. Den v\u00e4ger 1,6\u20132 kg, honorna \u00e4r lite tyngre \u00e4n hannarna.<\/p>\n","protected":false},"featured_media":369408,"comment_status":"open","ping_status":"closed","template":"","meta":{"_monsterinsights_skip_tracking":false,"_monsterinsights_sitenote_active":false,"_monsterinsights_sitenote_note":"","_monsterinsights_sitenote_category":0},"product_brand":[],"product_cat":[25,522],"product_tag":[581,888,710,840,136],"class_list":{"0":"post-369416","1":"product","2":"type-product","3":"status-publish","4":"has-post-thumbnail","6":"price_cat-kort-a","7":"product_cat-kort-med-kuvert","8":"product_cat-fells","9":"product_tag-birds","10":"product_tag-the-fells","11":"product_tag-snow","12":"product_tag-wilderness","13":"product_tag-white","15":"first","16":"instock","17":"taxable","18":"shipping-taxable","19":"purchasable","20":"product-type-simple"},"_links":{"self":[{"href":"https:\/\/katarinahamilton.se\/sv\/wp-json\/wp\/v2\/product\/369416","targetHints":{"allow":["GET"]}}],"collection":[{"href":"https:\/\/katarinahamilton.se\/sv\/wp-json\/wp\/v2\/product"}],"about":[{"href":"https:\/\/katarinahamilton.se\/sv\/wp-json\/wp\/v2\/types\/product"}],"replies":[{"embeddable":true,"href":"https:\/\/katarinahamilton.se\/sv\/wp-json\/wp\/v2\/comments?post=369416"}],"wp:featuredmedia":[{"embeddable":true,"href":"https:\/\/katarinahamilton.se\/sv\/wp-json\/wp\/v2\/media\/369408"}],"wp:attachment":[{"href":"https:\/\/katarinahamilton.se\/sv\/wp-json\/wp\/v2\/media?parent=369416"}],"wp:term":[{"taxonomy":"product_brand","embeddable":true,"href":"https:\/\/katarinahamilton.se\/sv\/wp-json\/wp\/v2\/product_brand?post=369416"},{"taxonomy":"product_cat","embeddable":true,"href":"https:\/\/katarinahamilton.se\/sv\/wp-json\/wp\/v2\/product_cat?post=369416"},{"taxonomy":"product_tag","embeddable":true,"href":"https:\/\/katarinahamilton.se\/sv\/wp-json\/wp\/v2\/product_tag?post=369416"}],"curies":[{"name":"wp","href":"https:\/\/api.w.org\/{rel}","templated":true}]}}