{"id":369263,"date":"2023-06-20T20:16:58","date_gmt":"2023-06-20T18:16:58","guid":{"rendered":"https:\/\/katarinahamilton.se\/?post_type=product&#038;p=369263"},"modified":"2026-04-06T17:25:31","modified_gmt":"2026-04-06T15:25:31","slug":"svensk-disktrasa-pepparkaksfigurer","status":"publish","type":"product","link":"https:\/\/katarinahamilton.se\/sv\/produkt\/svensk-disktrasa-pepparkaksfigurer\/","title":{"rendered":"Svensk disktrasa: Pepparkaksfigurer"},"content":{"rendered":"","protected":false},"excerpt":{"rendered":"<p>De tv\u00e5 f\u00f6rsta tonerna i &#8220;Det str\u00e5lar en stj\u00e4rna.. &#8221;\u00a0 \u00e4r ledmotivet h\u00e4r. Ett pepparkake-kalas med spralliga katter, pliriga musikanter och h\u00e4star som st\u00e5r vakt. R\u00f6da gullband g\u00f6r julst\u00e4mningen fullst\u00e4ndig.<\/p>\n<p>\u00a9 Katarina Hamilton<\/p>\n","protected":false},"featured_media":369343,"comment_status":"open","ping_status":"closed","template":"","meta":{"_monsterinsights_skip_tracking":false,"_monsterinsights_sitenote_active":false,"_monsterinsights_sitenote_note":"","_monsterinsights_sitenote_category":0},"product_brand":[],"product_cat":[617,885,619],"product_tag":[599,725,850,157,691,910,271],"class_list":{"0":"post-369263","1":"product","2":"type-product","3":"status-publish","4":"has-post-thumbnail","6":"price_cat-disktrasa-a","7":"product_cat-swedish-dishcloths","8":"product_cat-christmas","9":"product_cat-kitchen_and_table","10":"product_tag-edibles","11":"product_tag-horses","12":"product_tag-valentines","13":"product_tag-christmas","14":"product_tag-cats","15":"product_tag-music","16":"product_tag-sweden","18":"first","19":"instock","20":"taxable","21":"shipping-taxable","22":"purchasable","23":"product-type-simple"},"_links":{"self":[{"href":"https:\/\/katarinahamilton.se\/sv\/wp-json\/wp\/v2\/product\/369263","targetHints":{"allow":["GET"]}}],"collection":[{"href":"https:\/\/katarinahamilton.se\/sv\/wp-json\/wp\/v2\/product"}],"about":[{"href":"https:\/\/katarinahamilton.se\/sv\/wp-json\/wp\/v2\/types\/product"}],"replies":[{"embeddable":true,"href":"https:\/\/katarinahamilton.se\/sv\/wp-json\/wp\/v2\/comments?post=369263"}],"wp:featuredmedia":[{"embeddable":true,"href":"https:\/\/katarinahamilton.se\/sv\/wp-json\/wp\/v2\/media\/369343"}],"wp:attachment":[{"href":"https:\/\/katarinahamilton.se\/sv\/wp-json\/wp\/v2\/media?parent=369263"}],"wp:term":[{"taxonomy":"product_brand","embeddable":true,"href":"https:\/\/katarinahamilton.se\/sv\/wp-json\/wp\/v2\/product_brand?post=369263"},{"taxonomy":"product_cat","embeddable":true,"href":"https:\/\/katarinahamilton.se\/sv\/wp-json\/wp\/v2\/product_cat?post=369263"},{"taxonomy":"product_tag","embeddable":true,"href":"https:\/\/katarinahamilton.se\/sv\/wp-json\/wp\/v2\/product_tag?post=369263"}],"curies":[{"name":"wp","href":"https:\/\/api.w.org\/{rel}","templated":true}]}}