{"id":369142,"date":"2023-01-20T14:07:56","date_gmt":"2023-01-20T13:07:56","guid":{"rendered":"http:\/\/katarinahamilton.se\/?post_type=product&#038;p=369142"},"modified":"2026-04-06T17:29:42","modified_gmt":"2026-04-06T15:29:42","slug":"svensk-disktrasa-liten-o-med-stuga-pa","status":"publish","type":"product","link":"https:\/\/katarinahamilton.se\/sv\/produkt\/svensk-disktrasa-liten-o-med-stuga-pa\/","title":{"rendered":"Svensk disktrasa: Liten \u00f6 med stuga p\u00e5"},"content":{"rendered":"","protected":false},"excerpt":{"rendered":"<p>I stugan ligger veden intill vedspisen, konserver och kn\u00e4ckebr\u00f6d finns i sk\u00e5pet, en k\u00f6kssoffa med hopvikt yllefilt och stora sk\u00f6na fj\u00e4derkuddar och p\u00e5 bordet st\u00e5r fotogenlampan, saltstr\u00f6are och sockersk\u00e5l. S\u00e4llskapsspel i hyllan och flytv\u00e4star p\u00e5 krokarna bredvid ytterd\u00f6rren. Under bryggan simmar abborrarna, v\u00e5gorna skvalpar lite l\u00e4tt mot b\u00e5tens f\u00f6rst\u00e4v. Barndomsminnen&#8230;<\/p>\n<p>\u00a9 Katarina Hamilton<\/p>\n","protected":false},"featured_media":369143,"comment_status":"open","ping_status":"closed","template":"","meta":{"_monsterinsights_skip_tracking":false,"_monsterinsights_sitenote_active":false,"_monsterinsights_sitenote_note":"","_monsterinsights_sitenote_category":0},"product_brand":[],"product_cat":[617,619,522],"product_tag":[909,630,271,679,646],"class_list":{"0":"post-369142","1":"product","2":"type-product","3":"status-publish","4":"has-post-thumbnail","6":"price_cat-disktrasa-a","7":"product_cat-swedish-dishcloths","8":"product_cat-kitchen_and_table","9":"product_cat-fells","10":"product_tag-blue","11":"product_tag-summer","12":"product_tag-sweden","13":"product_tag-spring","14":"product_tag-waters","16":"first","17":"instock","18":"taxable","19":"shipping-taxable","20":"purchasable","21":"product-type-simple"},"_links":{"self":[{"href":"https:\/\/katarinahamilton.se\/sv\/wp-json\/wp\/v2\/product\/369142","targetHints":{"allow":["GET"]}}],"collection":[{"href":"https:\/\/katarinahamilton.se\/sv\/wp-json\/wp\/v2\/product"}],"about":[{"href":"https:\/\/katarinahamilton.se\/sv\/wp-json\/wp\/v2\/types\/product"}],"replies":[{"embeddable":true,"href":"https:\/\/katarinahamilton.se\/sv\/wp-json\/wp\/v2\/comments?post=369142"}],"wp:featuredmedia":[{"embeddable":true,"href":"https:\/\/katarinahamilton.se\/sv\/wp-json\/wp\/v2\/media\/369143"}],"wp:attachment":[{"href":"https:\/\/katarinahamilton.se\/sv\/wp-json\/wp\/v2\/media?parent=369142"}],"wp:term":[{"taxonomy":"product_brand","embeddable":true,"href":"https:\/\/katarinahamilton.se\/sv\/wp-json\/wp\/v2\/product_brand?post=369142"},{"taxonomy":"product_cat","embeddable":true,"href":"https:\/\/katarinahamilton.se\/sv\/wp-json\/wp\/v2\/product_cat?post=369142"},{"taxonomy":"product_tag","embeddable":true,"href":"https:\/\/katarinahamilton.se\/sv\/wp-json\/wp\/v2\/product_tag?post=369142"}],"curies":[{"name":"wp","href":"https:\/\/api.w.org\/{rel}","templated":true}]}}