{"id":369140,"date":"2023-01-20T10:14:41","date_gmt":"2023-01-20T09:14:41","guid":{"rendered":"http:\/\/katarinahamilton.se\/?post_type=product&#038;p=369140"},"modified":"2026-04-06T17:30:09","modified_gmt":"2026-04-06T15:30:09","slug":"dishcloth_mountain_farm","status":"publish","type":"product","link":"https:\/\/katarinahamilton.se\/sv\/produkt\/dishcloth_mountain_farm\/","title":{"rendered":"Svensk disktrasa: F\u00e4boden"},"content":{"rendered":"","protected":false},"excerpt":{"rendered":"<p>K\u00e4nslan n\u00e4r man \u00e4r framme vid f\u00e4boden&#8230; I h\u00e4rbret \u00e4r det gott att sova och f\u00f6rvara saker. Ute i markerna lyser det goda gr\u00e4set som djuren ska beta hela sommaren. Vid g\u00e4rdsg\u00e5rden blommar hundloka.<\/p>\n<p>\u00a9 Katarina Hamilton<\/p>\n","protected":false},"featured_media":369336,"comment_status":"open","ping_status":"closed","template":"","meta":{"_monsterinsights_skip_tracking":false,"_monsterinsights_sitenote_active":false,"_monsterinsights_sitenote_note":"","_monsterinsights_sitenote_category":0},"product_brand":[],"product_cat":[617,619,522],"product_tag":[888,879,857,630,271,679,646],"class_list":{"0":"post-369140","1":"product","2":"type-product","3":"status-publish","4":"has-post-thumbnail","6":"price_cat-disktrasa-a","7":"product_cat-swedish-dishcloths","8":"product_cat-kitchen_and_table","9":"product_cat-fells","10":"product_tag-the-fells","11":"product_tag-green","12":"product_tag-farming","13":"product_tag-summer","14":"product_tag-sweden","15":"product_tag-spring","16":"product_tag-waters","18":"first","19":"instock","20":"taxable","21":"shipping-taxable","22":"purchasable","23":"product-type-simple"},"_links":{"self":[{"href":"https:\/\/katarinahamilton.se\/sv\/wp-json\/wp\/v2\/product\/369140","targetHints":{"allow":["GET"]}}],"collection":[{"href":"https:\/\/katarinahamilton.se\/sv\/wp-json\/wp\/v2\/product"}],"about":[{"href":"https:\/\/katarinahamilton.se\/sv\/wp-json\/wp\/v2\/types\/product"}],"replies":[{"embeddable":true,"href":"https:\/\/katarinahamilton.se\/sv\/wp-json\/wp\/v2\/comments?post=369140"}],"wp:featuredmedia":[{"embeddable":true,"href":"https:\/\/katarinahamilton.se\/sv\/wp-json\/wp\/v2\/media\/369336"}],"wp:attachment":[{"href":"https:\/\/katarinahamilton.se\/sv\/wp-json\/wp\/v2\/media?parent=369140"}],"wp:term":[{"taxonomy":"product_brand","embeddable":true,"href":"https:\/\/katarinahamilton.se\/sv\/wp-json\/wp\/v2\/product_brand?post=369140"},{"taxonomy":"product_cat","embeddable":true,"href":"https:\/\/katarinahamilton.se\/sv\/wp-json\/wp\/v2\/product_cat?post=369140"},{"taxonomy":"product_tag","embeddable":true,"href":"https:\/\/katarinahamilton.se\/sv\/wp-json\/wp\/v2\/product_tag?post=369140"}],"curies":[{"name":"wp","href":"https:\/\/api.w.org\/{rel}","templated":true}]}}