{"id":369033,"date":"2022-12-02T20:48:55","date_gmt":"2022-12-02T19:48:55","guid":{"rendered":"http:\/\/katarinahamilton.se\/?post_type=product&#038;p=369033"},"modified":"2026-04-06T17:33:36","modified_gmt":"2026-04-06T15:33:36","slug":"tote-bag_nobel-prize-in-literature_the-women_1901-2022","status":"publish","type":"product","link":"https:\/\/katarinahamilton.se\/sv\/produkt\/tote-bag_nobel-prize-in-literature_the-women_1901-2022\/","title":{"rendered":"tygkasse: &#8220;Kvinnliga Nobelpristagare i Litteratur 1901-2022&#8243;"},"content":{"rendered":"","protected":false},"excerpt":{"rendered":"<div class=\"page\" title=\"Page 1\">\n<div class=\"layoutArea\">\n<div class=\"column\">Nu har vi satt ned priset med 30% !<br \/>\nNobelkasse version 2022Sjutton av v\u00e4rldens mest framst\u00e5ende kvinnliga f\u00f6rfattare \u00e4r samlade h\u00e4r i s\u00e4llskap med fyra boktitlar var. Titlarna \u00e4r p\u00e5 originalspr\u00e5k. Kassen \u00e4r sydd av ett slitstarkt bomullstyg av h\u00f6g kvalitet. M\u00e5tten \u00e4r 40x35cm med 55 cm l\u00e5nga handtag av specialv\u00e4vda band i ekologisk bomull. Kassen kommer med ett bokm\u00e4rke, 17x6cm, d\u00e4r alla f\u00f6rfattarna st\u00e5r med med namn, \u00e5rtal och l\u00e4nder de verkat i. Tillverkad i Sverige och Lettland. \u00a9 Katarina Hamilton<\/p>\n<\/div>\n<p>H\u00e4r \u00e4r listan med alla sjutton med namn, \u00e5rtal och respektive hemland:<\/p>\n<div class=\"page\" title=\"Page 1\">\n<p class=\"column\">2022\u00a0 Annie Ernaux\u00a0 (1940-\u00a0 )\u00a0 Frankrike<br \/>\n2020 Louise Glu\u0308ck\u00a0 \u00a0(1943 &#8211; )\u00a0 USA<br \/>\n2018 Olga Tokarczuk (1962 &#8211; )\u00a0 Polen<br \/>\n2015 Svetlana Alexievich (1948 &#8211; )\u00a0 Vitryssland<br \/>\n2013 Alice Munro (1931 &#8211; )\u00a0 Kanada<br \/>\n2009 Herta Mu\u0308ller (1953 &#8211; )\u00a0 Rum\u00e4nien och Tyskland<br \/>\n2007 Doris Lessing (<span style=\"font-family: Georgia, 'Times New Roman', 'Bitstream Charter', Times, serif;\">1919 &#8211; 2013)\u00a0 Persien and Storbritannien<\/span><br \/>\n<span style=\"font-family: Georgia, 'Times New Roman', 'Bitstream Charter', Times, serif;\">2004 Elfriede Jelinek (<\/span><span style=\"font-family: Georgia, 'Times New Roman', 'Bitstream Charter', Times, serif;\">1946 &#8211; )\u00a0 \u00d6sterrike<\/span><br \/>\n1996 Wis\u0142awa Szymborska (1923 &#8211; 2012)\u00a0 \u00a0Polen<br \/>\n1993 Toni Morrison (1031 &#8211; 2019)\u00a0 USA<br \/>\n1991 Nadine Gordimer (1923 &#8211; 2014)\u00a0 Sydafrika<br \/>\n1966 Nelly Sachs (1891 &#8211; 1970)\u00a0 Tyskland och Sverige<br \/>\n1945 Gabriela Mistral (1889 &#8211; 1957)\u00a0 Chile<br \/>\n1938 Pearl Buck (1892 &#8211; 1973)\u00a0 Kina och USA<br \/>\n1928 Sigrid Undset (1882 &#8211; 1949)\u00a0 Norge<br \/>\n1926 Grazia Deledda (1871 &#8211; 1936)\u00a0 Italien<br \/>\n1909 Selma Lagerlo\u0308f (1858 &#8211; 1940)\u00a0 Sverige<\/p>\n<\/div>\n<\/div>\n<\/div>\n","protected":false},"featured_media":369077,"comment_status":"open","ping_status":"closed","template":"","meta":{"_monsterinsights_skip_tracking":false,"_monsterinsights_sitenote_active":false,"_monsterinsights_sitenote_note":"","_monsterinsights_sitenote_category":0},"product_brand":[],"product_cat":[631,1212,21],"product_tag":[613,615,84,93,859,271],"class_list":{"0":"post-369033","1":"product","2":"type-product","3":"status-publish","4":"has-post-thumbnail","6":"product_cat-accessories","7":"product_cat-clearence","8":"product_cat-textil","9":"product_tag-authors","10":"product_tag-women","11":"product_tag-literature","12":"product_tag-nobelprize","13":"product_tag-black","14":"product_tag-sweden","16":"first","17":"instock","18":"taxable","19":"shipping-taxable","20":"purchasable","21":"product-type-simple"},"_links":{"self":[{"href":"https:\/\/katarinahamilton.se\/sv\/wp-json\/wp\/v2\/product\/369033","targetHints":{"allow":["GET"]}}],"collection":[{"href":"https:\/\/katarinahamilton.se\/sv\/wp-json\/wp\/v2\/product"}],"about":[{"href":"https:\/\/katarinahamilton.se\/sv\/wp-json\/wp\/v2\/types\/product"}],"replies":[{"embeddable":true,"href":"https:\/\/katarinahamilton.se\/sv\/wp-json\/wp\/v2\/comments?post=369033"}],"wp:featuredmedia":[{"embeddable":true,"href":"https:\/\/katarinahamilton.se\/sv\/wp-json\/wp\/v2\/media\/369077"}],"wp:attachment":[{"href":"https:\/\/katarinahamilton.se\/sv\/wp-json\/wp\/v2\/media?parent=369033"}],"wp:term":[{"taxonomy":"product_brand","embeddable":true,"href":"https:\/\/katarinahamilton.se\/sv\/wp-json\/wp\/v2\/product_brand?post=369033"},{"taxonomy":"product_cat","embeddable":true,"href":"https:\/\/katarinahamilton.se\/sv\/wp-json\/wp\/v2\/product_cat?post=369033"},{"taxonomy":"product_tag","embeddable":true,"href":"https:\/\/katarinahamilton.se\/sv\/wp-json\/wp\/v2\/product_tag?post=369033"}],"curies":[{"name":"wp","href":"https:\/\/api.w.org\/{rel}","templated":true}]}}