{"id":368964,"date":"2022-10-11T18:20:29","date_gmt":"2022-10-11T16:20:29","guid":{"rendered":"http:\/\/katarinahamilton.se\/?post_type=product&#038;p=368964"},"modified":"2026-04-06T17:34:08","modified_gmt":"2026-04-06T15:34:08","slug":"kort-m-kuvert-kvinnliga-nobelpristagarna-i-litteratur-1901-2022-vit-botten","status":"publish","type":"product","link":"https:\/\/katarinahamilton.se\/sv\/produkt\/kort-m-kuvert-kvinnliga-nobelpristagarna-i-litteratur-1901-2022-vit-botten\/","title":{"rendered":"kort m kuvert: &#8220;Kvinnliga Nobelpristagarna i Litteratur 1901-2024&#8221; &#8211; vit botten"},"content":{"rendered":"","protected":false},"excerpt":{"rendered":"<p>Kompositionen med f\u00f6rfattarinnorna som erh\u00e5llit Nobelpriset i Litteratur ritades i sin f\u00f6rsta version 2015. H\u00e4r i 2024 \u00e5rs har litteraturpristagare Han Kang hittat sin plats och f\u00e5tt med sig fyra av sina boktitlar p\u00e5 originalspr\u00e5k.<\/p>\n<p>\u00c5rtal och namn f\u00f6r samtliga kvinnliga litteraturpristagare:<br \/>\n1909 Selma Lagerl\u00f6f (Sverige), 1926 Grazia Deledda (Italien), 1928 Sigrid Undset (Norge), 1938 Pearl Buck (Kina och USA) 1945 Gabriela Mistral (Chile) 1966 Nelly Sachs (Tyskland och Sverige) 1991 Nadime Gordimer (Sydafrika), 1993 Toni Morrison (USA) 1996 Wislawa Szymborska (Polen) 2004 Elfriede Jelinek (\u00d6sterrike), 2007 Doris Lessing (Persien and Storbritannien) 2009 Herta M\u00fcller (Rum\u00e4nien och Tyskland), 2013 Alice Munro (Kanada), 2015 Svetlana Alexievich (Vitryssland), 2018 Olga Tokarczuk (Polen), 2020 Louise Gl\u00fcck (USA), 2022 Annie Ernaux (Frankrike) och Han Kang (Sydkorea).<\/p>\n","protected":false},"featured_media":369739,"comment_status":"open","ping_status":"closed","template":"","meta":{"_monsterinsights_skip_tracking":false,"_monsterinsights_sitenote_active":false,"_monsterinsights_sitenote_note":"","_monsterinsights_sitenote_category":0},"product_brand":[],"product_cat":[25],"product_tag":[613,615,84,93,271],"class_list":{"0":"post-368964","1":"product","2":"type-product","3":"status-publish","4":"has-post-thumbnail","6":"price_cat-kort-a","7":"product_cat-kort-med-kuvert","8":"product_tag-authors","9":"product_tag-women","10":"product_tag-literature","11":"product_tag-nobelprize","12":"product_tag-sweden","14":"first","15":"instock","16":"taxable","17":"shipping-taxable","18":"purchasable","19":"product-type-simple"},"_links":{"self":[{"href":"https:\/\/katarinahamilton.se\/sv\/wp-json\/wp\/v2\/product\/368964","targetHints":{"allow":["GET"]}}],"collection":[{"href":"https:\/\/katarinahamilton.se\/sv\/wp-json\/wp\/v2\/product"}],"about":[{"href":"https:\/\/katarinahamilton.se\/sv\/wp-json\/wp\/v2\/types\/product"}],"replies":[{"embeddable":true,"href":"https:\/\/katarinahamilton.se\/sv\/wp-json\/wp\/v2\/comments?post=368964"}],"wp:featuredmedia":[{"embeddable":true,"href":"https:\/\/katarinahamilton.se\/sv\/wp-json\/wp\/v2\/media\/369739"}],"wp:attachment":[{"href":"https:\/\/katarinahamilton.se\/sv\/wp-json\/wp\/v2\/media?parent=368964"}],"wp:term":[{"taxonomy":"product_brand","embeddable":true,"href":"https:\/\/katarinahamilton.se\/sv\/wp-json\/wp\/v2\/product_brand?post=368964"},{"taxonomy":"product_cat","embeddable":true,"href":"https:\/\/katarinahamilton.se\/sv\/wp-json\/wp\/v2\/product_cat?post=368964"},{"taxonomy":"product_tag","embeddable":true,"href":"https:\/\/katarinahamilton.se\/sv\/wp-json\/wp\/v2\/product_tag?post=368964"}],"curies":[{"name":"wp","href":"https:\/\/api.w.org\/{rel}","templated":true}]}}