{"id":368953,"date":"2022-10-04T13:20:21","date_gmt":"2022-10-04T11:20:21","guid":{"rendered":"http:\/\/katarinahamilton.se\/?post_type=product&#038;p=368953"},"modified":"2026-04-06T17:34:43","modified_gmt":"2026-04-06T15:34:43","slug":"kort-m-kuvert-varfor-oroa-sig-kopia","status":"publish","type":"product","link":"https:\/\/katarinahamilton.se\/sv\/produkt\/kort-m-kuvert-varfor-oroa-sig-kopia\/","title":{"rendered":"kort m kuvert: &#8220;En bulle me&#8217; kanel i&#8221;"},"content":{"rendered":"","protected":false},"excerpt":{"rendered":"<p class=\"p1\"><span class=\"s1\">En bulle me kanel i \u00e4r bra n\u00e4r man \u00e4r veli.\u00a0 \u00a0 <\/span><span class=\"s1\">Eller hur?<\/span><\/p>\n<p class=\"p1\">text av Katarina Hamilton. Finns \u00e4ven tonsatt.<\/p>\n","protected":false},"featured_media":368954,"comment_status":"open","ping_status":"closed","template":"","meta":{"_monsterinsights_skip_tracking":false,"_monsterinsights_sitenote_active":false,"_monsterinsights_sitenote_note":"","_monsterinsights_sitenote_category":0},"product_brand":[],"product_cat":[25],"product_tag":[599,41,412,859,703,706],"class_list":{"0":"post-368953","1":"product","2":"type-product","3":"status-publish","4":"has-post-thumbnail","6":"price_cat-kort-a","7":"product_cat-kort-med-kuvert","8":"product_tag-edibles","9":"product_tag-orange","10":"product_tag-romance","11":"product_tag-black","12":"product_tag-lyrics","13":"product_tag-support","15":"first","16":"instock","17":"taxable","18":"shipping-taxable","19":"purchasable","20":"product-type-simple"},"_links":{"self":[{"href":"https:\/\/katarinahamilton.se\/sv\/wp-json\/wp\/v2\/product\/368953","targetHints":{"allow":["GET"]}}],"collection":[{"href":"https:\/\/katarinahamilton.se\/sv\/wp-json\/wp\/v2\/product"}],"about":[{"href":"https:\/\/katarinahamilton.se\/sv\/wp-json\/wp\/v2\/types\/product"}],"replies":[{"embeddable":true,"href":"https:\/\/katarinahamilton.se\/sv\/wp-json\/wp\/v2\/comments?post=368953"}],"wp:featuredmedia":[{"embeddable":true,"href":"https:\/\/katarinahamilton.se\/sv\/wp-json\/wp\/v2\/media\/368954"}],"wp:attachment":[{"href":"https:\/\/katarinahamilton.se\/sv\/wp-json\/wp\/v2\/media?parent=368953"}],"wp:term":[{"taxonomy":"product_brand","embeddable":true,"href":"https:\/\/katarinahamilton.se\/sv\/wp-json\/wp\/v2\/product_brand?post=368953"},{"taxonomy":"product_cat","embeddable":true,"href":"https:\/\/katarinahamilton.se\/sv\/wp-json\/wp\/v2\/product_cat?post=368953"},{"taxonomy":"product_tag","embeddable":true,"href":"https:\/\/katarinahamilton.se\/sv\/wp-json\/wp\/v2\/product_tag?post=368953"}],"curies":[{"name":"wp","href":"https:\/\/api.w.org\/{rel}","templated":true}]}}