{"id":368636,"date":"2022-02-23T22:28:05","date_gmt":"2022-02-23T21:28:05","guid":{"rendered":"http:\/\/katarinahamilton.se\/?post_type=product&#038;p=368636"},"modified":"2026-04-06T17:38:34","modified_gmt":"2026-04-06T15:38:34","slug":"svensk-disktrasa-honsfamilj","status":"publish","type":"product","link":"https:\/\/katarinahamilton.se\/sv\/produkt\/svensk-disktrasa-honsfamilj\/","title":{"rendered":"Svensk disktrasa: &#8220;H\u00f6nsfamilj&#8221;"},"content":{"rendered":"","protected":false},"excerpt":{"rendered":"<p>H\u00e4r \u00e4r h\u00f6nan, tuppen och alla kycklingarna samlade f\u00f6r ett riktigt familjeportr\u00e4tt.<\/p>\n<p>Rasen \u00e4r Hedemorah\u00f6ns, en Svensk lantras, k\u00e4nd f\u00f6r sina granna och \u00f6verraskande f\u00e4rgvariationer, t\u00e4ta varma fj\u00e4derdr\u00e4kt och att de v\u00e4rper m\u00e5nga \u00e4gg.\u00a0 Kycklingarna kan ha alla f\u00e4rger fr\u00e5n helvita till helsvarta. Rasen har en l\u00e5ng historia, bland annat har det varit tradition i Dalarna att ge ett par av de h\u00e4r h\u00f6nsen i br\u00f6llops-g\u00e5va!<\/p>\n<p>\u00a9 Katarina Hamilton<\/p>\n","protected":false},"featured_media":368637,"comment_status":"open","ping_status":"closed","template":"","meta":{"_monsterinsights_skip_tracking":false,"_monsterinsights_sitenote_active":false,"_monsterinsights_sitenote_note":"","_monsterinsights_sitenote_category":0},"product_brand":[],"product_cat":[617,619],"product_tag":[354,869,581,726,857,858,678,630,271,679],"class_list":{"0":"post-368636","1":"product","2":"type-product","3":"status-publish","4":"has-post-thumbnail","6":"price_cat-disktrasa-a","7":"product_cat-swedish-dishcloths","8":"product_cat-kitchen_and_table","9":"product_tag-children","10":"product_tag-animals","11":"product_tag-birds","12":"product_tag-yellow","13":"product_tag-farming","14":"product_tag-native-breed","15":"product_tag-easter","16":"product_tag-summer","17":"product_tag-sweden","18":"product_tag-spring","20":"first","21":"instock","22":"taxable","23":"shipping-taxable","24":"purchasable","25":"product-type-simple"},"_links":{"self":[{"href":"https:\/\/katarinahamilton.se\/sv\/wp-json\/wp\/v2\/product\/368636","targetHints":{"allow":["GET"]}}],"collection":[{"href":"https:\/\/katarinahamilton.se\/sv\/wp-json\/wp\/v2\/product"}],"about":[{"href":"https:\/\/katarinahamilton.se\/sv\/wp-json\/wp\/v2\/types\/product"}],"replies":[{"embeddable":true,"href":"https:\/\/katarinahamilton.se\/sv\/wp-json\/wp\/v2\/comments?post=368636"}],"wp:featuredmedia":[{"embeddable":true,"href":"https:\/\/katarinahamilton.se\/sv\/wp-json\/wp\/v2\/media\/368637"}],"wp:attachment":[{"href":"https:\/\/katarinahamilton.se\/sv\/wp-json\/wp\/v2\/media?parent=368636"}],"wp:term":[{"taxonomy":"product_brand","embeddable":true,"href":"https:\/\/katarinahamilton.se\/sv\/wp-json\/wp\/v2\/product_brand?post=368636"},{"taxonomy":"product_cat","embeddable":true,"href":"https:\/\/katarinahamilton.se\/sv\/wp-json\/wp\/v2\/product_cat?post=368636"},{"taxonomy":"product_tag","embeddable":true,"href":"https:\/\/katarinahamilton.se\/sv\/wp-json\/wp\/v2\/product_tag?post=368636"}],"curies":[{"name":"wp","href":"https:\/\/api.w.org\/{rel}","templated":true}]}}