{"id":321097,"date":"2021-12-06T22:35:40","date_gmt":"2021-12-06T21:35:40","guid":{"rendered":"http:\/\/katarinahamilton.se\/?post_type=product&#038;p=321097"},"modified":"2026-04-06T17:40:33","modified_gmt":"2026-04-06T15:40:33","slug":"kokshandduk-blommande-vildkorsbar","status":"publish","type":"product","link":"https:\/\/katarinahamilton.se\/sv\/produkt\/kokshandduk-blommande-vildkorsbar\/","title":{"rendered":"K\u00f6kshandduk: &#8220;Blommande Vildk\u00f6rsb\u00e4r&#8221;"},"content":{"rendered":"","protected":false},"excerpt":{"rendered":"","protected":false},"featured_media":368784,"comment_status":"open","ping_status":"closed","template":"","meta":{"_monsterinsights_skip_tracking":false,"_monsterinsights_sitenote_active":false,"_monsterinsights_sitenote_note":"","_monsterinsights_sitenote_category":0},"product_brand":[],"product_cat":[619,21],"product_tag":[624,658,679,840,136],"class_list":{"0":"post-321097","1":"product","2":"type-product","3":"status-publish","4":"has-post-thumbnail","6":"price_cat-kitchen-towel","7":"product_cat-kitchen_and_table","8":"product_cat-textil","9":"product_tag-flowers","10":"product_tag-garden","11":"product_tag-spring","12":"product_tag-wilderness","13":"product_tag-white","15":"first","16":"instock","17":"taxable","18":"shipping-taxable","19":"purchasable","20":"product-type-simple"},"_links":{"self":[{"href":"https:\/\/katarinahamilton.se\/sv\/wp-json\/wp\/v2\/product\/321097","targetHints":{"allow":["GET"]}}],"collection":[{"href":"https:\/\/katarinahamilton.se\/sv\/wp-json\/wp\/v2\/product"}],"about":[{"href":"https:\/\/katarinahamilton.se\/sv\/wp-json\/wp\/v2\/types\/product"}],"replies":[{"embeddable":true,"href":"https:\/\/katarinahamilton.se\/sv\/wp-json\/wp\/v2\/comments?post=321097"}],"wp:featuredmedia":[{"embeddable":true,"href":"https:\/\/katarinahamilton.se\/sv\/wp-json\/wp\/v2\/media\/368784"}],"wp:attachment":[{"href":"https:\/\/katarinahamilton.se\/sv\/wp-json\/wp\/v2\/media?parent=321097"}],"wp:term":[{"taxonomy":"product_brand","embeddable":true,"href":"https:\/\/katarinahamilton.se\/sv\/wp-json\/wp\/v2\/product_brand?post=321097"},{"taxonomy":"product_cat","embeddable":true,"href":"https:\/\/katarinahamilton.se\/sv\/wp-json\/wp\/v2\/product_cat?post=321097"},{"taxonomy":"product_tag","embeddable":true,"href":"https:\/\/katarinahamilton.se\/sv\/wp-json\/wp\/v2\/product_tag?post=321097"}],"curies":[{"name":"wp","href":"https:\/\/api.w.org\/{rel}","templated":true}]}}