{"id":294475,"date":"2021-11-08T21:28:17","date_gmt":"2021-11-08T20:28:17","guid":{"rendered":"http:\/\/katarinahamilton.se\/?post_type=product&#038;p=294475"},"modified":"2026-04-06T17:42:06","modified_gmt":"2026-04-06T15:42:06","slug":"kort-m-kuvert-vatten-tiger","status":"publish","type":"product","link":"https:\/\/katarinahamilton.se\/sv\/produkt\/kort-m-kuvert-vatten-tiger\/","title":{"rendered":"kort m kuvert: &#8220;Vatten-Tiger&#8221;"},"content":{"rendered":"","protected":false},"excerpt":{"rendered":"<div class=\"page\" title=\"Page 1\">\n<div class=\"layoutArea\">\n<div class=\"column\">\n<p>En Tiger, lugn och tillfreds i det behagliga vattnet.<\/p>\n<\/div>\n<\/div>\n<\/div>\n<p>2022 \u00e4r vatten-tigerns \u00e5r\u00a0 \u6c34 \u864e\u00a0 enligt den kinesiska ur\u00e5ldriga sexti\u00e5riga cykliska tider\u00e4kningen. \u00c5ret b\u00f6rjar den 1 februari 2022 och slutar den 31 januari 2023.<\/p>\n<p>The Tiger is the king of all animals, a symbol of strength and courage, empowered to clear out all evils. Water represents agility, intelligence, wisdom, softness, and calmness.<\/p>\n<p>The Chinese traditional calender is a sixty year cycle of twelve animals and five elements successively in fixed combinations. The earliest evidence of it in use is from more than 2000 years ago during the Han Dynasty, [206 B.C.\u20139 A.D.] In modern China the sixty year cycle calender, the \u201dJia Zi\u201d is defining all the holidays. Chinese advice: Keep a Tiger close (images count!) for luck and safety.<\/p>\n","protected":false},"featured_media":294385,"comment_status":"open","ping_status":"closed","template":"","meta":{"_monsterinsights_skip_tracking":false,"_monsterinsights_sitenote_active":false,"_monsterinsights_sitenote_note":"","_monsterinsights_sitenote_category":0},"product_brand":[],"product_cat":[25],"product_tag":[354,869,41,646,840,475],"class_list":{"0":"post-294475","1":"product","2":"type-product","3":"status-publish","4":"has-post-thumbnail","6":"price_cat-kort-a","7":"product_cat-kort-med-kuvert","8":"product_tag-children","9":"product_tag-animals","10":"product_tag-orange","11":"product_tag-waters","12":"product_tag-wilderness","13":"product_tag-winter","15":"first","16":"instock","17":"taxable","18":"shipping-taxable","19":"purchasable","20":"product-type-simple"},"_links":{"self":[{"href":"https:\/\/katarinahamilton.se\/sv\/wp-json\/wp\/v2\/product\/294475","targetHints":{"allow":["GET"]}}],"collection":[{"href":"https:\/\/katarinahamilton.se\/sv\/wp-json\/wp\/v2\/product"}],"about":[{"href":"https:\/\/katarinahamilton.se\/sv\/wp-json\/wp\/v2\/types\/product"}],"replies":[{"embeddable":true,"href":"https:\/\/katarinahamilton.se\/sv\/wp-json\/wp\/v2\/comments?post=294475"}],"wp:featuredmedia":[{"embeddable":true,"href":"https:\/\/katarinahamilton.se\/sv\/wp-json\/wp\/v2\/media\/294385"}],"wp:attachment":[{"href":"https:\/\/katarinahamilton.se\/sv\/wp-json\/wp\/v2\/media?parent=294475"}],"wp:term":[{"taxonomy":"product_brand","embeddable":true,"href":"https:\/\/katarinahamilton.se\/sv\/wp-json\/wp\/v2\/product_brand?post=294475"},{"taxonomy":"product_cat","embeddable":true,"href":"https:\/\/katarinahamilton.se\/sv\/wp-json\/wp\/v2\/product_cat?post=294475"},{"taxonomy":"product_tag","embeddable":true,"href":"https:\/\/katarinahamilton.se\/sv\/wp-json\/wp\/v2\/product_tag?post=294475"}],"curies":[{"name":"wp","href":"https:\/\/api.w.org\/{rel}","templated":true}]}}