{"id":294418,"date":"2021-11-08T20:21:28","date_gmt":"2021-11-08T19:21:28","guid":{"rendered":"http:\/\/katarinahamilton.se\/?post_type=product&#038;p=294418"},"modified":"2026-04-06T17:43:04","modified_gmt":"2026-04-06T15:43:04","slug":"kort-m-kuvert-pa-skidtur","status":"publish","type":"product","link":"https:\/\/katarinahamilton.se\/sv\/produkt\/kort-m-kuvert-pa-skidtur\/","title":{"rendered":"kort m kuvert: &#8220;P\u00e5 Skidtur&#8221;"},"content":{"rendered":"","protected":false},"excerpt":{"rendered":"<p class=\"p1\"><span class=\"s1\">Det \u00e4r vinter. Det \u00e4r gott om sn\u00f6. Dags f\u00f6r en tur i sp\u00e5ret genom skogen. Kanske en apelsin i fickan till en liten rast d\u00e4r skogen \u00f6ppnar sig och man kan njuta av utsikten.\u00a0<\/span><\/p>\n<p class=\"p1\">\n","protected":false},"featured_media":294388,"comment_status":"open","ping_status":"closed","template":"","meta":{"_monsterinsights_skip_tracking":false,"_monsterinsights_sitenote_active":false,"_monsterinsights_sitenote_note":"","_monsterinsights_sitenote_category":0},"product_brand":[],"product_cat":[885,25],"product_tag":[157,710,471,394,840,475],"class_list":{"0":"post-294418","1":"product","2":"type-product","3":"status-publish","4":"has-post-thumbnail","6":"price_cat-kort-a","7":"product_cat-christmas","8":"product_cat-kort-med-kuvert","9":"product_tag-christmas","10":"product_tag-snow","11":"product_tag-sports","12":"product_tag-tomtar","13":"product_tag-wilderness","14":"product_tag-winter","16":"first","17":"instock","18":"taxable","19":"shipping-taxable","20":"purchasable","21":"product-type-simple"},"_links":{"self":[{"href":"https:\/\/katarinahamilton.se\/sv\/wp-json\/wp\/v2\/product\/294418","targetHints":{"allow":["GET"]}}],"collection":[{"href":"https:\/\/katarinahamilton.se\/sv\/wp-json\/wp\/v2\/product"}],"about":[{"href":"https:\/\/katarinahamilton.se\/sv\/wp-json\/wp\/v2\/types\/product"}],"replies":[{"embeddable":true,"href":"https:\/\/katarinahamilton.se\/sv\/wp-json\/wp\/v2\/comments?post=294418"}],"wp:featuredmedia":[{"embeddable":true,"href":"https:\/\/katarinahamilton.se\/sv\/wp-json\/wp\/v2\/media\/294388"}],"wp:attachment":[{"href":"https:\/\/katarinahamilton.se\/sv\/wp-json\/wp\/v2\/media?parent=294418"}],"wp:term":[{"taxonomy":"product_brand","embeddable":true,"href":"https:\/\/katarinahamilton.se\/sv\/wp-json\/wp\/v2\/product_brand?post=294418"},{"taxonomy":"product_cat","embeddable":true,"href":"https:\/\/katarinahamilton.se\/sv\/wp-json\/wp\/v2\/product_cat?post=294418"},{"taxonomy":"product_tag","embeddable":true,"href":"https:\/\/katarinahamilton.se\/sv\/wp-json\/wp\/v2\/product_tag?post=294418"}],"curies":[{"name":"wp","href":"https:\/\/api.w.org\/{rel}","templated":true}]}}