{"id":2308,"date":"2020-11-26T21:31:06","date_gmt":"2020-11-26T20:31:06","guid":{"rendered":"http:\/\/katarinahamilton.se\/?post_type=product&#038;p=2308"},"modified":"2025-06-03T12:37:53","modified_gmt":"2025-06-03T10:37:53","slug":"kokshandduk-i-sommarhagen","status":"publish","type":"product","link":"https:\/\/katarinahamilton.se\/sv\/produkt\/kokshandduk-i-sommarhagen\/","title":{"rendered":"Svenskt handtryck: k\u00f6kshandduk &#8220;I Sommarhagen&#8221;"},"content":{"rendered":"","protected":false},"excerpt":{"rendered":"<p>En handduk f\u00f6r b\u00e4sta sommark\u00e4nslan. Musik, vilda blommor och ett vidstr\u00e4ckt sceneri med berg, sj\u00f6 och flammande himlar. Handduken \u00e4r sydd i en by p\u00e5 v\u00e4stra sidan av Storsj\u00f6n i J\u00e4mtland av tyg tryckt f\u00f6r hand i byn N\u00e4lden, i nord-\u00f6stra kanten av Storsj\u00f6n.<\/p>\n<p>M\u00e5tten \u00e4r 43&#215;62 cm. G\u00e5r bra att tv\u00e4tta i maskin 60\u00b0 n\u00e5gon g\u00e5ng ibland men helst 40\u00b0 om den ska tv\u00e4ttas ofta.<\/p>\n<p>Handduken \u00e4r tillverkad av 100% bomullstyg, svenskt handtryck, och \u00e4r fodrad med ett smidigt vitt plastfoder. Tyget klipps till fr\u00e5n metervara och m\u00f6nstret hamnar d\u00e4rf\u00f6r olika och ger varje handduk ett eget unikt utseende.<\/p>\n<p class=\"p1\">De sju blommorna i m\u00f6nstret \u00e4r R\u00f6dfibbla, Bl\u00e5gull, Norrlandsviol, Styvmorsviol, R\u00f6dkl\u00f6ver, Nordisk Stormhatt och Midsommarblomster. Landskapet \u00e4r utsikten Peterson-Berger hade fr\u00e5n det lilla specialplacerade &#8220;tavel&#8221;-f\u00f6nstret i arbetsrummet i hans specialritade, unika hus &#8220;Sommarhagen&#8221; p\u00e5 Fr\u00f6s\u00f6n i J\u00e4mtland. Det \u00e4r Storsj\u00f6n med Byn\u00e4set, Anders\u00f6n, Norder\u00f6n, Verk\u00f6n, Ut\u00f6arna med Oviksfj\u00e4llen V\u00e4sterfj\u00e4llet och Hott\u00f6gsfj\u00e4llet i bakgrunden under en flammande himmel. G-klaven, pianotangenterna och fiolerna st\u00e5r f\u00f6r musiken.<\/p>\n<p>M\u00f6nstret ritades och komponerades v\u00e5ren 2011 och ingick i tre \u00e5r i Fr\u00f6s\u00f6 Handtrycks kollektion. Sedan 2014 ing\u00e5r m\u00f6nstret i mitt eget sortiment \/Katarina H<\/p>\n<p>Kuriosa: Blommorna i m\u00f6nstret \u00e4r h\u00e4mtade ur tons\u00e4ttaren och skribenten Wilhelm Peterson-Bergers tidningsartikel &#8220;N\u00e5got om Fr\u00f6s\u00f6blomster&#8221;, publicerad i Dagens Nyheter tidigt 1900-tal.<\/p>\n","protected":false},"featured_media":1782,"comment_status":"open","ping_status":"closed","template":"","meta":{"_monsterinsights_skip_tracking":false,"_monsterinsights_sitenote_active":false,"_monsterinsights_sitenote_note":"","_monsterinsights_sitenote_category":0},"product_brand":[],"product_cat":[619,21],"product_tag":[624,888,929,686,910,630],"class_list":{"0":"post-2308","1":"product","2":"type-product","3":"status-publish","4":"has-post-thumbnail","6":"product_cat-kitchen_and_table","7":"product_cat-textil","8":"product_tag-flowers","9":"product_tag-the-fells","10":"product_tag-midsummer","11":"product_tag-mothers-day","12":"product_tag-music","13":"product_tag-summer","15":"first","16":"outofstock","17":"taxable","18":"shipping-taxable","19":"purchasable","20":"product-type-simple"},"_links":{"self":[{"href":"https:\/\/katarinahamilton.se\/sv\/wp-json\/wp\/v2\/product\/2308","targetHints":{"allow":["GET"]}}],"collection":[{"href":"https:\/\/katarinahamilton.se\/sv\/wp-json\/wp\/v2\/product"}],"about":[{"href":"https:\/\/katarinahamilton.se\/sv\/wp-json\/wp\/v2\/types\/product"}],"replies":[{"embeddable":true,"href":"https:\/\/katarinahamilton.se\/sv\/wp-json\/wp\/v2\/comments?post=2308"}],"wp:featuredmedia":[{"embeddable":true,"href":"https:\/\/katarinahamilton.se\/sv\/wp-json\/wp\/v2\/media\/1782"}],"wp:attachment":[{"href":"https:\/\/katarinahamilton.se\/sv\/wp-json\/wp\/v2\/media?parent=2308"}],"wp:term":[{"taxonomy":"product_brand","embeddable":true,"href":"https:\/\/katarinahamilton.se\/sv\/wp-json\/wp\/v2\/product_brand?post=2308"},{"taxonomy":"product_cat","embeddable":true,"href":"https:\/\/katarinahamilton.se\/sv\/wp-json\/wp\/v2\/product_cat?post=2308"},{"taxonomy":"product_tag","embeddable":true,"href":"https:\/\/katarinahamilton.se\/sv\/wp-json\/wp\/v2\/product_tag?post=2308"}],"curies":[{"name":"wp","href":"https:\/\/api.w.org\/{rel}","templated":true}]}}