{"id":2298,"date":"2020-11-26T01:49:46","date_gmt":"2020-11-26T00:49:46","guid":{"rendered":"http:\/\/katarinahamilton.se\/?post_type=product&#038;p=2298"},"modified":"2026-04-06T17:52:27","modified_gmt":"2026-04-06T15:52:27","slug":"kort-m-kuvert-tomte-gran-och-domherrar","status":"publish","type":"product","link":"https:\/\/katarinahamilton.se\/sv\/produkt\/kort-m-kuvert-tomte-gran-och-domherrar\/","title":{"rendered":"kort m kuvert: &#8220;Tomte, Gran och Domherrar&#8221;"},"content":{"rendered":"","protected":false},"excerpt":{"rendered":"<p class=\"p1\">Lilltomten \u00e4r p\u00e5 hedersuppdrag, granen ska h\u00e4mtas hem. Den \u00e4r verkligen fin och tomten \u00e4r s\u00e5 n\u00f6jd. Domherrarna f\u00f6ljer h\u00e4ndelsen uppm\u00e4rksamt, de \u00e4r inte helt s\u00e4kra p\u00e5 vad som \u00e4r i g\u00f6rningen men det blir s\u00e4kert n\u00e5t bra.<\/p>\n<p class=\"p1\">\n","protected":false},"featured_media":2283,"comment_status":"open","ping_status":"closed","template":"","meta":{"_monsterinsights_skip_tracking":false,"_monsterinsights_sitenote_active":false,"_monsterinsights_sitenote_note":"","_monsterinsights_sitenote_category":0},"product_brand":[],"product_cat":[885,25],"product_tag":[581,157,710,394,475],"class_list":{"0":"post-2298","1":"product","2":"type-product","3":"status-publish","4":"has-post-thumbnail","6":"price_cat-kort-a","7":"product_cat-christmas","8":"product_cat-kort-med-kuvert","9":"product_tag-birds","10":"product_tag-christmas","11":"product_tag-snow","12":"product_tag-tomtar","13":"product_tag-winter","15":"first","16":"instock","17":"taxable","18":"shipping-taxable","19":"purchasable","20":"product-type-simple"},"_links":{"self":[{"href":"https:\/\/katarinahamilton.se\/sv\/wp-json\/wp\/v2\/product\/2298","targetHints":{"allow":["GET"]}}],"collection":[{"href":"https:\/\/katarinahamilton.se\/sv\/wp-json\/wp\/v2\/product"}],"about":[{"href":"https:\/\/katarinahamilton.se\/sv\/wp-json\/wp\/v2\/types\/product"}],"replies":[{"embeddable":true,"href":"https:\/\/katarinahamilton.se\/sv\/wp-json\/wp\/v2\/comments?post=2298"}],"wp:featuredmedia":[{"embeddable":true,"href":"https:\/\/katarinahamilton.se\/sv\/wp-json\/wp\/v2\/media\/2283"}],"wp:attachment":[{"href":"https:\/\/katarinahamilton.se\/sv\/wp-json\/wp\/v2\/media?parent=2298"}],"wp:term":[{"taxonomy":"product_brand","embeddable":true,"href":"https:\/\/katarinahamilton.se\/sv\/wp-json\/wp\/v2\/product_brand?post=2298"},{"taxonomy":"product_cat","embeddable":true,"href":"https:\/\/katarinahamilton.se\/sv\/wp-json\/wp\/v2\/product_cat?post=2298"},{"taxonomy":"product_tag","embeddable":true,"href":"https:\/\/katarinahamilton.se\/sv\/wp-json\/wp\/v2\/product_tag?post=2298"}],"curies":[{"name":"wp","href":"https:\/\/api.w.org\/{rel}","templated":true}]}}