{"id":2237,"date":"2020-11-20T22:11:04","date_gmt":"2020-11-20T21:11:04","guid":{"rendered":"http:\/\/katarinahamilton.se\/?post_type=product&#038;p=2237"},"modified":"2026-04-06T17:55:48","modified_gmt":"2026-04-06T15:55:48","slug":"svensk-disktrasa-fantaisie_dune_lavette_suedoise","status":"publish","type":"product","link":"https:\/\/katarinahamilton.se\/sv\/produkt\/svensk-disktrasa-fantaisie_dune_lavette_suedoise\/","title":{"rendered":"Svensk disktrasa: &#8220;Fantaisie d&#8217;une Lavette Su\u00e9doise&#8221;"},"content":{"rendered":"","protected":false},"excerpt":{"rendered":"<p>Unna en fransktalande bekant ett nytt, roligare, snyggare och mer praktiskt liv ihop med en en o\u00f6vertr\u00e4ffat effektiv och l\u00e4ttanv\u00e4nd svensk disktrasa.<\/p>\n<p>T\u00e4nk p\u00e5 att en lycklig disktrasa blir inte sur.<\/p>\n<p>text and design: Katarina Hamilton<\/p>\n","protected":false},"featured_media":1664,"comment_status":"open","ping_status":"closed","template":"","meta":{"_monsterinsights_skip_tracking":false,"_monsterinsights_sitenote_active":false,"_monsterinsights_sitenote_note":"","_monsterinsights_sitenote_category":0},"product_brand":[],"product_cat":[617,619],"product_tag":[703],"class_list":{"0":"post-2237","1":"product","2":"type-product","3":"status-publish","4":"has-post-thumbnail","6":"price_cat-disktrasa-a","7":"product_cat-swedish-dishcloths","8":"product_cat-kitchen_and_table","9":"product_tag-lyrics","10":"pa_color-blue","11":"pa_color-grey","12":"pa_color-lavender","13":"pa_color-lime","14":"pa_color-pink","15":"pa_color-tourquoise","16":"pa_color-warmred","17":"pa_color-white","19":"first","20":"instock","21":"taxable","22":"shipping-taxable","23":"purchasable","24":"product-type-variable"},"_links":{"self":[{"href":"https:\/\/katarinahamilton.se\/sv\/wp-json\/wp\/v2\/product\/2237","targetHints":{"allow":["GET"]}}],"collection":[{"href":"https:\/\/katarinahamilton.se\/sv\/wp-json\/wp\/v2\/product"}],"about":[{"href":"https:\/\/katarinahamilton.se\/sv\/wp-json\/wp\/v2\/types\/product"}],"replies":[{"embeddable":true,"href":"https:\/\/katarinahamilton.se\/sv\/wp-json\/wp\/v2\/comments?post=2237"}],"wp:featuredmedia":[{"embeddable":true,"href":"https:\/\/katarinahamilton.se\/sv\/wp-json\/wp\/v2\/media\/1664"}],"wp:attachment":[{"href":"https:\/\/katarinahamilton.se\/sv\/wp-json\/wp\/v2\/media?parent=2237"}],"wp:term":[{"taxonomy":"product_brand","embeddable":true,"href":"https:\/\/katarinahamilton.se\/sv\/wp-json\/wp\/v2\/product_brand?post=2237"},{"taxonomy":"product_cat","embeddable":true,"href":"https:\/\/katarinahamilton.se\/sv\/wp-json\/wp\/v2\/product_cat?post=2237"},{"taxonomy":"product_tag","embeddable":true,"href":"https:\/\/katarinahamilton.se\/sv\/wp-json\/wp\/v2\/product_tag?post=2237"}],"curies":[{"name":"wp","href":"https:\/\/api.w.org\/{rel}","templated":true}]}}