{"id":2183,"date":"2020-11-10T19:23:29","date_gmt":"2020-11-10T18:23:29","guid":{"rendered":"http:\/\/katarinahamilton.se\/?post_type=product&#038;p=2183"},"modified":"2024-11-07T19:06:59","modified_gmt":"2024-11-07T18:06:59","slug":"bordstabletter-2-st-julvisor","status":"publish","type":"product","link":"https:\/\/katarinahamilton.se\/sv\/produkt\/bordstabletter-2-st-julvisor\/","title":{"rendered":"Svenskt handtryck: bordstabletter, 2 st: &#8220;Julvisor&#8221;"},"content":{"rendered":"<p><\/p>\n<p class=\"p1\">Den h\u00e4r produkten \u00e4r sydd av s\u00f6mmerskor i en liten by v\u00e4ster om Storsj\u00f6n i J\u00e4mtland. Tyget \u00e4r tryckt f\u00f6r hand av anrika Fr\u00f6s\u00f6 Handtryck i N\u00e4lden i J\u00e4mtland, byn som Katarina Hamilton f\u00f6ddes i. Varje enskild produkt f\u00e5r sitt alldeles egna utseende genom att delarna till produkten klipps fr\u00e5n tyg tryckt som metervara. Njut av att ha din alldeles egen unika produkt!<\/p>\n<p><\/p>","protected":false},"excerpt":{"rendered":"<p>Sagolika bordstabletter till Juldukningen med detaljer fr\u00e5n det sn\u00f6iga landskapet i m\u00f6nstret &#8220;Julvisor&#8221; &#8211; fyllt med figurer och scener ur v\u00e5ra klassiska juls\u00e5nger, allt fr\u00e5n Staffan Stalledr\u00e4ng med sina f\u00e5lar fem till R\u00e4ven Raskar \u00d6ver Isen och Gl\u00e4ns \u00d6ver Sj\u00f6 och Strand. Bordstabletterna s\u00e4ljs 2st ihop. T\u00e4nk p\u00e5 att m\u00f6nstret hamnar olika p\u00e5 varje bordstablett eftersom tyget de sys i klipps fr\u00e5n den handtryckta metervaran.<\/p>\n<p>&nbsp;<\/p>\n","protected":false},"featured_media":2184,"comment_status":"open","ping_status":"closed","template":"","meta":{"_monsterinsights_skip_tracking":false,"_monsterinsights_sitenote_active":false,"_monsterinsights_sitenote_note":"","_monsterinsights_sitenote_category":0},"product_brand":[],"product_cat":[885,619,522,21],"product_tag":[599,909,869,725,157,857,910,917,394],"class_list":{"0":"post-2183","1":"product","2":"type-product","3":"status-publish","4":"has-post-thumbnail","6":"product_cat-christmas","7":"product_cat-kitchen_and_table","8":"product_cat-fells","9":"product_cat-textil","10":"product_tag-edibles","11":"product_tag-blue","12":"product_tag-animals","13":"product_tag-horses","14":"product_tag-christmas","15":"product_tag-farming","16":"product_tag-music","17":"product_tag-stjarnor","18":"product_tag-tomtar","20":"first","21":"instock","22":"taxable","23":"shipping-taxable","24":"purchasable","25":"product-type-simple"},"_links":{"self":[{"href":"https:\/\/katarinahamilton.se\/sv\/wp-json\/wp\/v2\/product\/2183","targetHints":{"allow":["GET"]}}],"collection":[{"href":"https:\/\/katarinahamilton.se\/sv\/wp-json\/wp\/v2\/product"}],"about":[{"href":"https:\/\/katarinahamilton.se\/sv\/wp-json\/wp\/v2\/types\/product"}],"replies":[{"embeddable":true,"href":"https:\/\/katarinahamilton.se\/sv\/wp-json\/wp\/v2\/comments?post=2183"}],"wp:featuredmedia":[{"embeddable":true,"href":"https:\/\/katarinahamilton.se\/sv\/wp-json\/wp\/v2\/media\/2184"}],"wp:attachment":[{"href":"https:\/\/katarinahamilton.se\/sv\/wp-json\/wp\/v2\/media?parent=2183"}],"wp:term":[{"taxonomy":"product_brand","embeddable":true,"href":"https:\/\/katarinahamilton.se\/sv\/wp-json\/wp\/v2\/product_brand?post=2183"},{"taxonomy":"product_cat","embeddable":true,"href":"https:\/\/katarinahamilton.se\/sv\/wp-json\/wp\/v2\/product_cat?post=2183"},{"taxonomy":"product_tag","embeddable":true,"href":"https:\/\/katarinahamilton.se\/sv\/wp-json\/wp\/v2\/product_tag?post=2183"}],"curies":[{"name":"wp","href":"https:\/\/api.w.org\/{rel}","templated":true}]}}