{"id":2083,"date":"2020-10-29T11:44:43","date_gmt":"2020-10-29T10:44:43","guid":{"rendered":"http:\/\/katarinahamilton.se\/?post_type=product&#038;p=2083"},"modified":"2026-04-06T17:57:07","modified_gmt":"2026-04-06T15:57:07","slug":"kort-m-kuvert-julkramar","status":"publish","type":"product","link":"https:\/\/katarinahamilton.se\/sv\/produkt\/kort-m-kuvert-julkramar\/","title":{"rendered":"kort m kuvert: &#8220;Julkramar&#8221;"},"content":{"rendered":"","protected":false},"excerpt":{"rendered":"<p class=\"p1\">God Jul &amp; Gott Nytt \u00c5r p\u00e5 tjugofyra spr\u00e5k!<\/p>\n<p class=\"p1\">\n","protected":false},"featured_media":294409,"comment_status":"open","ping_status":"closed","template":"","meta":{"_monsterinsights_skip_tracking":false,"_monsterinsights_sitenote_active":false,"_monsterinsights_sitenote_note":"","_monsterinsights_sitenote_category":0},"product_brand":[],"product_cat":[885,25],"product_tag":[157,626,703,706],"class_list":{"0":"post-2083","1":"product","2":"type-product","3":"status-publish","4":"has-post-thumbnail","6":"price_cat-kort-a","7":"product_cat-christmas","8":"product_cat-kort-med-kuvert","9":"product_tag-christmas","10":"product_tag-red","11":"product_tag-lyrics","12":"product_tag-support","14":"first","15":"instock","16":"taxable","17":"shipping-taxable","18":"purchasable","19":"product-type-simple"},"_links":{"self":[{"href":"https:\/\/katarinahamilton.se\/sv\/wp-json\/wp\/v2\/product\/2083","targetHints":{"allow":["GET"]}}],"collection":[{"href":"https:\/\/katarinahamilton.se\/sv\/wp-json\/wp\/v2\/product"}],"about":[{"href":"https:\/\/katarinahamilton.se\/sv\/wp-json\/wp\/v2\/types\/product"}],"replies":[{"embeddable":true,"href":"https:\/\/katarinahamilton.se\/sv\/wp-json\/wp\/v2\/comments?post=2083"}],"wp:featuredmedia":[{"embeddable":true,"href":"https:\/\/katarinahamilton.se\/sv\/wp-json\/wp\/v2\/media\/294409"}],"wp:attachment":[{"href":"https:\/\/katarinahamilton.se\/sv\/wp-json\/wp\/v2\/media?parent=2083"}],"wp:term":[{"taxonomy":"product_brand","embeddable":true,"href":"https:\/\/katarinahamilton.se\/sv\/wp-json\/wp\/v2\/product_brand?post=2083"},{"taxonomy":"product_cat","embeddable":true,"href":"https:\/\/katarinahamilton.se\/sv\/wp-json\/wp\/v2\/product_cat?post=2083"},{"taxonomy":"product_tag","embeddable":true,"href":"https:\/\/katarinahamilton.se\/sv\/wp-json\/wp\/v2\/product_tag?post=2083"}],"curies":[{"name":"wp","href":"https:\/\/api.w.org\/{rel}","templated":true}]}}