{"id":1668,"date":"2020-10-09T20:54:30","date_gmt":"2020-10-09T18:54:30","guid":{"rendered":"http:\/\/server03.blackpixel.se\/~katarina\/?post_type=product&#038;p=1668"},"modified":"2026-04-06T18:01:12","modified_gmt":"2026-04-06T16:01:12","slug":"svensk-disktrasa-traktorn-bm-230-victor","status":"publish","type":"product","link":"https:\/\/katarinahamilton.se\/sv\/produkt\/svensk-disktrasa-traktorn-bm-230-victor\/","title":{"rendered":"Svensk disktrasa: &#8220;Traktorn BM 230 Victor&#8221;"},"content":{"rendered":"<p>Milj\u00f6sparande. H\u00e5llbar. Komposterbar: Den Svenska disktrasan som uppfanns redan 1949 av <em>ingenj\u00f6r<\/em> Curt Lindqvist i Norrk\u00f6ping har v\u00e4rldsunika egenskaper. Ingenj\u00f6r Lindqvist fick senare IVA&#8217;s stora pris, bl a f\u00f6r sin unika disktrasa som kan absorbera 15 ggr sin egen vikt.<\/p>\n<p>Bl\u00f6t den, vrid ur, anv\u00e4nd, sk\u00f6lj, vrid ur och l\u00e5t torka luftigt. Disktrasan absorberar upp till 15 ggr sin egen vikt och kan torka av en yta s\u00e5 den blir s\u00e5 gott som torr &#8211; vrid ur trasan extra h\u00e5rt och l\u00e4gg ut den sl\u00e4tt och svep \u00f6ver ytan.\u00a0 Anv\u00e4nd din disktrasa dag efter dag i m\u00e5nader. N\u00e4r du vill fr\u00e4scha upp den s\u00e5 g\u00e5r det j\u00e4ttebra att tv\u00e4tta den i diskmaskinen eller tv\u00e4ttmaskinen, upp till 90\u00b0. Den kan ocks\u00e5 l\u00e4ggas i kokande vatten n\u00e5gon minut. N\u00e4r det till slut \u00e4r dags att ta farv\u00e4l till disktrasan &#8211;\u00a0 l\u00e4gg den p\u00e5 komposten \/ i kompostk\u00e4rlet!<\/p>\n<p>Den svenska disktrasan \u00e4r tillverkad av 70% cellulosa (fr\u00e5n FCS certifierad skog) och 30 % rest-bomull (de bomullsfibrer som \u00e4r f\u00f6r korta och tufsiga f\u00f6r att passa f\u00f6r annan textil-tillverkning).<\/p>\n<p>En Svensk produkt.\u00a0 \u00a0\u00a9 Katarina Hamilton<\/p>\n<p>&nbsp;<\/p>","protected":false},"excerpt":{"rendered":"<p>Traktorn BM 230 Victor \u00e4r en legendarisk svensk traktor som lanserades 1955 av Bolinder Munktell och tillverkades fram till 1961. F\u00f6rsedd med en hydraulisk lyft och Bolinders sinnrika 2-cylindriga 1052 motor var Victorn osedvanligt smart, stark och br\u00e4nslesn\u00e5l, f\u00f6r en hel timmes g\u00e5ng f\u00f6rbrukade den bara ca 2,5-3 liter diesel. Victorn p\u00e5 detta kort \u00e4r fr\u00e5n 1956.<\/p>\n<p>\u00a9 Katarina Hamilton<\/p>\n","protected":false},"featured_media":143504,"comment_status":"open","ping_status":"closed","template":"","meta":{"_monsterinsights_skip_tracking":false,"_monsterinsights_sitenote_active":false,"_monsterinsights_sitenote_note":"","_monsterinsights_sitenote_category":0},"product_brand":[],"product_cat":[617,619],"product_tag":[1145,879,857,649],"class_list":{"0":"post-1668","1":"product","2":"type-product","3":"status-publish","4":"has-post-thumbnail","6":"price_cat-disktrasa-a","7":"product_cat-swedish-dishcloths","8":"product_cat-kitchen_and_table","9":"product_tag-vehicles","10":"product_tag-green","11":"product_tag-farming","12":"product_tag-swedish-industry","14":"first","15":"instock","16":"taxable","17":"shipping-taxable","18":"purchasable","19":"product-type-simple"},"_links":{"self":[{"href":"https:\/\/katarinahamilton.se\/sv\/wp-json\/wp\/v2\/product\/1668","targetHints":{"allow":["GET"]}}],"collection":[{"href":"https:\/\/katarinahamilton.se\/sv\/wp-json\/wp\/v2\/product"}],"about":[{"href":"https:\/\/katarinahamilton.se\/sv\/wp-json\/wp\/v2\/types\/product"}],"replies":[{"embeddable":true,"href":"https:\/\/katarinahamilton.se\/sv\/wp-json\/wp\/v2\/comments?post=1668"}],"wp:featuredmedia":[{"embeddable":true,"href":"https:\/\/katarinahamilton.se\/sv\/wp-json\/wp\/v2\/media\/143504"}],"wp:attachment":[{"href":"https:\/\/katarinahamilton.se\/sv\/wp-json\/wp\/v2\/media?parent=1668"}],"wp:term":[{"taxonomy":"product_brand","embeddable":true,"href":"https:\/\/katarinahamilton.se\/sv\/wp-json\/wp\/v2\/product_brand?post=1668"},{"taxonomy":"product_cat","embeddable":true,"href":"https:\/\/katarinahamilton.se\/sv\/wp-json\/wp\/v2\/product_cat?post=1668"},{"taxonomy":"product_tag","embeddable":true,"href":"https:\/\/katarinahamilton.se\/sv\/wp-json\/wp\/v2\/product_tag?post=1668"}],"curies":[{"name":"wp","href":"https:\/\/api.w.org\/{rel}","templated":true}]}}