{"id":128155,"date":"2021-05-18T18:57:32","date_gmt":"2021-05-18T16:57:32","guid":{"rendered":"http:\/\/katarinahamilton.se\/?post_type=product&#038;p=128155"},"modified":"2023-10-16T06:05:08","modified_gmt":"2023-10-16T04:05:08","slug":"svenskt-handtryck-bordslopare-julvisor","status":"publish","type":"product","link":"https:\/\/katarinahamilton.se\/sv\/produkt\/svenskt-handtryck-bordslopare-julvisor\/","title":{"rendered":"Svenskt handtryck: bordsl\u00f6pare &#8220;JULVISOR&#8221;"},"content":{"rendered":"","protected":false},"excerpt":{"rendered":"<p>En bordsl\u00f6pare med finst\u00e4md klassisk julk\u00e4nsla. Ett vidstr\u00e4ckt sceneri med figurer ur n\u00e5gra av v\u00e5ra mest omtyckta juls\u00e5nger. L\u00f6paren \u00e4r sydd i byn Oviken p\u00e5 v\u00e4stra sidan av Storsj\u00f6n i J\u00e4mtland av tyget som tryckts f\u00f6r hand i byn N\u00e4lden, n\u00e4ra nord-\u00f6stra kanten av Storsj\u00f6n.<\/p>\n<p>M\u00e5tten \u00e4r 120&#215;40 cm. 100 % bomull. G\u00e5r bra att tv\u00e4tta i maskin 60\u00b0 n\u00e5gon g\u00e5ng ibland men helst 40\u00b0 om den ska tv\u00e4ttas ofta.<\/p>\n<p>Tyget klipps till fr\u00e5n metervara och m\u00f6nstret hamnar d\u00e4rf\u00f6r olika och ger varje handduk ett eget unikt utseende.<\/p>\n<p>Visor som dyker upp i m\u00f6nstret: En Sockerbagare H\u00e4r Bor i Staden, Gl\u00e4ns \u00d6ver Sj\u00f6 Och Strand, Staffan Stalledr\u00e4ng, Stilla Natt, Det str\u00e5lar En Stj\u00e4rna, Det \u00e4r en Ros Utsprungen, Helga Kungar Tre, R\u00e4ven Raskar \u00d6ver Isen, Ja Se Det Sn\u00f6ar, Vi \u00e4ro Musikanter Alltifr\u00e5n Skaraborg, Vi komma, vi komma fr\u00e5n pepparkakeland<\/p>\n<p>M\u00f6nstret ritades och komponerades den varma sommaren 2014 n\u00e4r jag bodde i \u00d6stersund i J\u00e4mtland. \/Katarina H<\/p>\n<p>&nbsp;<\/p>\n","protected":false},"featured_media":128237,"comment_status":"open","ping_status":"closed","template":"","meta":{"_monsterinsights_skip_tracking":false,"_monsterinsights_sitenote_active":false,"_monsterinsights_sitenote_note":"","_monsterinsights_sitenote_category":0},"product_brand":[],"product_cat":[611,885,619,522,21],"product_tag":[624,869,888,725,157,910,710,917,475],"class_list":{"0":"post-128155","1":"product","2":"type-product","3":"status-publish","4":"has-post-thumbnail","6":"price_cat-lopare-120x40","7":"product_cat-interior_accessories","8":"product_cat-christmas","9":"product_cat-kitchen_and_table","10":"product_cat-fells","11":"product_cat-textil","12":"product_tag-flowers","13":"product_tag-animals","14":"product_tag-the-fells","15":"product_tag-horses","16":"product_tag-christmas","17":"product_tag-music","18":"product_tag-snow","19":"product_tag-stjarnor","20":"product_tag-winter","22":"first","23":"outofstock","24":"taxable","25":"shipping-taxable","26":"purchasable","27":"product-type-simple"},"_links":{"self":[{"href":"https:\/\/katarinahamilton.se\/sv\/wp-json\/wp\/v2\/product\/128155","targetHints":{"allow":["GET"]}}],"collection":[{"href":"https:\/\/katarinahamilton.se\/sv\/wp-json\/wp\/v2\/product"}],"about":[{"href":"https:\/\/katarinahamilton.se\/sv\/wp-json\/wp\/v2\/types\/product"}],"replies":[{"embeddable":true,"href":"https:\/\/katarinahamilton.se\/sv\/wp-json\/wp\/v2\/comments?post=128155"}],"wp:featuredmedia":[{"embeddable":true,"href":"https:\/\/katarinahamilton.se\/sv\/wp-json\/wp\/v2\/media\/128237"}],"wp:attachment":[{"href":"https:\/\/katarinahamilton.se\/sv\/wp-json\/wp\/v2\/media?parent=128155"}],"wp:term":[{"taxonomy":"product_brand","embeddable":true,"href":"https:\/\/katarinahamilton.se\/sv\/wp-json\/wp\/v2\/product_brand?post=128155"},{"taxonomy":"product_cat","embeddable":true,"href":"https:\/\/katarinahamilton.se\/sv\/wp-json\/wp\/v2\/product_cat?post=128155"},{"taxonomy":"product_tag","embeddable":true,"href":"https:\/\/katarinahamilton.se\/sv\/wp-json\/wp\/v2\/product_tag?post=128155"}],"curies":[{"name":"wp","href":"https:\/\/api.w.org\/{rel}","templated":true}]}}