{"id":1279,"date":"2020-01-27T11:32:29","date_gmt":"2020-01-27T10:32:29","guid":{"rendered":"https:\/\/server03.blackpixel.se\/~hamilton\/?post_type=product&#038;p=1279"},"modified":"2026-03-03T14:21:34","modified_gmt":"2026-03-03T13:21:34","slug":"tramedaljong-tag-nyckelbricka-olga-tokarczuk-nobelpriset-i-litteratur-2018","status":"publish","type":"product","link":"https:\/\/katarinahamilton.se\/sv\/produkt\/tramedaljong-tag-nyckelbricka-olga-tokarczuk-nobelpriset-i-litteratur-2018\/","title":{"rendered":"Tr\u00e4medaljong\/tag\/h\u00e4nge: &#8220;Olga Tokarczuk \u2013 Nobelpriset i Litteratur 2018&#8243;"},"content":{"rendered":"","protected":false},"excerpt":{"rendered":"<p>En liten gr\u00f6n &#8220;\u00f6gonsten&#8221; &#8211; ett h\u00e4nge, en nyckelring, en tr\u00e4medaljong &#8211; med Olga Tokarczuk som erh\u00f6ll Nobelpriset i Litteratur 2018 (delades ut i Stockholm i december 2019). Ett h\u00e4rligt s\u00e4llskap att ha med sig vartsomhelst. P\u00e5 den gr\u00f6na framsidan str\u00e5lar hon mot v\u00e4rlden med sin karakt\u00e4ristiska positiva n\u00e4rvaro, p\u00e5 h\u00e4ngets andra sida syns ett urval av hennes mest \u00e4lskade b\u00f6cker.<\/p>\n<p>Anv\u00e4nd medaljongen i knapph\u00e5let eller blixtl\u00e5set i s\u00f6ndagspromenadjackan, p\u00e5 handtaget p\u00e5 v\u00e5r handtryckta tygkasse med de anndra Kvinnliga Nobelprisf\u00f6rfattarinnorna eller kanske p\u00e5 nyckeln till den egna skrivar-stugan.  <\/p>\n<p>Olga Tokarzcuk \u00e4r polsk f\u00f6rfattare f\u00f6dd den 29 januari 1962 i Sulech\u00f3w, Polen.<\/p>\n<p>H\u00e4nget \u00e4r tillverkat av bj\u00f6rktr\u00e4 i Sverige fr\u00e5n FSC-m\u00e4rkt skog.<br \/>\n\u00a9 Katarina Hamilton<\/p>\n","protected":false},"featured_media":777,"comment_status":"open","ping_status":"closed","template":"","meta":{"_monsterinsights_skip_tracking":false,"_monsterinsights_sitenote_active":false,"_monsterinsights_sitenote_note":"","_monsterinsights_sitenote_category":0},"product_brand":[],"product_cat":[631],"product_tag":[613,879,615,84,93],"class_list":{"0":"post-1279","1":"product","2":"type-product","3":"status-publish","4":"has-post-thumbnail","6":"product_cat-accessories","7":"product_tag-authors","8":"product_tag-green","9":"product_tag-women","10":"product_tag-literature","11":"product_tag-nobelprize","13":"first","14":"instock","15":"taxable","16":"shipping-taxable","17":"purchasable","18":"product-type-simple"},"_links":{"self":[{"href":"https:\/\/katarinahamilton.se\/sv\/wp-json\/wp\/v2\/product\/1279","targetHints":{"allow":["GET"]}}],"collection":[{"href":"https:\/\/katarinahamilton.se\/sv\/wp-json\/wp\/v2\/product"}],"about":[{"href":"https:\/\/katarinahamilton.se\/sv\/wp-json\/wp\/v2\/types\/product"}],"replies":[{"embeddable":true,"href":"https:\/\/katarinahamilton.se\/sv\/wp-json\/wp\/v2\/comments?post=1279"}],"wp:featuredmedia":[{"embeddable":true,"href":"https:\/\/katarinahamilton.se\/sv\/wp-json\/wp\/v2\/media\/777"}],"wp:attachment":[{"href":"https:\/\/katarinahamilton.se\/sv\/wp-json\/wp\/v2\/media?parent=1279"}],"wp:term":[{"taxonomy":"product_brand","embeddable":true,"href":"https:\/\/katarinahamilton.se\/sv\/wp-json\/wp\/v2\/product_brand?post=1279"},{"taxonomy":"product_cat","embeddable":true,"href":"https:\/\/katarinahamilton.se\/sv\/wp-json\/wp\/v2\/product_cat?post=1279"},{"taxonomy":"product_tag","embeddable":true,"href":"https:\/\/katarinahamilton.se\/sv\/wp-json\/wp\/v2\/product_tag?post=1279"}],"curies":[{"name":"wp","href":"https:\/\/api.w.org\/{rel}","templated":true}]}}