{"id":121515,"date":"2021-05-11T15:06:28","date_gmt":"2021-05-11T13:06:28","guid":{"rendered":"http:\/\/katarinahamilton.se\/?post_type=product&#038;p=121515"},"modified":"2026-04-06T17:44:52","modified_gmt":"2026-04-06T15:44:52","slug":"bricka-svenska-veteranmopeder-32x15cm","status":"publish","type":"product","link":"https:\/\/katarinahamilton.se\/sv\/produkt\/bricka-svenska-veteranmopeder-32x15cm\/","title":{"rendered":"bricka: &#8220;Svenska Veteranmopeder&#8221; 32x15cm"},"content":{"rendered":"","protected":false},"excerpt":{"rendered":"<p>En liten beh\u00e4ndig bricka f\u00f6r sm\u00e5tt och plock. Och perfekt f\u00f6r den d\u00e4r klassiska efter-m\u00e5nga-mil-i-30km ljuvliga koppen med varm choklad.<\/p>\n<p>Designade med snits, elegans och en stor portion charm &#8211; Svensktillverkade moppar fr\u00e5n 50-, 60- och 70-talet. Tillverkade av Creschent, Monark och Husqvarna. P\u00e5 baksidan finns lite fakta med om var och en av dem.<\/p>\n","protected":false},"featured_media":157775,"comment_status":"open","ping_status":"closed","template":"","meta":{"_monsterinsights_skip_tracking":false,"_monsterinsights_sitenote_active":false,"_monsterinsights_sitenote_note":"","_monsterinsights_sitenote_category":0},"product_brand":[],"product_cat":[633,611,619],"product_tag":[909,1145,879,847,626,471,649],"class_list":{"0":"post-121515","1":"product","2":"type-product","3":"status-publish","4":"has-post-thumbnail","6":"price_cat-bricka-32x15","7":"product_cat-trays","8":"product_cat-interior_accessories","9":"product_cat-kitchen_and_table","10":"product_tag-blue","11":"product_tag-vehicles","12":"product_tag-green","13":"product_tag-light-blue","14":"product_tag-red","15":"product_tag-sports","16":"product_tag-swedish-industry","18":"first","19":"instock","20":"taxable","21":"shipping-taxable","22":"purchasable","23":"product-type-simple"},"_links":{"self":[{"href":"https:\/\/katarinahamilton.se\/sv\/wp-json\/wp\/v2\/product\/121515","targetHints":{"allow":["GET"]}}],"collection":[{"href":"https:\/\/katarinahamilton.se\/sv\/wp-json\/wp\/v2\/product"}],"about":[{"href":"https:\/\/katarinahamilton.se\/sv\/wp-json\/wp\/v2\/types\/product"}],"replies":[{"embeddable":true,"href":"https:\/\/katarinahamilton.se\/sv\/wp-json\/wp\/v2\/comments?post=121515"}],"wp:featuredmedia":[{"embeddable":true,"href":"https:\/\/katarinahamilton.se\/sv\/wp-json\/wp\/v2\/media\/157775"}],"wp:attachment":[{"href":"https:\/\/katarinahamilton.se\/sv\/wp-json\/wp\/v2\/media?parent=121515"}],"wp:term":[{"taxonomy":"product_brand","embeddable":true,"href":"https:\/\/katarinahamilton.se\/sv\/wp-json\/wp\/v2\/product_brand?post=121515"},{"taxonomy":"product_cat","embeddable":true,"href":"https:\/\/katarinahamilton.se\/sv\/wp-json\/wp\/v2\/product_cat?post=121515"},{"taxonomy":"product_tag","embeddable":true,"href":"https:\/\/katarinahamilton.se\/sv\/wp-json\/wp\/v2\/product_tag?post=121515"}],"curies":[{"name":"wp","href":"https:\/\/api.w.org\/{rel}","templated":true}]}}